{"id":987767,"date":"2025-11-17T13:57:54","date_gmt":"2025-11-17T13:57:54","guid":{"rendered":"https:\/\/rsc.valfisite.com\/?page_id=987767"},"modified":"2026-01-05T12:44:55","modified_gmt":"2026-01-05T12:44:55","slug":"ruka-ski-chalet-215m2","status":"publish","type":"page","link":"https:\/\/rukaskichalets.fi\/de\/wohnungen\/ruka-ski-chalet-215m2\/","title":{"rendered":"Ruka Skih\u00fctte 21,5 m\u00b2"},"content":{"rendered":"<div data-elementor-type=\"wp-page\" data-elementor-id=\"987767\" class=\"elementor elementor-987767\" data-elementor-post-type=\"page\">\n\t\t\t\t<div class=\"elementor-element elementor-element-27e9b00 e-con-full e-flex e-con e-child\" data-id=\"27e9b00\" data-element_type=\"container\">\n\t\t<div class=\"elementor-element elementor-element-1827448d e-con-full e-flex e-con e-child\" data-id=\"1827448d\" data-element_type=\"container\">\n\t\t\t\t<div class=\"elementor-element elementor-element-84fb6c4 elementor-widget elementor-widget-text-editor\" data-id=\"84fb6c4\" data-element_type=\"widget\" data-widget_type=\"text-editor.default\">\n\t\t\t\t<div class=\"elementor-widget-container\">\n\t\t\t\t\t\t\t\t\t<p class=\"p1\">Dieses zeitlos eingerichtete und durchdacht gestaltete Apartment ist ideal f\u00fcr Paare oder Alleinreisende. Genie\u00dfen Sie den malerischen Blick auf das Dorf Ruka und die Skipisten direkt vor Ihrem Fenster.&nbsp;<\/p>\t\t\t\t\t\t\t\t<\/div>\n\t\t\t\t<\/div>\n\t\t\t\t<div class=\"elementor-element elementor-element-3e946869 elementor-widget elementor-widget-text-editor\" data-id=\"3e946869\" data-element_type=\"widget\" data-widget_type=\"text-editor.default\">\n\t\t\t\t<div class=\"elementor-widget-container\">\n\t\t\t\t\t\t\t\t\t<p class=\"p1\">Jedes Apartment der Ruka Ski Chalets bietet einen komfortablen Aufenthalt im Herzen von Ruka, Finnland, und verbindet authentische nordische Handwerkskunst mit modernem skandinavischem Design. Die Apartments verf\u00fcgen \u00fcber gro\u00dfe Fenster mit Blick auf die umliegenden Berge und Skipisten, die den Raum mit nat\u00fcrlichem Licht f\u00fcllen. Nat\u00fcrliche Materialien, warme Texturen und sorgf\u00e4ltig ausgew\u00e4hlte Details schaffen eine gem\u00fctliche und entspannende Atmosph\u00e4re nach einem Tag beim Skifahren oder bei Outdoor-Aktivit\u00e4ten. Genie\u00dfen Sie eine ruhige Unterkunft in der N\u00e4he von Ruka Village, wo moderner Komfort auf zeitlosen nordischen Charme in Lappland trifft.<\/p>\t\t\t\t\t\t\t\t<\/div>\n\t\t\t\t<\/div>\n\t\t\t\t<div class=\"elementor-element elementor-element-5c35ece1 elementor-widget-divider--view-line elementor-widget elementor-widget-divider\" data-id=\"5c35ece1\" data-element_type=\"widget\" data-widget_type=\"divider.default\">\n\t\t\t\t<div class=\"elementor-widget-container\">\n\t\t\t\t\t\t\t<div class=\"elementor-divider\">\n\t\t\t<span class=\"elementor-divider-separator\">\n\t\t\t\t\t\t<\/span>\n\t\t<\/div>\n\t\t\t\t\t\t<\/div>\n\t\t\t\t<\/div>\n\t\t\t\t<div class=\"elementor-element elementor-element-4ce42582 elementor-widget elementor-widget-heading\" data-id=\"4ce42582\" data-element_type=\"widget\" data-widget_type=\"heading.default\">\n\t\t\t\t<div class=\"elementor-widget-container\">\n\t\t\t\t\t<h5 class=\"elementor-heading-title elementor-size-default\">Alle Wohnungen sind ausgestattet:<\/h5>\t\t\t\t<\/div>\n\t\t\t\t<\/div>\n\t\t<div class=\"elementor-element elementor-element-24c29404 e-con-full e-flex e-con e-child\" data-id=\"24c29404\" data-element_type=\"container\">\n\t\t\t\t<div class=\"elementor-element elementor-element-92d49ed elementor-widget__width-initial elementor-widget-mobile__width-inherit elementor-list-item-link-full_width elementor-widget elementor-widget-icon-list\" data-id=\"92d49ed\" data-element_type=\"widget\" data-widget_type=\"icon-list.default\">\n\t\t\t\t<div class=\"elementor-widget-container\">\n\t\t\t\t\t\t\t<ul class=\"elementor-icon-list-items\">\n\t\t\t\t\t\t\t<li class=\"elementor-icon-list-item\">\n\t\t\t\t\t\t\t\t\t\t\t<span class=\"elementor-icon-list-icon\">\n\t\t\t\t\t\t\t<i aria-hidden=\"true\" class=\"far fa-heart\"><\/i>\t\t\t\t\t\t<\/span>\n\t\t\t\t\t\t\t\t\t\t<span class=\"elementor-icon-list-text\">Vollst\u00e4ndig ausgestattete K\u00fcche<\/span>\n\t\t\t\t\t\t\t\t\t<\/li>\n\t\t\t\t\t\t\t\t<li class=\"elementor-icon-list-item\">\n\t\t\t\t\t\t\t\t\t\t\t<span class=\"elementor-icon-list-icon\">\n\t\t\t\t\t\t\t<i aria-hidden=\"true\" class=\"fas fa-th-large\"><\/i>\t\t\t\t\t\t<\/span>\n\t\t\t\t\t\t\t\t\t\t<span class=\"elementor-icon-list-text\">Gro\u00dfz\u00fcgige Raumaufteilung<\/span>\n\t\t\t\t\t\t\t\t\t<\/li>\n\t\t\t\t\t\t\t\t<li class=\"elementor-icon-list-item\">\n\t\t\t\t\t\t\t\t\t\t\t<span class=\"elementor-icon-list-icon\">\n\t\t\t\t\t\t\t<i aria-hidden=\"true\" class=\"far fa-sun\"><\/i>\t\t\t\t\t\t<\/span>\n\t\t\t\t\t\t\t\t\t\t<span class=\"elementor-icon-list-text\">Balkon<\/span>\n\t\t\t\t\t\t\t\t\t<\/li>\n\t\t\t\t\t\t<\/ul>\n\t\t\t\t\t\t<\/div>\n\t\t\t\t<\/div>\n\t\t\t\t<div class=\"elementor-element elementor-element-46f9c974 elementor-widget__width-initial elementor-widget-mobile__width-inherit elementor-list-item-link-full_width elementor-widget elementor-widget-icon-list\" data-id=\"46f9c974\" data-element_type=\"widget\" data-widget_type=\"icon-list.default\">\n\t\t\t\t<div class=\"elementor-widget-container\">\n\t\t\t\t\t\t\t<ul class=\"elementor-icon-list-items\">\n\t\t\t\t\t\t\t<li class=\"elementor-icon-list-item\">\n\t\t\t\t\t\t\t\t\t\t\t<span class=\"elementor-icon-list-icon\">\n\t\t\t\t\t\t\t<i aria-hidden=\"true\" class=\"fas fa-theater-masks\"><\/i>\t\t\t\t\t\t<\/span>\n\t\t\t\t\t\t\t\t\t\t<span class=\"elementor-icon-list-text\">Modernes Unterhaltungssystem<\/span>\n\t\t\t\t\t\t\t\t\t<\/li>\n\t\t\t\t\t\t\t\t<li class=\"elementor-icon-list-item\">\n\t\t\t\t\t\t\t\t\t\t\t<span class=\"elementor-icon-list-icon\">\n\t\t\t\t\t\t\t<i aria-hidden=\"true\" class=\"fas fa-wifi\"><\/i>\t\t\t\t\t\t<\/span>\n\t\t\t\t\t\t\t\t\t\t<span class=\"elementor-icon-list-text\">Wifi<\/span>\n\t\t\t\t\t\t\t\t\t<\/li>\n\t\t\t\t\t\t<\/ul>\n\t\t\t\t\t\t<\/div>\n\t\t\t\t<\/div>\n\t\t\t\t<\/div>\n\t\t\t\t<div class=\"elementor-element elementor-element-55153533 elementor-widget elementor-widget-text-editor\" data-id=\"55153533\" data-element_type=\"widget\" data-widget_type=\"text-editor.default\">\n\t\t\t\t<div class=\"elementor-widget-container\">\n\t\t\t\t\t\t\t\t\t<p class=\"p1\">Entdecken Sie unsere Full-Service-Apartments im Herzen von Ruka Fell, die f\u00fcr Komfort, Leichtigkeit und ein erstklassiges Urlaubserlebnis konzipiert sind. Jedes Apartment verf\u00fcgt \u00fcber eine voll ausgestattete K\u00fcche, eine gro\u00dfz\u00fcgige Raumaufteilung, moderne Unterhaltungssysteme, Wi-Fi und einen eigenen Balkon. Bei allen Aufenthalten sind Bettw\u00e4sche, Endreinigung und praktischer Stauraum f\u00fcr die Skiausr\u00fcstung inbegriffen - alles, was Sie f\u00fcr einen entspannten und m\u00fchelosen Aufenthalt in Ruka ben\u00f6tigen.<\/p>\t\t\t\t\t\t\t\t<\/div>\n\t\t\t\t<\/div>\n\t\t\t\t<\/div>\n\t\t<div class=\"elementor-element elementor-element-42f9e46 e-con-full e-flex e-con e-child\" data-id=\"42f9e46\" data-element_type=\"container\">\n\t\t\t\t<div class=\"elementor-element elementor-element-5fc38e5 elementor-arrows-position-inside elementor-pagination-position-outside elementor-widget elementor-widget-image-carousel\" data-id=\"5fc38e5\" data-element_type=\"widget\" data-settings=\"{&quot;slides_to_show&quot;:&quot;1&quot;,&quot;navigation&quot;:&quot;both&quot;,&quot;autoplay&quot;:&quot;yes&quot;,&quot;pause_on_hover&quot;:&quot;yes&quot;,&quot;pause_on_interaction&quot;:&quot;yes&quot;,&quot;autoplay_speed&quot;:5000,&quot;infinite&quot;:&quot;yes&quot;,&quot;effect&quot;:&quot;slide&quot;,&quot;speed&quot;:500}\" data-widget_type=\"image-carousel.default\">\n\t\t\t\t<div class=\"elementor-widget-container\">\n\t\t\t\t\t\t\t<div class=\"elementor-image-carousel-wrapper swiper\" role=\"region\" aria-roledescription=\"carousel\" aria-label=\"Bild-Karussell\" dir=\"ltr\">\n\t\t\t<div class=\"elementor-image-carousel swiper-wrapper swiper-image-stretch\" aria-live=\"off\">\n\t\t\t\t\t\t\t\t<div class=\"swiper-slide\" role=\"group\" aria-roledescription=\"slide\" aria-label=\"1 von 6\"><figure class=\"swiper-slide-inner\"><img decoding=\"async\" class=\"swiper-slide-image\" src=\"https:\/\/rukaskichalets.fi\/wp-content\/uploads\/2025\/12\/RSC-2506-21-5m2-edit-3.jpg\" alt=\"RSC-2506-21-5m2-edit-3\" \/><\/figure><\/div><div class=\"swiper-slide\" role=\"group\" aria-roledescription=\"slide\" aria-label=\"2 von 6\"><figure class=\"swiper-slide-inner\"><img decoding=\"async\" class=\"swiper-slide-image\" src=\"https:\/\/rukaskichalets.fi\/wp-content\/uploads\/2025\/12\/RSC-2506-21-5m2-edit-2.jpg\" alt=\"RSC-2506-21-5m2-edit-2\" \/><\/figure><\/div><div class=\"swiper-slide\" role=\"group\" aria-roledescription=\"slide\" aria-label=\"3 von 6\"><figure class=\"swiper-slide-inner\"><img decoding=\"async\" class=\"swiper-slide-image\" src=\"https:\/\/rukaskichalets.fi\/wp-content\/uploads\/2025\/12\/RSC-2506-21-5m2-edit-4.jpg\" alt=\"RSC-2506-21-5m2-edit-4\" \/><\/figure><\/div><div class=\"swiper-slide\" role=\"group\" aria-roledescription=\"slide\" aria-label=\"4 von 6\"><figure class=\"swiper-slide-inner\"><img decoding=\"async\" class=\"swiper-slide-image\" src=\"https:\/\/rukaskichalets.fi\/wp-content\/uploads\/2025\/12\/RSC-2506-21-5m2-edit.jpg\" alt=\"RSC-2506-21-5m2-\u00c4nderung\" \/><\/figure><\/div><div class=\"swiper-slide\" role=\"group\" aria-roledescription=\"slide\" aria-label=\"5 von 6\"><figure class=\"swiper-slide-inner\"><img decoding=\"async\" class=\"swiper-slide-image\" src=\"https:\/\/rukaskichalets.fi\/wp-content\/uploads\/2025\/12\/RSC-2506-21-5m2-edit-6.jpg\" alt=\"RSC-2506-21-5m2-edit-6\" \/><\/figure><\/div><div class=\"swiper-slide\" role=\"group\" aria-roledescription=\"slide\" aria-label=\"6 von 6\"><figure class=\"swiper-slide-inner\"><img decoding=\"async\" class=\"swiper-slide-image\" src=\"https:\/\/rukaskichalets.fi\/wp-content\/uploads\/2025\/12\/Ruka-Chalets-huoneisto-14-scaled.jpg\" alt=\"Ruka Chalets-huoneisto (14)\" \/><\/figure><\/div>\t\t\t<\/div>\n\t\t\t\t\t\t\t\t\t\t\t\t<div class=\"elementor-swiper-button elementor-swiper-button-prev\" role=\"button\" tabindex=\"0\">\n\t\t\t\t\t\t<i aria-hidden=\"true\" class=\"eicon-chevron-left\"><\/i>\t\t\t\t\t<\/div>\n\t\t\t\t\t<div class=\"elementor-swiper-button elementor-swiper-button-next\" role=\"button\" tabindex=\"0\">\n\t\t\t\t\t\t<i aria-hidden=\"true\" class=\"eicon-chevron-right\"><\/i>\t\t\t\t\t<\/div>\n\t\t\t\t\n\t\t\t\t\t\t\t\t\t<div class=\"swiper-pagination\"><\/div>\n\t\t\t\t\t\t\t\t\t<\/div>\n\t\t\t\t\t\t<\/div>\n\t\t\t\t<\/div>\n\t\t\t\t<\/div>\n\t\t\t\t<\/div>\n\t\t\t\t<\/div>","protected":false},"excerpt":{"rendered":"<p>F\u00fcr 2 G\u00e4ste<\/p>","protected":false},"author":1,"featured_media":988776,"parent":29,"menu_order":0,"comment_status":"closed","ping_status":"closed","template":"","meta":{"_acf_changed":false,"footnotes":""},"class_list":["post-987767","page","type-page","status-publish","has-post-thumbnail","hentry"],"acf":[],"yoast_head":"<!-- This site is optimized with the Yoast SEO plugin v26.8 - https:\/\/yoast.com\/product\/yoast-seo-wordpress\/ -->\n<title>Ruka Ski Chalet 21,5 m\u00b2 - Ruka Ski Chalets<\/title>\n<meta name=\"robots\" content=\"index, follow, max-snippet:-1, max-image-preview:large, max-video-preview:-1\" \/>\n<link rel=\"canonical\" href=\"https:\/\/rukaskichalets.fi\/de\/wohnungen\/ruka-ski-chalet-215m2\/\" \/>\n<meta property=\"og:locale\" content=\"de_DE\" \/>\n<meta property=\"og:type\" content=\"article\" \/>\n<meta property=\"og:title\" content=\"Ruka Ski Chalet 21,5 m\u00b2 - Ruka Ski Chalets\" \/>\n<meta property=\"og:description\" content=\"For 2 guests\" \/>\n<meta property=\"og:url\" content=\"https:\/\/rukaskichalets.fi\/de\/wohnungen\/ruka-ski-chalet-215m2\/\" \/>\n<meta property=\"og:site_name\" content=\"Ruka Ski Chalets\" \/>\n<meta property=\"article:publisher\" content=\"https:\/\/www.facebook.com\/RukaSkiChalets\" \/>\n<meta property=\"article:modified_time\" content=\"2026-01-05T12:44:55+00:00\" \/>\n<meta property=\"og:image\" content=\"https:\/\/rukaskichalets.fi\/wp-content\/uploads\/2025\/12\/RSC-2506-21-5m2-edit-4.jpg\" \/>\n\t<meta property=\"og:image:width\" content=\"2405\" \/>\n\t<meta property=\"og:image:height\" content=\"1600\" \/>\n\t<meta property=\"og:image:type\" content=\"image\/jpeg\" \/>\n<meta name=\"twitter:card\" content=\"summary_large_image\" \/>\n<meta name=\"twitter:label1\" content=\"Gesch\u00e4tzte Lesezeit\" \/>\n\t<meta name=\"twitter:data1\" content=\"1\u00a0Minute\" \/>\n<script type=\"application\/ld+json\" class=\"yoast-schema-graph\">{\"@context\":\"https:\/\/schema.org\",\"@graph\":[{\"@type\":\"WebPage\",\"@id\":\"https:\/\/rukaskichalets.fi\/apartments\/ruka-ski-chalet-215m2\/\",\"url\":\"https:\/\/rukaskichalets.fi\/apartments\/ruka-ski-chalet-215m2\/\",\"name\":\"Ruka Ski Chalet 21,5 m\u00b2 - Ruka Ski Chalets\",\"isPartOf\":{\"@id\":\"https:\/\/rukaskichalets.fi\/#website\"},\"primaryImageOfPage\":{\"@id\":\"https:\/\/rukaskichalets.fi\/apartments\/ruka-ski-chalet-215m2\/#primaryimage\"},\"image\":{\"@id\":\"https:\/\/rukaskichalets.fi\/apartments\/ruka-ski-chalet-215m2\/#primaryimage\"},\"thumbnailUrl\":\"https:\/\/rukaskichalets.fi\/wp-content\/uploads\/2025\/12\/RSC-2506-21-5m2-edit-4.jpg\",\"datePublished\":\"2025-11-17T13:57:54+00:00\",\"dateModified\":\"2026-01-05T12:44:55+00:00\",\"breadcrumb\":{\"@id\":\"https:\/\/rukaskichalets.fi\/apartments\/ruka-ski-chalet-215m2\/#breadcrumb\"},\"inLanguage\":\"de\",\"potentialAction\":[{\"@type\":\"ReadAction\",\"target\":[\"https:\/\/rukaskichalets.fi\/apartments\/ruka-ski-chalet-215m2\/\"]}]},{\"@type\":\"ImageObject\",\"inLanguage\":\"de\",\"@id\":\"https:\/\/rukaskichalets.fi\/apartments\/ruka-ski-chalet-215m2\/#primaryimage\",\"url\":\"https:\/\/rukaskichalets.fi\/wp-content\/uploads\/2025\/12\/RSC-2506-21-5m2-edit-4.jpg\",\"contentUrl\":\"https:\/\/rukaskichalets.fi\/wp-content\/uploads\/2025\/12\/RSC-2506-21-5m2-edit-4.jpg\",\"width\":2405,\"height\":1600},{\"@type\":\"BreadcrumbList\",\"@id\":\"https:\/\/rukaskichalets.fi\/apartments\/ruka-ski-chalet-215m2\/#breadcrumb\",\"itemListElement\":[{\"@type\":\"ListItem\",\"position\":1,\"name\":\"Home\",\"item\":\"https:\/\/rukaskichalets.fi\/\"},{\"@type\":\"ListItem\",\"position\":2,\"name\":\"Apartments\",\"item\":\"https:\/\/rukaskichalets.fi\/apartments\/\"},{\"@type\":\"ListItem\",\"position\":3,\"name\":\"Ruka Ski Chalet 21,5 m\u00b2\"}]},{\"@type\":\"WebSite\",\"@id\":\"https:\/\/rukaskichalets.fi\/#website\",\"url\":\"https:\/\/rukaskichalets.fi\/\",\"name\":\"Ruka Ski Chalets\",\"description\":\"\",\"publisher\":{\"@id\":\"https:\/\/rukaskichalets.fi\/#organization\"},\"potentialAction\":[{\"@type\":\"SearchAction\",\"target\":{\"@type\":\"EntryPoint\",\"urlTemplate\":\"https:\/\/rukaskichalets.fi\/?s={search_term_string}\"},\"query-input\":{\"@type\":\"PropertyValueSpecification\",\"valueRequired\":true,\"valueName\":\"search_term_string\"}}],\"inLanguage\":\"de\"},{\"@type\":\"Organization\",\"@id\":\"https:\/\/rukaskichalets.fi\/#organization\",\"name\":\"Ruka Ski Chalets\",\"url\":\"https:\/\/rukaskichalets.fi\/\",\"logo\":{\"@type\":\"ImageObject\",\"inLanguage\":\"de\",\"@id\":\"https:\/\/rukaskichalets.fi\/#\/schema\/logo\/image\/\",\"url\":\"https:\/\/rukaskichalets.fi\/wp-content\/uploads\/2025\/08\/ruka_skichalets_logo.webp\",\"contentUrl\":\"https:\/\/rukaskichalets.fi\/wp-content\/uploads\/2025\/08\/ruka_skichalets_logo.webp\",\"width\":300,\"height\":82,\"caption\":\"Ruka Ski Chalets\"},\"image\":{\"@id\":\"https:\/\/rukaskichalets.fi\/#\/schema\/logo\/image\/\"},\"sameAs\":[\"https:\/\/www.facebook.com\/RukaSkiChalets\",\"https:\/\/www.instagram.com\/rukaskichalets\/\"]}]}<\/script>\n<!-- \/ Yoast SEO plugin. -->","yoast_head_json":{"title":"Ruka Skih\u00fctte 21,5 m\u00b2 - Ruka Skih\u00fctten","robots":{"index":"index","follow":"follow","max-snippet":"max-snippet:-1","max-image-preview":"max-image-preview:large","max-video-preview":"max-video-preview:-1"},"canonical":"https:\/\/rukaskichalets.fi\/de\/wohnungen\/ruka-ski-chalet-215m2\/","og_locale":"de_DE","og_type":"article","og_title":"Ruka Ski Chalet 21,5 m\u00b2 - Ruka Ski Chalets","og_description":"For 2 guests","og_url":"https:\/\/rukaskichalets.fi\/de\/wohnungen\/ruka-ski-chalet-215m2\/","og_site_name":"Ruka Ski Chalets","article_publisher":"https:\/\/www.facebook.com\/RukaSkiChalets","article_modified_time":"2026-01-05T12:44:55+00:00","og_image":[{"width":2405,"height":1600,"url":"https:\/\/rukaskichalets.fi\/wp-content\/uploads\/2025\/12\/RSC-2506-21-5m2-edit-4.jpg","type":"image\/jpeg"}],"twitter_card":"summary_large_image","twitter_misc":{"Gesch\u00e4tzte Lesezeit":"1\u00a0Minute"},"schema":{"@context":"https:\/\/schema.org","@graph":[{"@type":"WebPage","@id":"https:\/\/rukaskichalets.fi\/apartments\/ruka-ski-chalet-215m2\/","url":"https:\/\/rukaskichalets.fi\/apartments\/ruka-ski-chalet-215m2\/","name":"Ruka Skih\u00fctte 21,5 m\u00b2 - Ruka Skih\u00fctten","isPartOf":{"@id":"https:\/\/rukaskichalets.fi\/#website"},"primaryImageOfPage":{"@id":"https:\/\/rukaskichalets.fi\/apartments\/ruka-ski-chalet-215m2\/#primaryimage"},"image":{"@id":"https:\/\/rukaskichalets.fi\/apartments\/ruka-ski-chalet-215m2\/#primaryimage"},"thumbnailUrl":"https:\/\/rukaskichalets.fi\/wp-content\/uploads\/2025\/12\/RSC-2506-21-5m2-edit-4.jpg","datePublished":"2025-11-17T13:57:54+00:00","dateModified":"2026-01-05T12:44:55+00:00","breadcrumb":{"@id":"https:\/\/rukaskichalets.fi\/apartments\/ruka-ski-chalet-215m2\/#breadcrumb"},"inLanguage":"de","potentialAction":[{"@type":"ReadAction","target":["https:\/\/rukaskichalets.fi\/apartments\/ruka-ski-chalet-215m2\/"]}]},{"@type":"ImageObject","inLanguage":"de","@id":"https:\/\/rukaskichalets.fi\/apartments\/ruka-ski-chalet-215m2\/#primaryimage","url":"https:\/\/rukaskichalets.fi\/wp-content\/uploads\/2025\/12\/RSC-2506-21-5m2-edit-4.jpg","contentUrl":"https:\/\/rukaskichalets.fi\/wp-content\/uploads\/2025\/12\/RSC-2506-21-5m2-edit-4.jpg","width":2405,"height":1600},{"@type":"BreadcrumbList","@id":"https:\/\/rukaskichalets.fi\/apartments\/ruka-ski-chalet-215m2\/#breadcrumb","itemListElement":[{"@type":"ListItem","position":1,"name":"Home","item":"https:\/\/rukaskichalets.fi\/"},{"@type":"ListItem","position":2,"name":"Apartments","item":"https:\/\/rukaskichalets.fi\/apartments\/"},{"@type":"ListItem","position":3,"name":"Ruka Ski Chalet 21,5 m\u00b2"}]},{"@type":"WebSite","@id":"https:\/\/rukaskichalets.fi\/#website","url":"https:\/\/rukaskichalets.fi\/","name":"Ruka Skih\u00fctten","description":"","publisher":{"@id":"https:\/\/rukaskichalets.fi\/#organization"},"potentialAction":[{"@type":"SearchAction","target":{"@type":"EntryPoint","urlTemplate":"https:\/\/rukaskichalets.fi\/?s={search_term_string}"},"query-input":{"@type":"PropertyValueSpecification","valueRequired":true,"valueName":"search_term_string"}}],"inLanguage":"de"},{"@type":"Organization","@id":"https:\/\/rukaskichalets.fi\/#organization","name":"Ruka Skih\u00fctten","url":"https:\/\/rukaskichalets.fi\/","logo":{"@type":"ImageObject","inLanguage":"de","@id":"https:\/\/rukaskichalets.fi\/#\/schema\/logo\/image\/","url":"https:\/\/rukaskichalets.fi\/wp-content\/uploads\/2025\/08\/ruka_skichalets_logo.webp","contentUrl":"https:\/\/rukaskichalets.fi\/wp-content\/uploads\/2025\/08\/ruka_skichalets_logo.webp","width":300,"height":82,"caption":"Ruka Ski Chalets"},"image":{"@id":"https:\/\/rukaskichalets.fi\/#\/schema\/logo\/image\/"},"sameAs":["https:\/\/www.facebook.com\/RukaSkiChalets","https:\/\/www.instagram.com\/rukaskichalets\/"]}]}},"_links":{"self":[{"href":"https:\/\/rukaskichalets.fi\/de\/wp-json\/wp\/v2\/pages\/987767","targetHints":{"allow":["GET"]}}],"collection":[{"href":"https:\/\/rukaskichalets.fi\/de\/wp-json\/wp\/v2\/pages"}],"about":[{"href":"https:\/\/rukaskichalets.fi\/de\/wp-json\/wp\/v2\/types\/page"}],"author":[{"embeddable":true,"href":"https:\/\/rukaskichalets.fi\/de\/wp-json\/wp\/v2\/users\/1"}],"replies":[{"embeddable":true,"href":"https:\/\/rukaskichalets.fi\/de\/wp-json\/wp\/v2\/comments?post=987767"}],"version-history":[{"count":5,"href":"https:\/\/rukaskichalets.fi\/de\/wp-json\/wp\/v2\/pages\/987767\/revisions"}],"predecessor-version":[{"id":988995,"href":"https:\/\/rukaskichalets.fi\/de\/wp-json\/wp\/v2\/pages\/987767\/revisions\/988995"}],"up":[{"embeddable":true,"href":"https:\/\/rukaskichalets.fi\/de\/wp-json\/wp\/v2\/pages\/29"}],"wp:featuredmedia":[{"embeddable":true,"href":"https:\/\/rukaskichalets.fi\/de\/wp-json\/wp\/v2\/media\/988776"}],"wp:attachment":[{"href":"https:\/\/rukaskichalets.fi\/de\/wp-json\/wp\/v2\/media?parent=987767"}],"curies":[{"name":"wp","href":"https:\/\/api.w.org\/{rel}","templated":true}]}}