{"id":987773,"date":"2025-11-17T13:57:54","date_gmt":"2025-11-17T13:57:54","guid":{"rendered":"https:\/\/rsc.valfisite.com\/?page_id=987773"},"modified":"2026-01-05T10:22:20","modified_gmt":"2026-01-05T10:22:20","slug":"ruka-ski-chalet-37m2","status":"publish","type":"page","link":"https:\/\/rukaskichalets.fi\/de\/wohnungen\/ruka-ski-chalet-37m2\/","title":{"rendered":"Ruka Ski Chalet 37 m\u00b2"},"content":{"rendered":"<div data-elementor-type=\"wp-page\" data-elementor-id=\"987773\" class=\"elementor elementor-987773\" data-elementor-post-type=\"page\">\n\t\t\t\t<div class=\"elementor-element elementor-element-f81f630 e-con-full e-flex e-con e-child\" data-id=\"f81f630\" data-element_type=\"container\">\n\t\t<div class=\"elementor-element elementor-element-f222525 e-con-full e-flex e-con e-child\" data-id=\"f222525\" data-element_type=\"container\">\n\t\t\t\t<div class=\"elementor-element elementor-element-3c41806 elementor-widget elementor-widget-text-editor\" data-id=\"3c41806\" data-element_type=\"widget\" data-widget_type=\"text-editor.default\">\n\t\t\t\t<div class=\"elementor-widget-container\">\n\t\t\t\t\t\t\t\t\t<p>T<span style=\"letter-spacing: -0.8px;\">iese Wohnung bietet bequem Platz f\u00fcr ein Paar oder eine kleine Familie. Die 37 m\u00b2 gro\u00dfe Wohnung verf\u00fcgt \u00fcber ein Schlafzimmer sowie ein Schlafsofa in der offenen K\u00fcche und im Wohnbereich.<\/span><\/p>\t\t\t\t\t\t\t\t<\/div>\n\t\t\t\t<\/div>\n\t\t\t\t<div class=\"elementor-element elementor-element-d9086e2 elementor-widget elementor-widget-text-editor\" data-id=\"d9086e2\" data-element_type=\"widget\" data-widget_type=\"text-editor.default\">\n\t\t\t\t<div class=\"elementor-widget-container\">\n\t\t\t\t\t\t\t\t\t<p class=\"p1\">Jedes Apartment der Ruka Ski Chalets verbindet nordische Handwerkskunst mit modernem Design und schafft so einen warmen und einladenden R\u00fcckzugsort nach einem Tag auf der Piste. Gro\u00dfe Fenster \u00f6ffnen den Blick auf die friedliche Fj\u00e4llumgebung, w\u00e4hrend nat\u00fcrliche Materialien und durchdachte Details f\u00fcr ein Gef\u00fchl der Ruhe und Gem\u00fctlichkeit sorgen. Entschleunigen Sie, atmen Sie die frische arktische Luft ein und genie\u00dfen Sie Ihren Aufenthalt, wo modernes Leben auf zeitlosen nordischen Charme trifft.<\/p>\t\t\t\t\t\t\t\t<\/div>\n\t\t\t\t<\/div>\n\t\t\t\t<div class=\"elementor-element elementor-element-e2220a0 elementor-widget-divider--view-line elementor-widget elementor-widget-divider\" data-id=\"e2220a0\" data-element_type=\"widget\" data-widget_type=\"divider.default\">\n\t\t\t\t<div class=\"elementor-widget-container\">\n\t\t\t\t\t\t\t<div class=\"elementor-divider\">\n\t\t\t<span class=\"elementor-divider-separator\">\n\t\t\t\t\t\t<\/span>\n\t\t<\/div>\n\t\t\t\t\t\t<\/div>\n\t\t\t\t<\/div>\n\t\t\t\t<div class=\"elementor-element elementor-element-1328565 elementor-widget elementor-widget-heading\" data-id=\"1328565\" data-element_type=\"widget\" data-widget_type=\"heading.default\">\n\t\t\t\t<div class=\"elementor-widget-container\">\n\t\t\t\t\t<h5 class=\"elementor-heading-title elementor-size-default\">Diese Wohnung verf\u00fcgt \u00fcber:<\/h5>\t\t\t\t<\/div>\n\t\t\t\t<\/div>\n\t\t<div class=\"elementor-element elementor-element-9b0c60d e-con-full e-flex e-con e-child\" data-id=\"9b0c60d\" data-element_type=\"container\">\n\t\t\t\t<div class=\"elementor-element elementor-element-2814b94 elementor-widget__width-initial elementor-widget-mobile__width-inherit elementor-list-item-link-full_width elementor-widget elementor-widget-icon-list\" data-id=\"2814b94\" data-element_type=\"widget\" data-widget_type=\"icon-list.default\">\n\t\t\t\t<div class=\"elementor-widget-container\">\n\t\t\t\t\t\t\t<ul class=\"elementor-icon-list-items\">\n\t\t\t\t\t\t\t<li class=\"elementor-icon-list-item\">\n\t\t\t\t\t\t\t\t\t\t\t<span class=\"elementor-icon-list-icon\">\n\t\t\t\t\t\t\t<i aria-hidden=\"true\" class=\"far fa-heart\"><\/i>\t\t\t\t\t\t<\/span>\n\t\t\t\t\t\t\t\t\t\t<span class=\"elementor-icon-list-text\">Vollst\u00e4ndig ausgestattete K\u00fcche<\/span>\n\t\t\t\t\t\t\t\t\t<\/li>\n\t\t\t\t\t\t\t\t<li class=\"elementor-icon-list-item\">\n\t\t\t\t\t\t\t\t\t\t\t<span class=\"elementor-icon-list-icon\">\n\t\t\t\t\t\t\t<i aria-hidden=\"true\" class=\"fas fa-th-large\"><\/i>\t\t\t\t\t\t<\/span>\n\t\t\t\t\t\t\t\t\t\t<span class=\"elementor-icon-list-text\">Gro\u00dfz\u00fcgige Raumaufteilung<\/span>\n\t\t\t\t\t\t\t\t\t<\/li>\n\t\t\t\t\t\t\t\t<li class=\"elementor-icon-list-item\">\n\t\t\t\t\t\t\t\t\t\t\t<span class=\"elementor-icon-list-icon\">\n\t\t\t\t\t\t\t<i aria-hidden=\"true\" class=\"far fa-sun\"><\/i>\t\t\t\t\t\t<\/span>\n\t\t\t\t\t\t\t\t\t\t<span class=\"elementor-icon-list-text\">Balkon<\/span>\n\t\t\t\t\t\t\t\t\t<\/li>\n\t\t\t\t\t\t<\/ul>\n\t\t\t\t\t\t<\/div>\n\t\t\t\t<\/div>\n\t\t\t\t<div class=\"elementor-element elementor-element-96c7dc4 elementor-widget__width-initial elementor-widget-mobile__width-inherit elementor-list-item-link-full_width elementor-widget elementor-widget-icon-list\" data-id=\"96c7dc4\" data-element_type=\"widget\" data-widget_type=\"icon-list.default\">\n\t\t\t\t<div class=\"elementor-widget-container\">\n\t\t\t\t\t\t\t<ul class=\"elementor-icon-list-items\">\n\t\t\t\t\t\t\t<li class=\"elementor-icon-list-item\">\n\t\t\t\t\t\t\t\t\t\t\t<span class=\"elementor-icon-list-icon\">\n\t\t\t\t\t\t\t<i aria-hidden=\"true\" class=\"fas fa-theater-masks\"><\/i>\t\t\t\t\t\t<\/span>\n\t\t\t\t\t\t\t\t\t\t<span class=\"elementor-icon-list-text\">Modernes Unterhaltungssystem<\/span>\n\t\t\t\t\t\t\t\t\t<\/li>\n\t\t\t\t\t\t\t\t<li class=\"elementor-icon-list-item\">\n\t\t\t\t\t\t\t\t\t\t\t<span class=\"elementor-icon-list-icon\">\n\t\t\t\t\t\t\t<i aria-hidden=\"true\" class=\"fas fa-wifi\"><\/i>\t\t\t\t\t\t<\/span>\n\t\t\t\t\t\t\t\t\t\t<span class=\"elementor-icon-list-text\">Wifi<\/span>\n\t\t\t\t\t\t\t\t\t<\/li>\n\t\t\t\t\t\t<\/ul>\n\t\t\t\t\t\t<\/div>\n\t\t\t\t<\/div>\n\t\t\t\t<\/div>\n\t\t\t\t<div class=\"elementor-element elementor-element-736c879 elementor-widget elementor-widget-text-editor\" data-id=\"736c879\" data-element_type=\"widget\" data-widget_type=\"text-editor.default\">\n\t\t\t\t<div class=\"elementor-widget-container\">\n\t\t\t\t\t\t\t\t\t<p class=\"p1\">Entdecken Sie unsere Full-Service-Apartments im Herzen von Ruka Fell, die f\u00fcr Komfort, Leichtigkeit und ein erstklassiges Urlaubserlebnis konzipiert sind. Jedes Apartment verf\u00fcgt \u00fcber eine voll ausgestattete K\u00fcche, eine gro\u00dfz\u00fcgige Raumaufteilung, moderne Unterhaltungssysteme, Wi-Fi und einen eigenen Balkon. Bei allen Aufenthalten sind Bettw\u00e4sche, Endreinigung und praktischer Stauraum f\u00fcr die Skiausr\u00fcstung inbegriffen - alles, was Sie f\u00fcr einen entspannten und m\u00fchelosen Aufenthalt in Ruka ben\u00f6tigen.<\/p>\t\t\t\t\t\t\t\t<\/div>\n\t\t\t\t<\/div>\n\t\t\t\t<\/div>\n\t\t<div class=\"elementor-element elementor-element-e39b1e0 e-con-full e-flex e-con e-child\" data-id=\"e39b1e0\" data-element_type=\"container\">\n\t\t\t\t<div class=\"elementor-element elementor-element-7caf0dd elementor-arrows-position-inside elementor-pagination-position-outside elementor-widget elementor-widget-image-carousel\" data-id=\"7caf0dd\" data-element_type=\"widget\" data-settings=\"{&quot;slides_to_show&quot;:&quot;1&quot;,&quot;navigation&quot;:&quot;both&quot;,&quot;autoplay&quot;:&quot;yes&quot;,&quot;pause_on_hover&quot;:&quot;yes&quot;,&quot;pause_on_interaction&quot;:&quot;yes&quot;,&quot;autoplay_speed&quot;:5000,&quot;infinite&quot;:&quot;yes&quot;,&quot;effect&quot;:&quot;slide&quot;,&quot;speed&quot;:500}\" data-widget_type=\"image-carousel.default\">\n\t\t\t\t<div class=\"elementor-widget-container\">\n\t\t\t\t\t\t\t<div class=\"elementor-image-carousel-wrapper swiper\" role=\"region\" aria-roledescription=\"carousel\" aria-label=\"Bild-Karussell\" dir=\"ltr\">\n\t\t\t<div class=\"elementor-image-carousel swiper-wrapper swiper-image-stretch\" aria-live=\"off\">\n\t\t\t\t\t\t\t\t<div class=\"swiper-slide\" role=\"group\" aria-roledescription=\"slide\" aria-label=\"1 von 6\"><figure class=\"swiper-slide-inner\"><img decoding=\"async\" class=\"swiper-slide-image\" src=\"https:\/\/rukaskichalets.fi\/wp-content\/uploads\/2025\/12\/RSC-2607-37m2-edit-5.jpg\" alt=\"RSC-2607-37m2-edit-5\" \/><\/figure><\/div><div class=\"swiper-slide\" role=\"group\" aria-roledescription=\"slide\" aria-label=\"2 von 6\"><figure class=\"swiper-slide-inner\"><img decoding=\"async\" class=\"swiper-slide-image\" src=\"https:\/\/rukaskichalets.fi\/wp-content\/uploads\/2025\/12\/RSC-2607-37m2-edit-2.jpg\" alt=\"RSC-2607-37m2-edit-2\" \/><\/figure><\/div><div class=\"swiper-slide\" role=\"group\" aria-roledescription=\"slide\" aria-label=\"3 von 6\"><figure class=\"swiper-slide-inner\"><img decoding=\"async\" class=\"swiper-slide-image\" src=\"https:\/\/rukaskichalets.fi\/wp-content\/uploads\/2025\/12\/RSC-2607-37m2-edit.jpg\" alt=\"RSC-2607-37m2-\u00c4nderung\" \/><\/figure><\/div><div class=\"swiper-slide\" role=\"group\" aria-roledescription=\"slide\" aria-label=\"4 von 6\"><figure class=\"swiper-slide-inner\"><img decoding=\"async\" class=\"swiper-slide-image\" src=\"https:\/\/rukaskichalets.fi\/wp-content\/uploads\/2025\/12\/RSC-2607-37m2-edit-4.jpg\" alt=\"RSC-2607-37m2-edit-4\" \/><\/figure><\/div><div class=\"swiper-slide\" role=\"group\" aria-roledescription=\"slide\" aria-label=\"5 von 6\"><figure class=\"swiper-slide-inner\"><img decoding=\"async\" class=\"swiper-slide-image\" src=\"https:\/\/rukaskichalets.fi\/wp-content\/uploads\/2025\/12\/RSC-2607-37m2-edit-3.jpg\" alt=\"RSC-2607-37m2-edit-3\" \/><\/figure><\/div><div class=\"swiper-slide\" role=\"group\" aria-roledescription=\"slide\" aria-label=\"6 von 6\"><figure class=\"swiper-slide-inner\"><img decoding=\"async\" class=\"swiper-slide-image\" src=\"https:\/\/rukaskichalets.fi\/wp-content\/uploads\/2025\/12\/RSC-2607-37m2-edit-6.jpg\" alt=\"RSC-2607-37m2-edit-6\" \/><\/figure><\/div>\t\t\t<\/div>\n\t\t\t\t\t\t\t\t\t\t\t\t<div class=\"elementor-swiper-button elementor-swiper-button-prev\" role=\"button\" tabindex=\"0\">\n\t\t\t\t\t\t<i aria-hidden=\"true\" class=\"eicon-chevron-left\"><\/i>\t\t\t\t\t<\/div>\n\t\t\t\t\t<div class=\"elementor-swiper-button elementor-swiper-button-next\" role=\"button\" tabindex=\"0\">\n\t\t\t\t\t\t<i aria-hidden=\"true\" class=\"eicon-chevron-right\"><\/i>\t\t\t\t\t<\/div>\n\t\t\t\t\n\t\t\t\t\t\t\t\t\t<div class=\"swiper-pagination\"><\/div>\n\t\t\t\t\t\t\t\t\t<\/div>\n\t\t\t\t\t\t<\/div>\n\t\t\t\t<\/div>\n\t\t\t\t<\/div>\n\t\t\t\t<\/div>\n\t\t\t\t<\/div>","protected":false},"excerpt":{"rendered":"<p>F\u00fcr 2 + 2 G\u00e4ste<\/p>","protected":false},"author":1,"featured_media":988797,"parent":29,"menu_order":0,"comment_status":"closed","ping_status":"closed","template":"","meta":{"_acf_changed":false,"footnotes":""},"class_list":["post-987773","page","type-page","status-publish","has-post-thumbnail","hentry"],"acf":[],"yoast_head":"<!-- This site is optimized with the Yoast SEO plugin v26.8 - https:\/\/yoast.com\/product\/yoast-seo-wordpress\/ -->\n<title>Ruka Ski Chalet 37 m\u00b2 - Ruka Ski Chalets<\/title>\n<meta name=\"robots\" content=\"index, follow, max-snippet:-1, max-image-preview:large, max-video-preview:-1\" \/>\n<link rel=\"canonical\" href=\"https:\/\/rukaskichalets.fi\/de\/wohnungen\/ruka-ski-chalet-37m2\/\" \/>\n<meta property=\"og:locale\" content=\"de_DE\" \/>\n<meta property=\"og:type\" content=\"article\" \/>\n<meta property=\"og:title\" content=\"Ruka Ski Chalet 37 m\u00b2 - Ruka Ski Chalets\" \/>\n<meta property=\"og:description\" content=\"For 2 + 2 guests\" \/>\n<meta property=\"og:url\" content=\"https:\/\/rukaskichalets.fi\/de\/wohnungen\/ruka-ski-chalet-37m2\/\" \/>\n<meta property=\"og:site_name\" content=\"Ruka Ski Chalets\" \/>\n<meta property=\"article:publisher\" content=\"https:\/\/www.facebook.com\/RukaSkiChalets\" \/>\n<meta property=\"article:modified_time\" content=\"2026-01-05T10:22:20+00:00\" \/>\n<meta property=\"og:image\" content=\"https:\/\/rukaskichalets.fi\/wp-content\/uploads\/2025\/12\/RSC-2607-37m2-edit-5.jpg\" \/>\n\t<meta property=\"og:image:width\" content=\"2411\" \/>\n\t<meta property=\"og:image:height\" content=\"1600\" \/>\n\t<meta property=\"og:image:type\" content=\"image\/jpeg\" \/>\n<meta name=\"twitter:card\" content=\"summary_large_image\" \/>\n<meta name=\"twitter:label1\" content=\"Gesch\u00e4tzte Lesezeit\" \/>\n\t<meta name=\"twitter:data1\" content=\"1\u00a0Minute\" \/>\n<script type=\"application\/ld+json\" class=\"yoast-schema-graph\">{\"@context\":\"https:\/\/schema.org\",\"@graph\":[{\"@type\":\"WebPage\",\"@id\":\"https:\/\/rukaskichalets.fi\/apartments\/ruka-ski-chalet-37m2\/\",\"url\":\"https:\/\/rukaskichalets.fi\/apartments\/ruka-ski-chalet-37m2\/\",\"name\":\"Ruka Ski Chalet 37 m\u00b2 - Ruka Ski Chalets\",\"isPartOf\":{\"@id\":\"https:\/\/rukaskichalets.fi\/#website\"},\"primaryImageOfPage\":{\"@id\":\"https:\/\/rukaskichalets.fi\/apartments\/ruka-ski-chalet-37m2\/#primaryimage\"},\"image\":{\"@id\":\"https:\/\/rukaskichalets.fi\/apartments\/ruka-ski-chalet-37m2\/#primaryimage\"},\"thumbnailUrl\":\"https:\/\/rukaskichalets.fi\/wp-content\/uploads\/2025\/12\/RSC-2607-37m2-edit-5.jpg\",\"datePublished\":\"2025-11-17T13:57:54+00:00\",\"dateModified\":\"2026-01-05T10:22:20+00:00\",\"breadcrumb\":{\"@id\":\"https:\/\/rukaskichalets.fi\/apartments\/ruka-ski-chalet-37m2\/#breadcrumb\"},\"inLanguage\":\"de\",\"potentialAction\":[{\"@type\":\"ReadAction\",\"target\":[\"https:\/\/rukaskichalets.fi\/apartments\/ruka-ski-chalet-37m2\/\"]}]},{\"@type\":\"ImageObject\",\"inLanguage\":\"de\",\"@id\":\"https:\/\/rukaskichalets.fi\/apartments\/ruka-ski-chalet-37m2\/#primaryimage\",\"url\":\"https:\/\/rukaskichalets.fi\/wp-content\/uploads\/2025\/12\/RSC-2607-37m2-edit-5.jpg\",\"contentUrl\":\"https:\/\/rukaskichalets.fi\/wp-content\/uploads\/2025\/12\/RSC-2607-37m2-edit-5.jpg\",\"width\":2411,\"height\":1600},{\"@type\":\"BreadcrumbList\",\"@id\":\"https:\/\/rukaskichalets.fi\/apartments\/ruka-ski-chalet-37m2\/#breadcrumb\",\"itemListElement\":[{\"@type\":\"ListItem\",\"position\":1,\"name\":\"Home\",\"item\":\"https:\/\/rukaskichalets.fi\/\"},{\"@type\":\"ListItem\",\"position\":2,\"name\":\"Apartments\",\"item\":\"https:\/\/rukaskichalets.fi\/apartments\/\"},{\"@type\":\"ListItem\",\"position\":3,\"name\":\"Ruka Ski Chalet 37 m\u00b2\"}]},{\"@type\":\"WebSite\",\"@id\":\"https:\/\/rukaskichalets.fi\/#website\",\"url\":\"https:\/\/rukaskichalets.fi\/\",\"name\":\"Ruka Ski Chalets\",\"description\":\"\",\"publisher\":{\"@id\":\"https:\/\/rukaskichalets.fi\/#organization\"},\"potentialAction\":[{\"@type\":\"SearchAction\",\"target\":{\"@type\":\"EntryPoint\",\"urlTemplate\":\"https:\/\/rukaskichalets.fi\/?s={search_term_string}\"},\"query-input\":{\"@type\":\"PropertyValueSpecification\",\"valueRequired\":true,\"valueName\":\"search_term_string\"}}],\"inLanguage\":\"de\"},{\"@type\":\"Organization\",\"@id\":\"https:\/\/rukaskichalets.fi\/#organization\",\"name\":\"Ruka Ski Chalets\",\"url\":\"https:\/\/rukaskichalets.fi\/\",\"logo\":{\"@type\":\"ImageObject\",\"inLanguage\":\"de\",\"@id\":\"https:\/\/rukaskichalets.fi\/#\/schema\/logo\/image\/\",\"url\":\"https:\/\/rukaskichalets.fi\/wp-content\/uploads\/2025\/08\/ruka_skichalets_logo.webp\",\"contentUrl\":\"https:\/\/rukaskichalets.fi\/wp-content\/uploads\/2025\/08\/ruka_skichalets_logo.webp\",\"width\":300,\"height\":82,\"caption\":\"Ruka Ski Chalets\"},\"image\":{\"@id\":\"https:\/\/rukaskichalets.fi\/#\/schema\/logo\/image\/\"},\"sameAs\":[\"https:\/\/www.facebook.com\/RukaSkiChalets\",\"https:\/\/www.instagram.com\/rukaskichalets\/\"]}]}<\/script>\n<!-- \/ Yoast SEO plugin. -->","yoast_head_json":{"title":"Ruka Ski Chalet 37 m\u00b2 - Ruka Ski Chalets","robots":{"index":"index","follow":"follow","max-snippet":"max-snippet:-1","max-image-preview":"max-image-preview:large","max-video-preview":"max-video-preview:-1"},"canonical":"https:\/\/rukaskichalets.fi\/de\/wohnungen\/ruka-ski-chalet-37m2\/","og_locale":"de_DE","og_type":"article","og_title":"Ruka Ski Chalet 37 m\u00b2 - Ruka Ski Chalets","og_description":"For 2 + 2 guests","og_url":"https:\/\/rukaskichalets.fi\/de\/wohnungen\/ruka-ski-chalet-37m2\/","og_site_name":"Ruka Ski Chalets","article_publisher":"https:\/\/www.facebook.com\/RukaSkiChalets","article_modified_time":"2026-01-05T10:22:20+00:00","og_image":[{"width":2411,"height":1600,"url":"https:\/\/rukaskichalets.fi\/wp-content\/uploads\/2025\/12\/RSC-2607-37m2-edit-5.jpg","type":"image\/jpeg"}],"twitter_card":"summary_large_image","twitter_misc":{"Gesch\u00e4tzte Lesezeit":"1\u00a0Minute"},"schema":{"@context":"https:\/\/schema.org","@graph":[{"@type":"WebPage","@id":"https:\/\/rukaskichalets.fi\/apartments\/ruka-ski-chalet-37m2\/","url":"https:\/\/rukaskichalets.fi\/apartments\/ruka-ski-chalet-37m2\/","name":"Ruka Ski Chalet 37 m\u00b2 - Ruka Ski Chalets","isPartOf":{"@id":"https:\/\/rukaskichalets.fi\/#website"},"primaryImageOfPage":{"@id":"https:\/\/rukaskichalets.fi\/apartments\/ruka-ski-chalet-37m2\/#primaryimage"},"image":{"@id":"https:\/\/rukaskichalets.fi\/apartments\/ruka-ski-chalet-37m2\/#primaryimage"},"thumbnailUrl":"https:\/\/rukaskichalets.fi\/wp-content\/uploads\/2025\/12\/RSC-2607-37m2-edit-5.jpg","datePublished":"2025-11-17T13:57:54+00:00","dateModified":"2026-01-05T10:22:20+00:00","breadcrumb":{"@id":"https:\/\/rukaskichalets.fi\/apartments\/ruka-ski-chalet-37m2\/#breadcrumb"},"inLanguage":"de","potentialAction":[{"@type":"ReadAction","target":["https:\/\/rukaskichalets.fi\/apartments\/ruka-ski-chalet-37m2\/"]}]},{"@type":"ImageObject","inLanguage":"de","@id":"https:\/\/rukaskichalets.fi\/apartments\/ruka-ski-chalet-37m2\/#primaryimage","url":"https:\/\/rukaskichalets.fi\/wp-content\/uploads\/2025\/12\/RSC-2607-37m2-edit-5.jpg","contentUrl":"https:\/\/rukaskichalets.fi\/wp-content\/uploads\/2025\/12\/RSC-2607-37m2-edit-5.jpg","width":2411,"height":1600},{"@type":"BreadcrumbList","@id":"https:\/\/rukaskichalets.fi\/apartments\/ruka-ski-chalet-37m2\/#breadcrumb","itemListElement":[{"@type":"ListItem","position":1,"name":"Home","item":"https:\/\/rukaskichalets.fi\/"},{"@type":"ListItem","position":2,"name":"Apartments","item":"https:\/\/rukaskichalets.fi\/apartments\/"},{"@type":"ListItem","position":3,"name":"Ruka Ski Chalet 37 m\u00b2"}]},{"@type":"WebSite","@id":"https:\/\/rukaskichalets.fi\/#website","url":"https:\/\/rukaskichalets.fi\/","name":"Ruka Skih\u00fctten","description":"","publisher":{"@id":"https:\/\/rukaskichalets.fi\/#organization"},"potentialAction":[{"@type":"SearchAction","target":{"@type":"EntryPoint","urlTemplate":"https:\/\/rukaskichalets.fi\/?s={search_term_string}"},"query-input":{"@type":"PropertyValueSpecification","valueRequired":true,"valueName":"search_term_string"}}],"inLanguage":"de"},{"@type":"Organization","@id":"https:\/\/rukaskichalets.fi\/#organization","name":"Ruka Skih\u00fctten","url":"https:\/\/rukaskichalets.fi\/","logo":{"@type":"ImageObject","inLanguage":"de","@id":"https:\/\/rukaskichalets.fi\/#\/schema\/logo\/image\/","url":"https:\/\/rukaskichalets.fi\/wp-content\/uploads\/2025\/08\/ruka_skichalets_logo.webp","contentUrl":"https:\/\/rukaskichalets.fi\/wp-content\/uploads\/2025\/08\/ruka_skichalets_logo.webp","width":300,"height":82,"caption":"Ruka Ski Chalets"},"image":{"@id":"https:\/\/rukaskichalets.fi\/#\/schema\/logo\/image\/"},"sameAs":["https:\/\/www.facebook.com\/RukaSkiChalets","https:\/\/www.instagram.com\/rukaskichalets\/"]}]}},"_links":{"self":[{"href":"https:\/\/rukaskichalets.fi\/de\/wp-json\/wp\/v2\/pages\/987773","targetHints":{"allow":["GET"]}}],"collection":[{"href":"https:\/\/rukaskichalets.fi\/de\/wp-json\/wp\/v2\/pages"}],"about":[{"href":"https:\/\/rukaskichalets.fi\/de\/wp-json\/wp\/v2\/types\/page"}],"author":[{"embeddable":true,"href":"https:\/\/rukaskichalets.fi\/de\/wp-json\/wp\/v2\/users\/1"}],"replies":[{"embeddable":true,"href":"https:\/\/rukaskichalets.fi\/de\/wp-json\/wp\/v2\/comments?post=987773"}],"version-history":[{"count":5,"href":"https:\/\/rukaskichalets.fi\/de\/wp-json\/wp\/v2\/pages\/987773\/revisions"}],"predecessor-version":[{"id":988975,"href":"https:\/\/rukaskichalets.fi\/de\/wp-json\/wp\/v2\/pages\/987773\/revisions\/988975"}],"up":[{"embeddable":true,"href":"https:\/\/rukaskichalets.fi\/de\/wp-json\/wp\/v2\/pages\/29"}],"wp:featuredmedia":[{"embeddable":true,"href":"https:\/\/rukaskichalets.fi\/de\/wp-json\/wp\/v2\/media\/988797"}],"wp:attachment":[{"href":"https:\/\/rukaskichalets.fi\/de\/wp-json\/wp\/v2\/media?parent=987773"}],"curies":[{"name":"wp","href":"https:\/\/api.w.org\/{rel}","templated":true}]}}