{"id":987862,"date":"2025-11-17T15:53:32","date_gmt":"2025-11-17T15:53:32","guid":{"rendered":"https:\/\/rsc.valfisite.com\/?page_id=987862"},"modified":"2026-01-03T09:01:02","modified_gmt":"2026-01-03T09:01:02","slug":"nauti","status":"publish","type":"page","link":"https:\/\/rukaskichalets.fi\/fi\/nauti\/","title":{"rendered":"Nauti"},"content":{"rendered":"<div data-elementor-type=\"wp-page\" data-elementor-id=\"987862\" class=\"elementor elementor-987862\" data-elementor-post-type=\"page\">\n\t\t\t\t<div class=\"elementor-element elementor-element-6a5f82c e-flex e-con-boxed e-con e-parent\" data-id=\"6a5f82c\" data-element_type=\"container\" data-settings=\"{&quot;background_background&quot;:&quot;classic&quot;}\">\n\t\t\t\t\t<div class=\"e-con-inner\">\n\t\t\t\t<div class=\"elementor-element elementor-element-ae1f5d9 elementor-widget__width-initial elementor-widget elementor-widget-text-editor\" data-id=\"ae1f5d9\" data-element_type=\"widget\" data-widget_type=\"text-editor.default\">\n\t\t\t\t<div class=\"elementor-widget-container\">\n\t\t\t\t\t\t\t\t\t<p style=\"text-align: left;\">Nauti saunomisesta tai k\u00e4y Kuusamon kylpyl\u00e4ss\u00e4. Suuremmissa huoneistoissa (46-81,5 m\u00b2) on oma sauna, kun taas pienemmiss\u00e4 huoneistoissa (21,5 m\u00b2 ja 37 m\u00b2) ei ole saunaa, joten tilank\u00e4ytt\u00f6 on optimaalista..<\/p><p style=\"text-align: left;\">Kaikki huoneistot ovat helpon k\u00e4velymatkan p\u00e4\u00e4ss\u00e4 hiihtohisseist\u00e4 ja Rukan kyl\u00e4st\u00e4, jossa on laaja valikoima ravintoloita ja kauppoja.<\/p><p style=\"text-align: left;\">Ruka tarjoaa ymp\u00e4rivuotisia aktiviteetteja: kes\u00e4ll\u00e4 voit nauttia alam\u00e4kipy\u00f6r\u00e4ilyst\u00e4 gondolihissill\u00e4, l\u00e4heisest\u00e4 vesipuistosta lapsille ja Suomen ainoasta alppiliukum\u00e4est\u00e4 upeissa maisemissa. Gondolihissi yhdist\u00e4\u00e4 my\u00f6s Rukan kyl\u00e4n ja Rukanlaakson. Ruka-Kuusamon alue sopii kes\u00e4ll\u00e4 vaellukseen ja maastopy\u00f6r\u00e4ilyyn ja talvella hiihtoon, lumikenk\u00e4ilyyn ja moottorikelkkailuun. Perheyst\u00e4v\u00e4lliset n\u00e4ht\u00e4vyydet, kuten porotilat, huskysafarit, Rosa &amp; Rudolf -perhepuisto, Kuusamon Tropiikki Spa ja Angry Birds Activity Park takaavat unohtumattomia el\u00e4myksi\u00e4 kaikenik\u00e4isille.<\/p>\t\t\t\t\t\t\t\t<\/div>\n\t\t\t\t<\/div>\n\t\t\t\t\t<\/div>\n\t\t\t\t<\/div>\n\t\t<div class=\"elementor-element elementor-element-f1d30a9 e-con-full e-flex e-con e-parent\" data-id=\"f1d30a9\" data-element_type=\"container\" data-settings=\"{&quot;background_background&quot;:&quot;gradient&quot;}\">\n\t\t\t\t<\/div>\n\t\t<div class=\"elementor-element elementor-element-0b88d5b e-flex e-con-boxed e-con e-parent\" data-id=\"0b88d5b\" data-element_type=\"container\">\n\t\t\t\t\t<div class=\"e-con-inner\">\n\t\t<div class=\"elementor-element elementor-element-b522f79 e-con-full e-flex e-con e-child\" data-id=\"b522f79\" data-element_type=\"container\">\n\t\t<div class=\"elementor-element elementor-element-5db09cc e-con-full e-flex e-con e-child\" data-id=\"5db09cc\" data-element_type=\"container\">\n\t\t\t\t<div class=\"elementor-element elementor-element-ca17a84 animated-fast elementor-invisible elementor-widget elementor-widget-heading\" data-id=\"ca17a84\" data-element_type=\"widget\" data-settings=\"{&quot;_animation&quot;:&quot;fadeIn&quot;,&quot;_animation_delay&quot;:50}\" data-widget_type=\"heading.default\">\n\t\t\t\t<div class=\"elementor-widget-container\">\n\t\t\t\t\t<h2 class=\"elementor-heading-title elementor-size-default\">Sauna ja viihtyis\u00e4t illat<\/h2>\t\t\t\t<\/div>\n\t\t\t\t<\/div>\n\t\t\t\t<div class=\"elementor-element elementor-element-463df1a animated-fast elementor-invisible elementor-widget elementor-widget-text-editor\" data-id=\"463df1a\" data-element_type=\"widget\" data-settings=\"{&quot;_animation&quot;:&quot;fadeIn&quot;,&quot;_animation_delay&quot;:100}\" data-widget_type=\"text-editor.default\">\n\t\t\t\t<div class=\"elementor-widget-container\">\n\t\t\t\t\t\t\t\t\t<p>Ruka Ski Chaletsin jokaisessa huoneistossa, lukuun ottamatta studioita, on oma sauna - olennainen osa suomalaista lomaa. Raikkaassa ilmassa vietetyn p\u00e4iv\u00e4n j\u00e4lkeen voit rentoutua saunassa, k\u00e4perty\u00e4 sohvalle katsomaan elokuvaa tai vain nauttia hiljaisuudesta ja ikkunasta avautuvista n\u00e4kymist\u00e4. Tai pukea juhlavaatteet p\u00e4\u00e4lle ja tanssia aamuy\u00f6h\u00f6n y\u00f6kerhossa.<\/p><p>Perheille on paljon tekemist\u00e4: Kuusamon Tropiikki Spa, Angry Birds Activity Park, keilailu, kes\u00e4kelkkailu, vesipuisto ja paljon muuta.<\/p>\t\t\t\t\t\t\t\t<\/div>\n\t\t\t\t<\/div>\n\t\t\t\t<\/div>\n\t\t<div class=\"elementor-element elementor-element-f54320f e-con-full animated-fast e-flex elementor-invisible e-con e-child\" data-id=\"f54320f\" data-element_type=\"container\" data-settings=\"{&quot;animation&quot;:&quot;fadeIn&quot;,&quot;sticky&quot;:&quot;top&quot;,&quot;sticky_on&quot;:[&quot;tablet&quot;],&quot;sticky_offset_tablet&quot;:70,&quot;sticky_parent&quot;:&quot;yes&quot;,&quot;sticky_offset&quot;:0,&quot;sticky_effects_offset&quot;:0,&quot;sticky_anchor_link_offset&quot;:0}\">\n\t\t<div class=\"elementor-element elementor-element-429929e e-con-full animated-fast e-flex elementor-invisible e-con e-child\" data-id=\"429929e\" data-element_type=\"container\" data-settings=\"{&quot;animation&quot;:&quot;fadeIn&quot;}\">\n\t\t<div class=\"elementor-element elementor-element-ddc792d e-con-full e-flex e-con e-child\" data-id=\"ddc792d\" data-element_type=\"container\" data-settings=\"{&quot;background_background&quot;:&quot;classic&quot;}\">\n\t\t\t\t<\/div>\n\t\t\t\t<\/div>\n\t\t\t\t<\/div>\n\t\t\t\t<\/div>\n\t\t<div class=\"elementor-element elementor-element-be17c9f e-con-full e-flex e-con e-child\" data-id=\"be17c9f\" data-element_type=\"container\">\n\t\t<div class=\"elementor-element elementor-element-efd254f e-con-full animated-fast e-flex elementor-invisible e-con e-child\" data-id=\"efd254f\" data-element_type=\"container\" data-settings=\"{&quot;animation&quot;:&quot;fadeIn&quot;,&quot;sticky&quot;:&quot;top&quot;,&quot;sticky_on&quot;:[&quot;tablet&quot;],&quot;sticky_offset_tablet&quot;:70,&quot;sticky_parent&quot;:&quot;yes&quot;,&quot;sticky_offset&quot;:0,&quot;sticky_effects_offset&quot;:0,&quot;sticky_anchor_link_offset&quot;:0}\">\n\t\t<div class=\"elementor-element elementor-element-3f049ad e-con-full animated-fast e-flex elementor-invisible e-con e-child\" data-id=\"3f049ad\" data-element_type=\"container\" data-settings=\"{&quot;animation&quot;:&quot;fadeIn&quot;}\">\n\t\t<div class=\"elementor-element elementor-element-d4efe60 e-con-full e-flex e-con e-child\" data-id=\"d4efe60\" data-element_type=\"container\" data-settings=\"{&quot;background_background&quot;:&quot;classic&quot;}\">\n\t\t\t\t<\/div>\n\t\t\t\t<\/div>\n\t\t\t\t<\/div>\n\t\t<div class=\"elementor-element elementor-element-52f34e8 e-con-full e-flex e-con e-child\" data-id=\"52f34e8\" data-element_type=\"container\">\n\t\t\t\t<div class=\"elementor-element elementor-element-7b51193 animated-fast elementor-invisible elementor-widget elementor-widget-heading\" data-id=\"7b51193\" data-element_type=\"widget\" data-settings=\"{&quot;_animation&quot;:&quot;fadeIn&quot;,&quot;_animation_delay&quot;:50}\" data-widget_type=\"heading.default\">\n\t\t\t\t<div class=\"elementor-widget-container\">\n\t\t\t\t\t<h2 class=\"elementor-heading-title elementor-size-default\">Helppo mukavuus pidemp\u00e4\u00e4n oleskeluun<\/h2>\t\t\t\t<\/div>\n\t\t\t\t<\/div>\n\t\t\t\t<div class=\"elementor-element elementor-element-6af2408 animated-fast elementor-invisible elementor-widget elementor-widget-text-editor\" data-id=\"6af2408\" data-element_type=\"widget\" data-settings=\"{&quot;_animation&quot;:&quot;fadeIn&quot;,&quot;_animation_delay&quot;:100}\" data-widget_type=\"text-editor.default\">\n\t\t\t\t<div class=\"elementor-widget-container\">\n\t\t\t\t\t\t\t\t\t<p>T\u00e4ysin varustettujen keitti\u00f6iden, pesu- ja kuivausmahdollisuuksien sek\u00e4 k\u00e4yt\u00e4nn\u00f6llisen s\u00e4ilytystilan ansiosta Ruka Ski Chalets sopii hyvin my\u00f6s pidemp\u00e4\u00e4n oleskeluun ja et\u00e4ty\u00f6h\u00f6n. Voit yhdist\u00e4\u00e4 ulkoilun ja ty\u00f6p\u00e4iv\u00e4t, valmistaa lempiruokasi ja asettua lomallesi sopivaan rutiiniin.<\/p><p>Tule nauttimaan Rukasta omalla tavallasi - me tarjoamme mukavan tukikohdan.<\/p>\t\t\t\t\t\t\t\t<\/div>\n\t\t\t\t<\/div>\n\t\t\t\t<\/div>\n\t\t\t\t<\/div>\n\t\t\t\t\t<\/div>\n\t\t\t\t<\/div>\n\t\t\t\t<\/div>","protected":false},"excerpt":{"rendered":"<p>Nauti, rentoudu ja tunne olosi kotoisaksi<\/p>","protected":false},"author":1,"featured_media":988533,"parent":0,"menu_order":0,"comment_status":"closed","ping_status":"closed","template":"","meta":{"_acf_changed":false,"footnotes":""},"class_list":["post-987862","page","type-page","status-publish","has-post-thumbnail","hentry"],"acf":[],"yoast_head":"<!-- This site is optimized with the Yoast SEO plugin v26.8 - https:\/\/yoast.com\/product\/yoast-seo-wordpress\/ -->\n<title>Enjoy - Ruka Ski Chalets<\/title>\n<meta name=\"robots\" content=\"index, follow, max-snippet:-1, max-image-preview:large, max-video-preview:-1\" \/>\n<link rel=\"canonical\" href=\"https:\/\/rukaskichalets.fi\/fi\/nauti\/\" \/>\n<meta property=\"og:locale\" content=\"fi_FI\" \/>\n<meta property=\"og:type\" content=\"article\" \/>\n<meta property=\"og:title\" content=\"Enjoy - Ruka Ski Chalets\" \/>\n<meta property=\"og:description\" content=\"Enjoy, relax and feel at home\" \/>\n<meta property=\"og:url\" content=\"https:\/\/rukaskichalets.fi\/fi\/nauti\/\" \/>\n<meta property=\"og:site_name\" content=\"Ruka Ski Chalets\" \/>\n<meta property=\"article:publisher\" content=\"https:\/\/www.facebook.com\/RukaSkiChalets\" \/>\n<meta property=\"article:modified_time\" content=\"2026-01-03T09:01:02+00:00\" \/>\n<meta property=\"og:image\" content=\"https:\/\/rukaskichalets.fi\/wp-content\/uploads\/2025\/12\/Ruka-Chalets-huoneisto-12-scaled.jpg\" \/>\n\t<meta property=\"og:image:width\" content=\"2560\" \/>\n\t<meta property=\"og:image:height\" content=\"1703\" \/>\n\t<meta property=\"og:image:type\" content=\"image\/jpeg\" \/>\n<meta name=\"twitter:card\" content=\"summary_large_image\" \/>\n<meta name=\"twitter:label1\" content=\"Arvioitu lukuaika\" \/>\n\t<meta name=\"twitter:data1\" content=\"1 minuutti\" \/>\n<script type=\"application\/ld+json\" class=\"yoast-schema-graph\">{\"@context\":\"https:\/\/schema.org\",\"@graph\":[{\"@type\":\"WebPage\",\"@id\":\"https:\/\/rukaskichalets.fi\/enjoy\/\",\"url\":\"https:\/\/rukaskichalets.fi\/enjoy\/\",\"name\":\"Enjoy - Ruka Ski Chalets\",\"isPartOf\":{\"@id\":\"https:\/\/rukaskichalets.fi\/#website\"},\"primaryImageOfPage\":{\"@id\":\"https:\/\/rukaskichalets.fi\/enjoy\/#primaryimage\"},\"image\":{\"@id\":\"https:\/\/rukaskichalets.fi\/enjoy\/#primaryimage\"},\"thumbnailUrl\":\"https:\/\/rukaskichalets.fi\/wp-content\/uploads\/2025\/12\/Ruka-Chalets-huoneisto-12-scaled.jpg\",\"datePublished\":\"2025-11-17T15:53:32+00:00\",\"dateModified\":\"2026-01-03T09:01:02+00:00\",\"breadcrumb\":{\"@id\":\"https:\/\/rukaskichalets.fi\/enjoy\/#breadcrumb\"},\"inLanguage\":\"fi\",\"potentialAction\":[{\"@type\":\"ReadAction\",\"target\":[\"https:\/\/rukaskichalets.fi\/enjoy\/\"]}]},{\"@type\":\"ImageObject\",\"inLanguage\":\"fi\",\"@id\":\"https:\/\/rukaskichalets.fi\/enjoy\/#primaryimage\",\"url\":\"https:\/\/rukaskichalets.fi\/wp-content\/uploads\/2025\/12\/Ruka-Chalets-huoneisto-12-scaled.jpg\",\"contentUrl\":\"https:\/\/rukaskichalets.fi\/wp-content\/uploads\/2025\/12\/Ruka-Chalets-huoneisto-12-scaled.jpg\",\"width\":2560,\"height\":1703},{\"@type\":\"BreadcrumbList\",\"@id\":\"https:\/\/rukaskichalets.fi\/enjoy\/#breadcrumb\",\"itemListElement\":[{\"@type\":\"ListItem\",\"position\":1,\"name\":\"Home\",\"item\":\"https:\/\/rukaskichalets.fi\/\"},{\"@type\":\"ListItem\",\"position\":2,\"name\":\"Enjoy\"}]},{\"@type\":\"WebSite\",\"@id\":\"https:\/\/rukaskichalets.fi\/#website\",\"url\":\"https:\/\/rukaskichalets.fi\/\",\"name\":\"Ruka Ski Chalets\",\"description\":\"\",\"publisher\":{\"@id\":\"https:\/\/rukaskichalets.fi\/#organization\"},\"potentialAction\":[{\"@type\":\"SearchAction\",\"target\":{\"@type\":\"EntryPoint\",\"urlTemplate\":\"https:\/\/rukaskichalets.fi\/?s={search_term_string}\"},\"query-input\":{\"@type\":\"PropertyValueSpecification\",\"valueRequired\":true,\"valueName\":\"search_term_string\"}}],\"inLanguage\":\"fi\"},{\"@type\":\"Organization\",\"@id\":\"https:\/\/rukaskichalets.fi\/#organization\",\"name\":\"Ruka Ski Chalets\",\"url\":\"https:\/\/rukaskichalets.fi\/\",\"logo\":{\"@type\":\"ImageObject\",\"inLanguage\":\"fi\",\"@id\":\"https:\/\/rukaskichalets.fi\/#\/schema\/logo\/image\/\",\"url\":\"https:\/\/rukaskichalets.fi\/wp-content\/uploads\/2025\/08\/ruka_skichalets_logo.webp\",\"contentUrl\":\"https:\/\/rukaskichalets.fi\/wp-content\/uploads\/2025\/08\/ruka_skichalets_logo.webp\",\"width\":300,\"height\":82,\"caption\":\"Ruka Ski Chalets\"},\"image\":{\"@id\":\"https:\/\/rukaskichalets.fi\/#\/schema\/logo\/image\/\"},\"sameAs\":[\"https:\/\/www.facebook.com\/RukaSkiChalets\",\"https:\/\/www.instagram.com\/rukaskichalets\/\"]}]}<\/script>\n<!-- \/ Yoast SEO plugin. -->","yoast_head_json":{"title":"Nauti - Ruka Ski Chalets","robots":{"index":"index","follow":"follow","max-snippet":"max-snippet:-1","max-image-preview":"max-image-preview:large","max-video-preview":"max-video-preview:-1"},"canonical":"https:\/\/rukaskichalets.fi\/fi\/nauti\/","og_locale":"fi_FI","og_type":"article","og_title":"Enjoy - Ruka Ski Chalets","og_description":"Enjoy, relax and feel at home","og_url":"https:\/\/rukaskichalets.fi\/fi\/nauti\/","og_site_name":"Ruka Ski Chalets","article_publisher":"https:\/\/www.facebook.com\/RukaSkiChalets","article_modified_time":"2026-01-03T09:01:02+00:00","og_image":[{"width":2560,"height":1703,"url":"https:\/\/rukaskichalets.fi\/wp-content\/uploads\/2025\/12\/Ruka-Chalets-huoneisto-12-scaled.jpg","type":"image\/jpeg"}],"twitter_card":"summary_large_image","twitter_misc":{"Arvioitu lukuaika":"1 minuutti"},"schema":{"@context":"https:\/\/schema.org","@graph":[{"@type":"WebPage","@id":"https:\/\/rukaskichalets.fi\/enjoy\/","url":"https:\/\/rukaskichalets.fi\/enjoy\/","name":"Nauti - Ruka Ski Chalets","isPartOf":{"@id":"https:\/\/rukaskichalets.fi\/#website"},"primaryImageOfPage":{"@id":"https:\/\/rukaskichalets.fi\/enjoy\/#primaryimage"},"image":{"@id":"https:\/\/rukaskichalets.fi\/enjoy\/#primaryimage"},"thumbnailUrl":"https:\/\/rukaskichalets.fi\/wp-content\/uploads\/2025\/12\/Ruka-Chalets-huoneisto-12-scaled.jpg","datePublished":"2025-11-17T15:53:32+00:00","dateModified":"2026-01-03T09:01:02+00:00","breadcrumb":{"@id":"https:\/\/rukaskichalets.fi\/enjoy\/#breadcrumb"},"inLanguage":"fi","potentialAction":[{"@type":"ReadAction","target":["https:\/\/rukaskichalets.fi\/enjoy\/"]}]},{"@type":"ImageObject","inLanguage":"fi","@id":"https:\/\/rukaskichalets.fi\/enjoy\/#primaryimage","url":"https:\/\/rukaskichalets.fi\/wp-content\/uploads\/2025\/12\/Ruka-Chalets-huoneisto-12-scaled.jpg","contentUrl":"https:\/\/rukaskichalets.fi\/wp-content\/uploads\/2025\/12\/Ruka-Chalets-huoneisto-12-scaled.jpg","width":2560,"height":1703},{"@type":"BreadcrumbList","@id":"https:\/\/rukaskichalets.fi\/enjoy\/#breadcrumb","itemListElement":[{"@type":"ListItem","position":1,"name":"Home","item":"https:\/\/rukaskichalets.fi\/"},{"@type":"ListItem","position":2,"name":"Enjoy"}]},{"@type":"WebSite","@id":"https:\/\/rukaskichalets.fi\/#website","url":"https:\/\/rukaskichalets.fi\/","name":"Ruka Ski Chalets","description":"","publisher":{"@id":"https:\/\/rukaskichalets.fi\/#organization"},"potentialAction":[{"@type":"SearchAction","target":{"@type":"EntryPoint","urlTemplate":"https:\/\/rukaskichalets.fi\/?s={search_term_string}"},"query-input":{"@type":"PropertyValueSpecification","valueRequired":true,"valueName":"search_term_string"}}],"inLanguage":"fi"},{"@type":"Organization","@id":"https:\/\/rukaskichalets.fi\/#organization","name":"Ruka Ski Chalets","url":"https:\/\/rukaskichalets.fi\/","logo":{"@type":"ImageObject","inLanguage":"fi","@id":"https:\/\/rukaskichalets.fi\/#\/schema\/logo\/image\/","url":"https:\/\/rukaskichalets.fi\/wp-content\/uploads\/2025\/08\/ruka_skichalets_logo.webp","contentUrl":"https:\/\/rukaskichalets.fi\/wp-content\/uploads\/2025\/08\/ruka_skichalets_logo.webp","width":300,"height":82,"caption":"Ruka Ski Chalets"},"image":{"@id":"https:\/\/rukaskichalets.fi\/#\/schema\/logo\/image\/"},"sameAs":["https:\/\/www.facebook.com\/RukaSkiChalets","https:\/\/www.instagram.com\/rukaskichalets\/"]}]}},"_links":{"self":[{"href":"https:\/\/rukaskichalets.fi\/fi\/wp-json\/wp\/v2\/pages\/987862","targetHints":{"allow":["GET"]}}],"collection":[{"href":"https:\/\/rukaskichalets.fi\/fi\/wp-json\/wp\/v2\/pages"}],"about":[{"href":"https:\/\/rukaskichalets.fi\/fi\/wp-json\/wp\/v2\/types\/page"}],"author":[{"embeddable":true,"href":"https:\/\/rukaskichalets.fi\/fi\/wp-json\/wp\/v2\/users\/1"}],"replies":[{"embeddable":true,"href":"https:\/\/rukaskichalets.fi\/fi\/wp-json\/wp\/v2\/comments?post=987862"}],"version-history":[{"count":5,"href":"https:\/\/rukaskichalets.fi\/fi\/wp-json\/wp\/v2\/pages\/987862\/revisions"}],"predecessor-version":[{"id":988920,"href":"https:\/\/rukaskichalets.fi\/fi\/wp-json\/wp\/v2\/pages\/987862\/revisions\/988920"}],"wp:featuredmedia":[{"embeddable":true,"href":"https:\/\/rukaskichalets.fi\/fi\/wp-json\/wp\/v2\/media\/988533"}],"wp:attachment":[{"href":"https:\/\/rukaskichalets.fi\/fi\/wp-json\/wp\/v2\/media?parent=987862"}],"curies":[{"name":"wp","href":"https:\/\/api.w.org\/{rel}","templated":true}]}}