{"id":987873,"date":"2025-11-17T16:14:42","date_gmt":"2025-11-17T16:14:42","guid":{"rendered":"https:\/\/rsc.valfisite.com\/?page_id=987873"},"modified":"2026-01-05T10:57:32","modified_gmt":"2026-01-05T10:57:32","slug":"kokemuksia","status":"publish","type":"page","link":"https:\/\/rukaskichalets.fi\/fi\/kokemuksia\/","title":{"rendered":"Koe"},"content":{"rendered":"<div data-elementor-type=\"wp-page\" data-elementor-id=\"987873\" class=\"elementor elementor-987873\" data-elementor-post-type=\"page\">\n\t\t\t\t<div class=\"elementor-element elementor-element-6a5f82c e-flex e-con-boxed e-con e-parent\" data-id=\"6a5f82c\" data-element_type=\"container\" data-settings=\"{&quot;background_background&quot;:&quot;classic&quot;}\">\n\t\t\t\t\t<div class=\"e-con-inner\">\n\t\t\t\t<div class=\"elementor-element elementor-element-59fd90b elementor-widget__width-initial elementor-widget elementor-widget-text-editor\" data-id=\"59fd90b\" data-element_type=\"widget\" data-widget_type=\"text-editor.default\">\n\t\t\t\t<div class=\"elementor-widget-container\">\n\t\t\t\t\t\t\t\t\t<h3><span style=\"color: #1f1f1f; letter-spacing: normal;\">Hiihto, lumi, revontulet ja y\u00f6t\u00f6n kes\u00e4 - sek\u00e4 syksyn v\u00e4rik\u00e4s kauneus - Ruka tarjoaa jokaisena vuodenaikana jotain erityist\u00e4.<\/span><\/h3><p>Ruka on yksi Suomen monipuolisimmista lomakohteista. Talvella voit nauttia erinomaisista hiihto-olosuhteista, hyvin hoidetuista rinteist\u00e4, hiihtoladuista, lumikenk\u00e4ilyreiteist\u00e4 ja moottorikelkkasafareista. Palaa aktiivisen p\u00e4iv\u00e4n j\u00e4lkeen l\u00e4mpim\u00e4\u00e4n huoneistoon ja omaan saunaan Ruka Ski Chaletsissa.<\/p><p data-start=\"1387\" data-end=\"1634\">Kes\u00e4ll\u00e4 ja syksyll\u00e4 Ruka muuttuu retkeilij\u00f6iden ja maastopy\u00f6r\u00e4ilij\u00f6iden paratiisiksi. L\u00e4hist\u00f6ll\u00e4 on kuuluisa Karhunkierrosreitti, kauniita tuntureita, jokia ja j\u00e4rvi\u00e4 melontaan ja kalastukseen - sek\u00e4 rauhallista luontoa, jossa voi vain rentoutua.<\/p>\t\t\t\t\t\t\t\t<\/div>\n\t\t\t\t<\/div>\n\t\t\t\t\t<\/div>\n\t\t\t\t<\/div>\n\t\t<div class=\"elementor-element elementor-element-f1d30a9 e-con-full elementor-hidden-mobile e-flex e-con e-parent\" data-id=\"f1d30a9\" data-element_type=\"container\" data-settings=\"{&quot;background_background&quot;:&quot;gradient&quot;}\">\n\t\t\t\t<\/div>\n\t\t<div class=\"elementor-element elementor-element-0b88d5b e-flex e-con-boxed e-con e-parent\" data-id=\"0b88d5b\" data-element_type=\"container\">\n\t\t\t\t\t<div class=\"e-con-inner\">\n\t\t\t\t\t<\/div>\n\t\t\t\t<\/div>\n\t\t<div class=\"elementor-element elementor-element-593e0b1 e-flex e-con-boxed e-con e-child\" data-id=\"593e0b1\" data-element_type=\"container\">\n\t\t\t\t\t<div class=\"e-con-inner\">\n\t\t<div class=\"elementor-element elementor-element-c679a72 e-con-full animated-fast e-flex elementor-invisible e-con e-child\" data-id=\"c679a72\" data-element_type=\"container\" data-settings=\"{&quot;animation&quot;:&quot;fadeIn&quot;,&quot;sticky&quot;:&quot;top&quot;,&quot;sticky_on&quot;:[&quot;tablet&quot;],&quot;sticky_offset_tablet&quot;:70,&quot;sticky_parent&quot;:&quot;yes&quot;,&quot;sticky_offset&quot;:0,&quot;sticky_effects_offset&quot;:0,&quot;sticky_anchor_link_offset&quot;:0}\">\n\t\t<div class=\"elementor-element elementor-element-44e659b e-con-full animated-fast e-flex elementor-invisible e-con e-child\" data-id=\"44e659b\" data-element_type=\"container\" data-settings=\"{&quot;animation&quot;:&quot;fadeIn&quot;}\">\n\t\t<div class=\"elementor-element elementor-element-3af75f7 e-con-full e-flex e-con e-child\" data-id=\"3af75f7\" data-element_type=\"container\" data-settings=\"{&quot;background_background&quot;:&quot;classic&quot;}\">\n\t\t\t\t<\/div>\n\t\t\t\t<\/div>\n\t\t\t\t<\/div>\n\t\t<div class=\"elementor-element elementor-element-8f3d01f e-con-full e-flex e-con e-child\" data-id=\"8f3d01f\" data-element_type=\"container\">\n\t\t\t\t<div class=\"elementor-element elementor-element-da32f28 animated-fast elementor-invisible elementor-widget elementor-widget-heading\" data-id=\"da32f28\" data-element_type=\"widget\" data-settings=\"{&quot;_animation&quot;:&quot;fadeIn&quot;,&quot;_animation_delay&quot;:50}\" data-widget_type=\"heading.default\">\n\t\t\t\t<div class=\"elementor-widget-container\">\n\t\t\t\t\t<h2 class=\"elementor-heading-title elementor-size-default\">Ideoita Rukan lomalle<\/h2>\t\t\t\t<\/div>\n\t\t\t\t<\/div>\n\t\t\t\t<div class=\"elementor-element elementor-element-f2548b4 animated-fast elementor-invisible elementor-widget elementor-widget-text-editor\" data-id=\"f2548b4\" data-element_type=\"widget\" data-settings=\"{&quot;_animation&quot;:&quot;fadeIn&quot;,&quot;_animation_delay&quot;:100}\" data-widget_type=\"text-editor.default\">\n\t\t\t\t<div class=\"elementor-widget-container\">\n\t\t\t\t\t\t\t\t\t<p>- Laskettelu, maastohiihto ja lumilautailu.<br data-start=\"459\" data-end=\"462\" \/>- Maastohiihto laajalla latuverkostolla<br data-start=\"520\" data-end=\"523\" \/>- Lumikenk\u00e4ily ja talvivaellus tunturimaisemissa<br data-start=\"575\" data-end=\"578\" \/>- Husky-, poro- ja moottorikelkkasafarit paikallisten toimijoiden kanssa.<br data-start=\"641\" data-end=\"644\" \/>- Kes\u00e4vaellus, polkujuoksu ja maastopy\u00f6r\u00e4ily<br data-start=\"696\" data-end=\"699\" \/>- Melontaa, kalastusta ja marjastusta puhtaassa luonnossa sek\u00e4 karhu- ja porosafareita.<\/p>\t\t\t\t\t\t\t\t<\/div>\n\t\t\t\t<\/div>\n\t\t\t\t<\/div>\n\t\t\t\t\t<\/div>\n\t\t\t\t<\/div>\n\t\t<div class=\"elementor-element elementor-element-31cb839 e-flex e-con-boxed e-con e-child\" data-id=\"31cb839\" data-element_type=\"container\">\n\t\t\t\t\t<div class=\"e-con-inner\">\n\t\t<div class=\"elementor-element elementor-element-27a8d71 e-con-full e-flex e-con e-child\" data-id=\"27a8d71\" data-element_type=\"container\">\n\t\t\t\t<div class=\"elementor-element elementor-element-722d62c animated-fast elementor-invisible elementor-widget elementor-widget-heading\" data-id=\"722d62c\" data-element_type=\"widget\" data-settings=\"{&quot;_animation&quot;:&quot;fadeIn&quot;,&quot;_animation_delay&quot;:50}\" data-widget_type=\"heading.default\">\n\t\t\t\t<div class=\"elementor-widget-container\">\n\t\t\t\t\t<h2 class=\"elementor-heading-title elementor-size-default\">Pysy l\u00e4hell\u00e4 kaikkea - silti rauhassa<\/h2>\t\t\t\t<\/div>\n\t\t\t\t<\/div>\n\t\t\t\t<div class=\"elementor-element elementor-element-31c454c animated-fast elementor-invisible elementor-widget elementor-widget-text-editor\" data-id=\"31c454c\" data-element_type=\"widget\" data-settings=\"{&quot;_animation&quot;:&quot;fadeIn&quot;,&quot;_animation_delay&quot;:100}\" data-widget_type=\"text-editor.default\">\n\t\t\t\t<div class=\"elementor-widget-container\">\n\t\t\t\t\t\t\t\t\t<p data-start=\"329\" data-end=\"552\">Ruka Ski Chaletsista p\u00e4\u00e4set helposti aktiviteetteihin, ravintoloihin ja paikallisiin palveluihin k\u00e4vellen, hiihtobussilla tai autolla. Suunnittele aktiivista ohjelmaa jokaiselle p\u00e4iv\u00e4lle tai ota rauhallisesti, nauti maisemista ja rentoudu omassa huoneistossasi.<\/p><p data-start=\"557\" data-end=\"631\">Lue lis\u00e4\u00e4 tekemist\u00e4 Rukalla <a href=\"https:\/\/www.ruka.fi\/en\"><strong>t\u00e4\u00e4ll\u00e4<\/strong><\/a> ja aloita seuraavan lomasi suunnittelu.<\/p>\t\t\t\t\t\t\t\t<\/div>\n\t\t\t\t<\/div>\n\t\t\t\t<\/div>\n\t\t<div class=\"elementor-element elementor-element-b6e795e e-con-full animated-fast e-flex elementor-invisible e-con e-child\" data-id=\"b6e795e\" data-element_type=\"container\" data-settings=\"{&quot;animation&quot;:&quot;fadeIn&quot;,&quot;sticky&quot;:&quot;top&quot;,&quot;sticky_on&quot;:[&quot;tablet&quot;],&quot;sticky_offset_tablet&quot;:70,&quot;sticky_parent&quot;:&quot;yes&quot;,&quot;sticky_offset&quot;:0,&quot;sticky_effects_offset&quot;:0,&quot;sticky_anchor_link_offset&quot;:0}\">\n\t\t<div class=\"elementor-element elementor-element-a5fe9e4 e-con-full animated-fast e-flex elementor-invisible e-con e-child\" data-id=\"a5fe9e4\" data-element_type=\"container\" data-settings=\"{&quot;animation&quot;:&quot;fadeIn&quot;}\">\n\t\t<div class=\"elementor-element elementor-element-dd8f8d9 e-con-full e-flex e-con e-child\" data-id=\"dd8f8d9\" data-element_type=\"container\" data-settings=\"{&quot;background_background&quot;:&quot;classic&quot;}\">\n\t\t\t\t<\/div>\n\t\t\t\t<\/div>\n\t\t\t\t<\/div>\n\t\t\t\t\t<\/div>\n\t\t\t\t<\/div>\n\t\t\t\t<\/div>","protected":false},"excerpt":{"rendered":"<p>El\u00e4myksi\u00e4 Rukalla - Nelj\u00e4 vuodenaikaa, ei vain talvi ja kes\u00e4<\/p>","protected":false},"author":1,"featured_media":988486,"parent":0,"menu_order":0,"comment_status":"closed","ping_status":"closed","template":"","meta":{"_acf_changed":false,"footnotes":""},"class_list":["post-987873","page","type-page","status-publish","has-post-thumbnail","hentry"],"acf":[],"yoast_head":"<!-- This site is optimized with the Yoast SEO plugin v26.8 - https:\/\/yoast.com\/product\/yoast-seo-wordpress\/ -->\n<title>Experiences - Ruka Ski Chalets<\/title>\n<meta name=\"robots\" content=\"index, follow, max-snippet:-1, max-image-preview:large, max-video-preview:-1\" \/>\n<link rel=\"canonical\" href=\"https:\/\/rukaskichalets.fi\/fi\/kokemuksia\/\" \/>\n<meta property=\"og:locale\" content=\"fi_FI\" \/>\n<meta property=\"og:type\" content=\"article\" \/>\n<meta property=\"og:title\" content=\"Experiences - Ruka Ski Chalets\" \/>\n<meta property=\"og:description\" content=\"Experiences in Ruka \u2013 Four seasons, not just winter and summer\" \/>\n<meta property=\"og:url\" content=\"https:\/\/rukaskichalets.fi\/fi\/kokemuksia\/\" \/>\n<meta property=\"og:site_name\" content=\"Ruka Ski Chalets\" \/>\n<meta property=\"article:publisher\" content=\"https:\/\/www.facebook.com\/RukaSkiChalets\" \/>\n<meta property=\"article:modified_time\" content=\"2026-01-05T10:57:32+00:00\" \/>\n<meta property=\"og:image\" content=\"https:\/\/rukaskichalets.fi\/wp-content\/uploads\/2025\/12\/Ruka-Chalets-kuvitus-maisema-2-scaled.jpg\" \/>\n\t<meta property=\"og:image:width\" content=\"2560\" \/>\n\t<meta property=\"og:image:height\" content=\"1706\" \/>\n\t<meta property=\"og:image:type\" content=\"image\/jpeg\" \/>\n<meta name=\"twitter:card\" content=\"summary_large_image\" \/>\n<meta name=\"twitter:label1\" content=\"Arvioitu lukuaika\" \/>\n\t<meta name=\"twitter:data1\" content=\"1 minuutti\" \/>\n<script type=\"application\/ld+json\" class=\"yoast-schema-graph\">{\"@context\":\"https:\/\/schema.org\",\"@graph\":[{\"@type\":\"WebPage\",\"@id\":\"https:\/\/rukaskichalets.fi\/experiences\/\",\"url\":\"https:\/\/rukaskichalets.fi\/experiences\/\",\"name\":\"Experiences - Ruka Ski Chalets\",\"isPartOf\":{\"@id\":\"https:\/\/rukaskichalets.fi\/#website\"},\"primaryImageOfPage\":{\"@id\":\"https:\/\/rukaskichalets.fi\/experiences\/#primaryimage\"},\"image\":{\"@id\":\"https:\/\/rukaskichalets.fi\/experiences\/#primaryimage\"},\"thumbnailUrl\":\"https:\/\/rukaskichalets.fi\/wp-content\/uploads\/2025\/12\/Ruka-Chalets-kuvitus-maisema-2-scaled.jpg\",\"datePublished\":\"2025-11-17T16:14:42+00:00\",\"dateModified\":\"2026-01-05T10:57:32+00:00\",\"breadcrumb\":{\"@id\":\"https:\/\/rukaskichalets.fi\/experiences\/#breadcrumb\"},\"inLanguage\":\"fi\",\"potentialAction\":[{\"@type\":\"ReadAction\",\"target\":[\"https:\/\/rukaskichalets.fi\/experiences\/\"]}]},{\"@type\":\"ImageObject\",\"inLanguage\":\"fi\",\"@id\":\"https:\/\/rukaskichalets.fi\/experiences\/#primaryimage\",\"url\":\"https:\/\/rukaskichalets.fi\/wp-content\/uploads\/2025\/12\/Ruka-Chalets-kuvitus-maisema-2-scaled.jpg\",\"contentUrl\":\"https:\/\/rukaskichalets.fi\/wp-content\/uploads\/2025\/12\/Ruka-Chalets-kuvitus-maisema-2-scaled.jpg\",\"width\":2560,\"height\":1706},{\"@type\":\"BreadcrumbList\",\"@id\":\"https:\/\/rukaskichalets.fi\/experiences\/#breadcrumb\",\"itemListElement\":[{\"@type\":\"ListItem\",\"position\":1,\"name\":\"Home\",\"item\":\"https:\/\/rukaskichalets.fi\/\"},{\"@type\":\"ListItem\",\"position\":2,\"name\":\"Experiences\"}]},{\"@type\":\"WebSite\",\"@id\":\"https:\/\/rukaskichalets.fi\/#website\",\"url\":\"https:\/\/rukaskichalets.fi\/\",\"name\":\"Ruka Ski Chalets\",\"description\":\"\",\"publisher\":{\"@id\":\"https:\/\/rukaskichalets.fi\/#organization\"},\"potentialAction\":[{\"@type\":\"SearchAction\",\"target\":{\"@type\":\"EntryPoint\",\"urlTemplate\":\"https:\/\/rukaskichalets.fi\/?s={search_term_string}\"},\"query-input\":{\"@type\":\"PropertyValueSpecification\",\"valueRequired\":true,\"valueName\":\"search_term_string\"}}],\"inLanguage\":\"fi\"},{\"@type\":\"Organization\",\"@id\":\"https:\/\/rukaskichalets.fi\/#organization\",\"name\":\"Ruka Ski Chalets\",\"url\":\"https:\/\/rukaskichalets.fi\/\",\"logo\":{\"@type\":\"ImageObject\",\"inLanguage\":\"fi\",\"@id\":\"https:\/\/rukaskichalets.fi\/#\/schema\/logo\/image\/\",\"url\":\"https:\/\/rukaskichalets.fi\/wp-content\/uploads\/2025\/08\/ruka_skichalets_logo.webp\",\"contentUrl\":\"https:\/\/rukaskichalets.fi\/wp-content\/uploads\/2025\/08\/ruka_skichalets_logo.webp\",\"width\":300,\"height\":82,\"caption\":\"Ruka Ski Chalets\"},\"image\":{\"@id\":\"https:\/\/rukaskichalets.fi\/#\/schema\/logo\/image\/\"},\"sameAs\":[\"https:\/\/www.facebook.com\/RukaSkiChalets\",\"https:\/\/www.instagram.com\/rukaskichalets\/\"]}]}<\/script>\n<!-- \/ Yoast SEO plugin. -->","yoast_head_json":{"title":"Kokemuksia - Ruka Ski Chalets","robots":{"index":"index","follow":"follow","max-snippet":"max-snippet:-1","max-image-preview":"max-image-preview:large","max-video-preview":"max-video-preview:-1"},"canonical":"https:\/\/rukaskichalets.fi\/fi\/kokemuksia\/","og_locale":"fi_FI","og_type":"article","og_title":"Experiences - Ruka Ski Chalets","og_description":"Experiences in Ruka \u2013 Four seasons, not just winter and summer","og_url":"https:\/\/rukaskichalets.fi\/fi\/kokemuksia\/","og_site_name":"Ruka Ski Chalets","article_publisher":"https:\/\/www.facebook.com\/RukaSkiChalets","article_modified_time":"2026-01-05T10:57:32+00:00","og_image":[{"width":2560,"height":1706,"url":"https:\/\/rukaskichalets.fi\/wp-content\/uploads\/2025\/12\/Ruka-Chalets-kuvitus-maisema-2-scaled.jpg","type":"image\/jpeg"}],"twitter_card":"summary_large_image","twitter_misc":{"Arvioitu lukuaika":"1 minuutti"},"schema":{"@context":"https:\/\/schema.org","@graph":[{"@type":"WebPage","@id":"https:\/\/rukaskichalets.fi\/experiences\/","url":"https:\/\/rukaskichalets.fi\/experiences\/","name":"Kokemuksia - Ruka Ski Chalets","isPartOf":{"@id":"https:\/\/rukaskichalets.fi\/#website"},"primaryImageOfPage":{"@id":"https:\/\/rukaskichalets.fi\/experiences\/#primaryimage"},"image":{"@id":"https:\/\/rukaskichalets.fi\/experiences\/#primaryimage"},"thumbnailUrl":"https:\/\/rukaskichalets.fi\/wp-content\/uploads\/2025\/12\/Ruka-Chalets-kuvitus-maisema-2-scaled.jpg","datePublished":"2025-11-17T16:14:42+00:00","dateModified":"2026-01-05T10:57:32+00:00","breadcrumb":{"@id":"https:\/\/rukaskichalets.fi\/experiences\/#breadcrumb"},"inLanguage":"fi","potentialAction":[{"@type":"ReadAction","target":["https:\/\/rukaskichalets.fi\/experiences\/"]}]},{"@type":"ImageObject","inLanguage":"fi","@id":"https:\/\/rukaskichalets.fi\/experiences\/#primaryimage","url":"https:\/\/rukaskichalets.fi\/wp-content\/uploads\/2025\/12\/Ruka-Chalets-kuvitus-maisema-2-scaled.jpg","contentUrl":"https:\/\/rukaskichalets.fi\/wp-content\/uploads\/2025\/12\/Ruka-Chalets-kuvitus-maisema-2-scaled.jpg","width":2560,"height":1706},{"@type":"BreadcrumbList","@id":"https:\/\/rukaskichalets.fi\/experiences\/#breadcrumb","itemListElement":[{"@type":"ListItem","position":1,"name":"Home","item":"https:\/\/rukaskichalets.fi\/"},{"@type":"ListItem","position":2,"name":"Experiences"}]},{"@type":"WebSite","@id":"https:\/\/rukaskichalets.fi\/#website","url":"https:\/\/rukaskichalets.fi\/","name":"Ruka Ski Chalets","description":"","publisher":{"@id":"https:\/\/rukaskichalets.fi\/#organization"},"potentialAction":[{"@type":"SearchAction","target":{"@type":"EntryPoint","urlTemplate":"https:\/\/rukaskichalets.fi\/?s={search_term_string}"},"query-input":{"@type":"PropertyValueSpecification","valueRequired":true,"valueName":"search_term_string"}}],"inLanguage":"fi"},{"@type":"Organization","@id":"https:\/\/rukaskichalets.fi\/#organization","name":"Ruka Ski Chalets","url":"https:\/\/rukaskichalets.fi\/","logo":{"@type":"ImageObject","inLanguage":"fi","@id":"https:\/\/rukaskichalets.fi\/#\/schema\/logo\/image\/","url":"https:\/\/rukaskichalets.fi\/wp-content\/uploads\/2025\/08\/ruka_skichalets_logo.webp","contentUrl":"https:\/\/rukaskichalets.fi\/wp-content\/uploads\/2025\/08\/ruka_skichalets_logo.webp","width":300,"height":82,"caption":"Ruka Ski Chalets"},"image":{"@id":"https:\/\/rukaskichalets.fi\/#\/schema\/logo\/image\/"},"sameAs":["https:\/\/www.facebook.com\/RukaSkiChalets","https:\/\/www.instagram.com\/rukaskichalets\/"]}]}},"_links":{"self":[{"href":"https:\/\/rukaskichalets.fi\/fi\/wp-json\/wp\/v2\/pages\/987873","targetHints":{"allow":["GET"]}}],"collection":[{"href":"https:\/\/rukaskichalets.fi\/fi\/wp-json\/wp\/v2\/pages"}],"about":[{"href":"https:\/\/rukaskichalets.fi\/fi\/wp-json\/wp\/v2\/types\/page"}],"author":[{"embeddable":true,"href":"https:\/\/rukaskichalets.fi\/fi\/wp-json\/wp\/v2\/users\/1"}],"replies":[{"embeddable":true,"href":"https:\/\/rukaskichalets.fi\/fi\/wp-json\/wp\/v2\/comments?post=987873"}],"version-history":[{"count":5,"href":"https:\/\/rukaskichalets.fi\/fi\/wp-json\/wp\/v2\/pages\/987873\/revisions"}],"predecessor-version":[{"id":988992,"href":"https:\/\/rukaskichalets.fi\/fi\/wp-json\/wp\/v2\/pages\/987873\/revisions\/988992"}],"wp:featuredmedia":[{"embeddable":true,"href":"https:\/\/rukaskichalets.fi\/fi\/wp-json\/wp\/v2\/media\/988486"}],"wp:attachment":[{"href":"https:\/\/rukaskichalets.fi\/fi\/wp-json\/wp\/v2\/media?parent=987873"}],"curies":[{"name":"wp","href":"https:\/\/api.w.org\/{rel}","templated":true}]}}