{"id":988226,"date":"2025-12-03T13:09:10","date_gmt":"2025-12-03T13:09:10","guid":{"rendered":"https:\/\/rsc.valfisite.com\/?page_id=988226"},"modified":"2025-12-04T12:50:48","modified_gmt":"2025-12-04T12:50:48","slug":"varausehdot-ja-ehdot","status":"publish","type":"page","link":"https:\/\/rukaskichalets.fi\/fi\/varausehdot-ja-ehdot\/","title":{"rendered":"Ehdot"},"content":{"rendered":"<div data-elementor-type=\"wp-page\" data-elementor-id=\"988226\" class=\"elementor elementor-988226\" data-elementor-post-type=\"page\">\n\t\t\t\t<div class=\"elementor-element elementor-element-91979f7 animated-fast e-flex e-con-boxed elementor-invisible e-con e-parent\" data-id=\"91979f7\" data-element_type=\"container\" data-settings=\"{&quot;animation&quot;:&quot;fadeIn&quot;,&quot;animation_delay&quot;:100}\">\n\t\t\t\t\t<div class=\"e-con-inner\">\n\t\t\t\t<div class=\"elementor-element elementor-element-0bf9c70 elementor-widget elementor-widget-text-editor\" data-id=\"0bf9c70\" data-element_type=\"widget\" data-widget_type=\"text-editor.default\">\n\t\t\t\t<div class=\"elementor-widget-container\">\n\t\t\t\t\t\t\t\t\t<h4><strong>Johdanto<\/strong><\/h4><p>Ruka Ski Chalets (Chalet Dreams Oy, Y-tunnus 3190900-6, toimii my\u00f6s nimell\u00e4 rukaskichalets.fi) on majoitusv\u00e4lityspalvelu, joka tarjoaa verkkoalustan ja myyntikanavat yksityishenkil\u00f6iden ja organisaatioiden omistamille lomakiinteist\u00f6ille. Ruka Ski Chalets toimii useilla eri sopimusmalleilla (vuokrauspooli, vapaa-ajan kiinteist\u00f6jen v\u00e4litys ja alivuokraus), joista kukin noudattaa kulloinkin voimassa olevaa verotusk\u00e4yt\u00e4nt\u00f6\u00e4.<\/p><p>Ruka Ski Chalets voi my\u00f6s huolehtia huoneistojen siivouksesta, huollosta ja oheispalvelujen tarjoamisesta. Ruka Ski Chalets toimii alustana, jonka avulla asiakkaat voivat ostaa turvallisia, varmennettuja ja ennalta tunnistettuja majoituksia ja niihin liittyvi\u00e4 oheispalveluja verkkosivustonsa ja muiden myyntikanaviensa kautta.<\/p><p>Ruka Ski Chalets on sitoutunut toimimaan eettisesti ja lainmukaisesti. Seuraamme toimintamme ymp\u00e4rist\u00f6vaikutuksia ja pyrimme noudattamaan parhaita mahdollisia ymp\u00e4rist\u00f6n kannalta kest\u00e4vi\u00e4 k\u00e4yt\u00e4nt\u00f6j\u00e4. Odotamme my\u00f6s yhteisty\u00f6kumppaneiltamme sitoutumista Varaamokki.comin arvoihin ja periaatteisiin.<\/p><p>Noudatamme EU:n yleist\u00e4 tietosuoja-asetusta, ja verkkoalustamme k\u00e4ytt\u00f6 on turvallista.<\/p><p>N\u00e4iden varausehtojen mukaan varauksen tekev\u00e4n henkil\u00f6n on oltava v\u00e4hint\u00e4\u00e4n 18-vuotias tai rekister\u00f6ity oikeushenkil\u00f6. Ruka Ski Chalets voi olla sopimussuhteessa varausasiakkaaseen seuraavilla tavoilla:<br \/>- Varaus tehd\u00e4\u00e4n Ruka Ski Chaletsin myyntikanavien kautta ja koskee vuokrauspooliin kuuluvaa loma-asuntoa.<br \/>- Varaus tehd\u00e4\u00e4n Ruka Ski Chaletsin myyntikanavien kautta ja koskee Ruka Ski Chaletsin v\u00e4litt\u00e4m\u00e4\u00e4 loma-asuntoa.<br \/>- Varaus tehd\u00e4\u00e4n Ruka Ski Chaletsin myyntikanavien kautta, ja se koskee loma-asuntoa, joka on alivuokrattu omistajan kanssa tehdyll\u00e4 erillisell\u00e4 sopimuksella.<\/p><p>Tapauksessa (a) Ruka Ski Chalets toimii vuokrauspooliin liittyneen omistajan puolesta. Majoituksen vuokrasopimus tehd\u00e4\u00e4n t\u00e4ll\u00f6in Ruka Ski Chaletsin (Chalet Dreams Oy) ja vuokralaisen v\u00e4lill\u00e4. T\u00e4m\u00e4 tarkoittaa muun muassa sit\u00e4, ett\u00e4 Ruka Ski Chalets vastaa siit\u00e4, ett\u00e4 huoneisto on asianmukaisessa kunnossa ja vastaa markkinointimateriaalissa annettua kuvausta.<\/p><p>Tapauksessa (b) Ruka Ski Chalets v\u00e4litt\u00e4\u00e4 kiinteist\u00f6\u00e4 omistajan puolesta. T\u00e4ll\u00f6in omistajan ja vuokralaisen v\u00e4lill\u00e4 tehd\u00e4\u00e4n lyhytaikaista vuokrausta koskeva ostosopimus varauksen yhteydess\u00e4. Ruka Ski Chalets ei ole suora sopimusosapuoli, vaan se toimii omistajan edustajana ja hoitaa vuokraukseen liittyv\u00e4t k\u00e4yt\u00e4nn\u00f6n asiat, maksut ja asiakaspalvelun. Omistaja vastaa siit\u00e4, ett\u00e4 huoneisto on asianmukaisessa kunnossa ja vastaa markkinoitua kuvausta.<\/p><p>Tapauksessa (c) Ruka Ski Chalets on saattanut tehd\u00e4 omistajan kanssa erillisen sopimuksen, mahdollisesti erityisehdoin. T\u00e4ll\u00f6in Ruka Ski Chalets vastaa siit\u00e4, ett\u00e4 vuokralainen on t\u00e4ysin tietoinen sovituista majoitusehdoista, mutta vastuu huoneiston kunnosta ja varustelusta m\u00e4\u00e4ritell\u00e4\u00e4n sopimuksessa tapauskohtaisesti.<\/p><p>Toimintamallista riippumatta Ruka Ski Chalets voi markkinoida kiinteist\u00f6j\u00e4\u00e4n omalla verkkosivustollaan sek\u00e4 muissa kanavissa, kuten Varaam\u00f6kki.com, Booking.com, Airbnb.com\/fi, Nettimokki.com ja vastaavilla alustoilla.<\/p><p>Asiakkaan on maksettava palvelumaksu varauksen yhteydess\u00e4. Varausmaksu on maksettava kokonaisuudessaan viimeist\u00e4\u00e4n 28 p\u00e4iv\u00e4\u00e4 ennen vuokra-ajan alkamista. Ellei majoituspaikan kuvauksessa toisin mainita, sis\u00e4\u00e4nkirjautuminen tapahtuu saapumisp\u00e4iv\u00e4n\u00e4 klo 16:00 alkaen ja uloskirjautumisen on tapahduttava l\u00e4ht\u00f6p\u00e4iv\u00e4n\u00e4 klo 12:00 menness\u00e4. Asiakkaan on noudatettava kiinteist\u00f6n yleisi\u00e4 vuokrausehtoja. Asiakas on vastuussa kiinteist\u00f6lle tai sen sis\u00e4ll\u00f6lle aiheutuneista vahingoista joko Ruka Ski Chaletsille tai suoraan kiinteist\u00f6n omistajalle, riippuen kohdista (a)-(c).<\/p><h4><b>1. M\u00e4\u00e4ritelm\u00e4t<\/b><\/h4><p><span style=\"font-weight: 400;\">Kiinteist\u00f6: Loma-asunto, asunto tai muu varauksen kohteena oleva rakennus.<\/span><span style=\"font-weight: 400;\"><br \/><\/span><span style=\"font-weight: 400;\">Omistaja: Kiinteist\u00f6n omistaja tai muu osapuoli, jolla on omistus- tai hallintaoikeus.<\/span><span style=\"font-weight: 400;\"><br \/><\/span><span style=\"font-weight: 400;\">Asiakas: Henkil\u00f6, yritys tai yhteis\u00f6, joka vuokraa kiinteist\u00f6n.<\/span><\/p><h4><b>2. Soveltamisala<\/b><\/h4><p><span style=\"font-weight: 400;\">N\u00e4it\u00e4 yleisi\u00e4 vuokrausehtoja sovelletaan, kun asiakas varaa ja\/tai ostaa majoitusta tai palveluita, jotka on v\u00e4litetty tai alivuokrattu Ruka Ski Chaletsin kautta. Ruka Ski Chalets voi toimia valtuutettuna v\u00e4litt\u00e4j\u00e4n\u00e4, joka edustaa majoitus-\/palveluntarjoajaa asiakkaan ja palveluntarjoajan v\u00e4lisiss\u00e4 sopimuksissa. Ruka Ski Chalets toimii ainoastaan v\u00e4litt\u00e4j\u00e4n\u00e4, kun kiinteist\u00f6\u00e4 markkinoidaan itsen\u00e4isen\u00e4 majoitusyksikk\u00f6n\u00e4, vaikka markkinoinnissa k\u00e4ytett\u00e4isiin Ruka Ski Chalets -nime\u00e4.<\/span><span style=\"font-weight: 400;\"><br \/><\/span><span style=\"font-weight: 400;\"><br \/><\/span><span style=\"font-weight: 400;\">Kun majoitusta markkinoidaan Ruka Ski Chalets -nimell\u00e4 osana samannimist\u00e4 serviced apartment -hotellitoimintaa, majoitussopimuksen sopijapuolet ovat asiakas ja Ruka Ski Chalets (Chalet Dreams Oy).<\/span><\/p><h4><b>3. Sopimuksen syntyminen<\/b><\/h4><p><span style=\"font-weight: 400;\">Sopimus syntyy ja n\u00e4m\u00e4 yleiset vuokrausehdot tulevat sitoviksi, kun asiakas on tehnyt varauksen ja maksanut palvelumaksun.<\/span><\/p><h4><b>4. Asiakkaan rekister\u00f6inti<\/b><\/h4><p><span style=\"font-weight: 400;\">Jotta asiakas voi k\u00e4ytt\u00e4\u00e4 alustaa, h\u00e4nen on rekister\u00f6idytt\u00e4v\u00e4 Ruka Ski Chalets -j\u00e4rjestelm\u00e4\u00e4n. Asiakkaan on oltava yli 18-vuotias tai oikeushenkil\u00f6. Asiakkaan on annettava varauksen yhteydess\u00e4 v\u00e4hint\u00e4\u00e4n seuraavat tiedot:<\/span><span style=\"font-weight: 400;\"><br \/><\/span><span style=\"font-weight: 400;\">- Nimi<\/span><span style=\"font-weight: 400;\"><br \/><\/span><span style=\"font-weight: 400;\">- Syntym\u00e4aika \/ Y-tunnus<\/span><span style=\"font-weight: 400;\"><br \/><\/span><span style=\"font-weight: 400;\">- Osoite<\/span><span style=\"font-weight: 400;\"><br \/><\/span><span style=\"font-weight: 400;\">- Puhelinnumero<\/span><span style=\"font-weight: 400;\"><br \/><\/span><span style=\"font-weight: 400;\">- S\u00e4hk\u00f6posti<\/span><\/p><h4><b>5. Varauksen maksaminen<\/b><\/h4><p><span style=\"font-weight: 400;\">Asiakkaan on maksettava palvelumaksu, jota ei palauteta, varauksen yhteydess\u00e4. Majoituksen hinta on maksettava kokonaisuudessaan 28 p\u00e4iv\u00e4\u00e4 ennen varauksen alkamista. Jos varauksen alkamisp\u00e4iv\u00e4\u00e4n on j\u00e4ljell\u00e4 v\u00e4hemm\u00e4n kuin 28 p\u00e4iv\u00e4\u00e4, majoitusmaksu er\u00e4\u00e4ntyy maksettavaksi v\u00e4litt\u00f6m\u00e4sti.<\/span><\/p><h4><b>6. V\u00e4lityksen kohde<\/b><\/h4><p><span style=\"font-weight: 400;\">Vuokra sis\u00e4lt\u00e4\u00e4 oikeuden k\u00e4ytt\u00e4\u00e4 kiinteist\u00f6\u00e4 varatun ajan. Normaali energian- ja vedenkulutus, kalusteet, keitti\u00f6v\u00e4lineet, astiat, patjat, pussilakanat ja tyynyt sis\u00e4ltyv\u00e4t vuokraan. Vuodevaatteet, pyyhkeet ja loppusiivous sis\u00e4ltyv\u00e4t hintaan, ellei kiinteist\u00f6n kuvauksessa toisin mainita.<\/span><\/p><h4><b>7. Ruka Ski Chaletsin vastuu<\/b><\/h4><p><span style=\"font-weight: 400;\">Verkkoalustan tarjoajana Ruka Ski Chalets ei omista majoitusta tai muita palveluja, mutta hallinnoi Ruka Ski Chalets -br\u00e4ndin alla tapahtuvaa majoitustoimintaa.<\/span><span style=\"font-weight: 400;\"><br \/><\/span><span style=\"font-weight: 400;\"><br \/><\/span><span style=\"font-weight: 400;\">Ruka Ski Chaletsin vastuut ja velvollisuudet on esitetty yksityiskohtaisesti Johdannossa, kohdissa (a)-(c).<\/span><\/p><h4><b>8. Asiakkaan oikeudet ja velvollisuudet<\/b><\/h4><p><span style=\"font-weight: 400;\">8.1 K\u00e4ytt\u00f6aika<\/span><\/p><p><span style=\"font-weight: 400;\">Ellei kiinteist\u00f6n kuvauksessa toisin mainita, kiinteist\u00f6 on asiakkaan k\u00e4ytett\u00e4viss\u00e4 saapumisp\u00e4iv\u00e4n\u00e4 klo 16:00 alkaen. Asiakkaan on tyhjennett\u00e4v\u00e4 ja siivottava kiinteist\u00f6 kohdan 8.8 mukaisesti l\u00e4ht\u00f6p\u00e4iv\u00e4n\u00e4 klo 12:00 menness\u00e4.<\/span><\/p><p><span style=\"font-weight: 400;\">8.2 Lakien ja s\u00e4\u00e4nt\u00f6jen noudattaminen<\/span><\/p><p><span style=\"font-weight: 400;\">Asiakkaan on noudatettava kaikkia sovellettavia lakeja, n\u00e4it\u00e4 ehtoja ja kiinteist\u00f6n s\u00e4\u00e4nt\u00f6j\u00e4. Asiakkaan on yll\u00e4pidett\u00e4v\u00e4 kohtuullista siisteytt\u00e4 oleskelun aikana ja pidett\u00e4v\u00e4 kiinteist\u00f6st\u00e4 ja sen kalusteista asianmukaista huolta.<\/span><\/p><p><span style=\"font-weight: 400;\">8.3 Kiinteist\u00f6kohtaiset s\u00e4\u00e4nn\u00f6t<\/span><\/p><p><span style=\"font-weight: 400;\">Jos kiinteist\u00f6lle on m\u00e4\u00e4ritelty erityiset s\u00e4\u00e4nn\u00f6t, jotka on lueteltu kiinteist\u00f6n kuvauksessa, asiakas on velvollinen noudattamaan niit\u00e4. Jos s\u00e4\u00e4nt\u00f6jen noudattamatta j\u00e4tt\u00e4minen aiheuttaa lis\u00e4kustannuksia omistajalle, asiakas on t\u00e4ysin vastuussa n\u00e4ist\u00e4 kustannuksista.<\/span><\/p><p><span style=\"font-weight: 400;\">8.4 Asukkaiden lukum\u00e4\u00e4r\u00e4<\/span><\/p><p><span style=\"font-weight: 400;\">Kiinteist\u00f6\u00e4 ei saa k\u00e4ytt\u00e4\u00e4 useampi henkil\u00f6 kuin on sovittu tai kiinteist\u00f6n kuvauksessa mainittu.<\/span><\/p><p><span style=\"font-weight: 400;\">8.5 Tonttialueen k\u00e4ytt\u00f6<\/span><\/p><p><span style=\"font-weight: 400;\">Matkailuauton, asuntovaunun tai muun majoitusmuodon k\u00e4ytt\u00f6 kiinteist\u00f6n tontilla edellytt\u00e4\u00e4 erillist\u00e4 sopimusta Ruka Ski Chaletsin tai omistajan kanssa.<\/span><\/p><p><span style=\"font-weight: 400;\">8.6 Tupakointi<\/span><\/p><p><span style=\"font-weight: 400;\">Tupakointi sis\u00e4tiloissa on ehdottomasti kielletty. Rikkominen johtaa otsonik\u00e4sittelyst\u00e4 ja mahdollisista menetetyist\u00e4 vuokratuloista peritt\u00e4viin maksuihin, jotka johtuvat ylim\u00e4\u00e4r\u00e4isist\u00e4 siivoustarpeista.<\/span><\/p><p><span style=\"font-weight: 400;\">8.7 Lemmikkiel\u00e4imet<\/span><\/p><p><span style=\"font-weight: 400;\">Lemmikkiel\u00e4imen tuominen kiinteist\u00f6\u00f6n edellytt\u00e4\u00e4 aina ennakkosuostumusta. Lemmikkiel\u00e4inmaksua voidaan peri\u00e4 voimassa olevan hinnaston mukaisesti. Asiakas on t\u00e4ysin vastuussa lemmikin aiheuttamista vahingoista.<\/span><\/p><p><span style=\"font-weight: 400;\">8.8 Puhdistus<\/span><\/p><p><span style=\"font-weight: 400;\">Vaikka loppusiivous sis\u00e4ltyy hintaan, asiakkaan on pest\u00e4v\u00e4 astiat ja\/tai laitettava ne astianpesukoneeseen ja k\u00e4ynnistett\u00e4v\u00e4 ohjelma, viet\u00e4v\u00e4 roskat ulkopuolisiin ker\u00e4yspisteisiin ja palautettava huonekalut ja laitteet alkuper\u00e4isille paikoilleen.<\/span><\/p><p><span style=\"font-weight: 400;\">8.9 S\u00e4hk\u00f6ajoneuvojen lataus<\/span><\/p><p><span style=\"font-weight: 400;\">S\u00e4hk\u00f6- tai hybridiajoneuvon lataaminen on sallittua vain, jos se mainitaan kiinteist\u00f6n kuvauksessa. Annettuja ohjeita on noudatettava. Maksu voi olla voimassa olevan hinnaston mukainen.<\/span><\/p><h4><b>9. Vahingot<\/b><\/h4><p><span style=\"font-weight: 400;\">Asiakas on vastuussa kiinteist\u00f6st\u00e4 ja sen kalusteista vuokra-aikana. Asiakkaan on korvattava kiinteist\u00f6lle tai sen sis\u00e4ll\u00f6lle aiheutuneet vahingot.\u00a0<\/span><\/p><p><span style=\"font-weight: 400;\">Jos kiinteist\u00f6n avain katoaa, Ruka Ski Chalets j\u00e4rjest\u00e4\u00e4 korvaavan avaimen. Koska Ruka Ski Chalets ei tarjoa 24\/7 vastaanottopalvelua, korvaava avain yritet\u00e4\u00e4n toimittaa seuraavaan p\u00e4iv\u00e4\u00e4n menness\u00e4.<\/span><\/p><p><span style=\"font-weight: 400;\">Asiakkaan on v\u00e4litt\u00f6m\u00e4sti ilmoitettava Ruka Ski Chaletsille kaikista kiinteist\u00f6lle tai sen kalusteille aiheutuneista vahingoista.<\/span><\/p><h4><b>10. Valitukset<\/b><\/h4><p><span style=\"font-weight: 400;\">Kiinteist\u00f6n kuntoa tai varustusta koskevat huomautukset ja valitukset on osoitettava Ruka Ski Chaletsille, joka k\u00e4sittelee ne joko asiakkaan sopimusvastapuolena tai omistajan puolesta, kuten johdannossa on kuvattu (kohdat a-c).<\/span><\/p><h4><b>11. Peruuttaminen ja muutokset<\/b><\/h4><p><span style=\"font-weight: 400;\">Peruutukset on teht\u00e4v\u00e4 kirjallisesti. Peruutus katsotaan tapahtuneeksi, kun ilmoitus on saapunut Ruka Ski Chalets -palveluun.<\/span><\/p><p><span style=\"font-weight: 400;\">Jos varaus peruutetaan v\u00e4hint\u00e4\u00e4n 28 p\u00e4iv\u00e4\u00e4 ennen vuokra-ajan alkua, maksu palautetaan v\u00e4hennettyn\u00e4 kohdassa 5 mainitulla palvelumaksulla. Jos palvelumaksu on alle 95 euroa, palautuksesta v\u00e4hennet\u00e4\u00e4n v\u00e4hint\u00e4\u00e4n 95 euroa.<\/span><\/p><p><span style=\"font-weight: 400;\">Jos varaus peruutetaan my\u00f6hemmin kuin 28 p\u00e4iv\u00e4\u00e4 ennen vuokra-ajan alkua, rahoja ei palauteta.<\/span><\/p><h4><b>12. Ruka Ski Chaletsin oikeus peruuttaa varaus<\/b><\/h4><p><span style=\"font-weight: 400;\">Ruka Ski Chaletsilla on oikeus peruuttaa varaus ylivoimaisen esteen sattuessa tai jos asiakas ei ole noudattanut vuokrausehtoja.\u00a0<\/span><\/p><p><span style=\"font-weight: 400;\">Jos peruutus johtuu siit\u00e4, ett\u00e4 asiakas rikkoo vuokrausehtoja, asiakkaan on maksettava varauksen koko hinta.<\/span><\/p><h4><b>13. Oikeus muuttaa hintoja<\/b><\/h4><p><span style=\"font-weight: 400;\">Sopimuksen tekemisen j\u00e4lkeen Ruka Ski Chaletsilla on oikeus korottaa tai laskea hintaa, jos verot tai muut majoituksen hintaan vaikuttavat julkiset maksut muuttuvat.<\/span><\/p><h4><b>14. V\u00e4\u00e4r\u00e4 hinta<\/b><\/h4><p><span style=\"font-weight: 400;\">Virheellisesti ilmoitettu hinta ei sido Ruka Ski Chaletsia tai omistajaa, jos virhe on niin ilmeinen, ett\u00e4 asiakkaan olisi pit\u00e4nyt ymm\u00e4rt\u00e4\u00e4 hintatietojen olevan virheellisi\u00e4.<\/span><\/p><h4><b>15. Sovellettava laki ja riitojenratkaisu<\/b><\/h4><p><span style=\"font-weight: 400;\">N\u00e4ihin varausehtoihin sovelletaan Suomen lakia.<\/span><\/p><p><span style=\"font-weight: 400;\">Varausehdoista johtuvat erimielisyydet ratkaistaan ensisijaisesti neuvottelemalla. Jos sopimukseen ei p\u00e4\u00e4st\u00e4, riidat ratkaistaan lopullisesti Oulun k\u00e4r\u00e4j\u00e4oikeudessa.<\/span><\/p>\t\t\t\t\t\t\t\t<\/div>\n\t\t\t\t<\/div>\n\t\t\t\t\t<\/div>\n\t\t\t\t<\/div>\n\t\t\t\t<\/div>","protected":false},"excerpt":{"rendered":"<p>Varausehdot<\/p>","protected":false},"author":1,"featured_media":987756,"parent":0,"menu_order":0,"comment_status":"closed","ping_status":"closed","template":"","meta":{"_acf_changed":false,"footnotes":""},"class_list":["post-988226","page","type-page","status-publish","has-post-thumbnail","hentry"],"acf":[],"yoast_head":"<!-- This site is optimized with the Yoast SEO plugin v26.8 - https:\/\/yoast.com\/product\/yoast-seo-wordpress\/ -->\n<title>Terms - Ruka Ski Chalets<\/title>\n<meta name=\"robots\" content=\"index, follow, max-snippet:-1, max-image-preview:large, max-video-preview:-1\" \/>\n<link rel=\"canonical\" href=\"https:\/\/rukaskichalets.fi\/fi\/varausehdot-ja-ehdot\/\" \/>\n<meta property=\"og:locale\" content=\"fi_FI\" \/>\n<meta property=\"og:type\" content=\"article\" \/>\n<meta property=\"og:title\" content=\"Terms - Ruka Ski Chalets\" \/>\n<meta property=\"og:description\" content=\"Booking Terms and Conditions\" \/>\n<meta property=\"og:url\" content=\"https:\/\/rukaskichalets.fi\/fi\/varausehdot-ja-ehdot\/\" \/>\n<meta property=\"og:site_name\" content=\"Ruka Ski Chalets\" \/>\n<meta property=\"article:publisher\" content=\"https:\/\/www.facebook.com\/RukaSkiChalets\" \/>\n<meta property=\"article:modified_time\" content=\"2025-12-04T12:50:48+00:00\" \/>\n<meta property=\"og:image\" content=\"https:\/\/rukaskichalets.fi\/wp-content\/uploads\/2025\/11\/RCS_apartment.webp\" \/>\n\t<meta property=\"og:image:width\" content=\"731\" \/>\n\t<meta property=\"og:image:height\" content=\"1024\" \/>\n\t<meta property=\"og:image:type\" content=\"image\/webp\" \/>\n<meta name=\"twitter:card\" content=\"summary_large_image\" \/>\n<meta name=\"twitter:label1\" content=\"Arvioitu lukuaika\" \/>\n\t<meta name=\"twitter:data1\" content=\"8 minuuttia\" \/>\n<script type=\"application\/ld+json\" class=\"yoast-schema-graph\">{\"@context\":\"https:\/\/schema.org\",\"@graph\":[{\"@type\":\"WebPage\",\"@id\":\"https:\/\/rukaskichalets.fi\/booking-terms-and-conditions\/\",\"url\":\"https:\/\/rukaskichalets.fi\/booking-terms-and-conditions\/\",\"name\":\"Terms - Ruka Ski Chalets\",\"isPartOf\":{\"@id\":\"https:\/\/rukaskichalets.fi\/#website\"},\"primaryImageOfPage\":{\"@id\":\"https:\/\/rukaskichalets.fi\/booking-terms-and-conditions\/#primaryimage\"},\"image\":{\"@id\":\"https:\/\/rukaskichalets.fi\/booking-terms-and-conditions\/#primaryimage\"},\"thumbnailUrl\":\"https:\/\/rukaskichalets.fi\/wp-content\/uploads\/2025\/11\/RCS_apartment.webp\",\"datePublished\":\"2025-12-03T13:09:10+00:00\",\"dateModified\":\"2025-12-04T12:50:48+00:00\",\"breadcrumb\":{\"@id\":\"https:\/\/rukaskichalets.fi\/booking-terms-and-conditions\/#breadcrumb\"},\"inLanguage\":\"fi\",\"potentialAction\":[{\"@type\":\"ReadAction\",\"target\":[\"https:\/\/rukaskichalets.fi\/booking-terms-and-conditions\/\"]}]},{\"@type\":\"ImageObject\",\"inLanguage\":\"fi\",\"@id\":\"https:\/\/rukaskichalets.fi\/booking-terms-and-conditions\/#primaryimage\",\"url\":\"https:\/\/rukaskichalets.fi\/wp-content\/uploads\/2025\/11\/RCS_apartment.webp\",\"contentUrl\":\"https:\/\/rukaskichalets.fi\/wp-content\/uploads\/2025\/11\/RCS_apartment.webp\",\"width\":731,\"height\":1024},{\"@type\":\"BreadcrumbList\",\"@id\":\"https:\/\/rukaskichalets.fi\/booking-terms-and-conditions\/#breadcrumb\",\"itemListElement\":[{\"@type\":\"ListItem\",\"position\":1,\"name\":\"Home\",\"item\":\"https:\/\/rukaskichalets.fi\/\"},{\"@type\":\"ListItem\",\"position\":2,\"name\":\"Terms\"}]},{\"@type\":\"WebSite\",\"@id\":\"https:\/\/rukaskichalets.fi\/#website\",\"url\":\"https:\/\/rukaskichalets.fi\/\",\"name\":\"Ruka Ski Chalets\",\"description\":\"\",\"publisher\":{\"@id\":\"https:\/\/rukaskichalets.fi\/#organization\"},\"potentialAction\":[{\"@type\":\"SearchAction\",\"target\":{\"@type\":\"EntryPoint\",\"urlTemplate\":\"https:\/\/rukaskichalets.fi\/?s={search_term_string}\"},\"query-input\":{\"@type\":\"PropertyValueSpecification\",\"valueRequired\":true,\"valueName\":\"search_term_string\"}}],\"inLanguage\":\"fi\"},{\"@type\":\"Organization\",\"@id\":\"https:\/\/rukaskichalets.fi\/#organization\",\"name\":\"Ruka Ski Chalets\",\"url\":\"https:\/\/rukaskichalets.fi\/\",\"logo\":{\"@type\":\"ImageObject\",\"inLanguage\":\"fi\",\"@id\":\"https:\/\/rukaskichalets.fi\/#\/schema\/logo\/image\/\",\"url\":\"https:\/\/rukaskichalets.fi\/wp-content\/uploads\/2025\/08\/ruka_skichalets_logo.webp\",\"contentUrl\":\"https:\/\/rukaskichalets.fi\/wp-content\/uploads\/2025\/08\/ruka_skichalets_logo.webp\",\"width\":300,\"height\":82,\"caption\":\"Ruka Ski Chalets\"},\"image\":{\"@id\":\"https:\/\/rukaskichalets.fi\/#\/schema\/logo\/image\/\"},\"sameAs\":[\"https:\/\/www.facebook.com\/RukaSkiChalets\",\"https:\/\/www.instagram.com\/rukaskichalets\/\"]}]}<\/script>\n<!-- \/ Yoast SEO plugin. -->","yoast_head_json":{"title":"Ehdot - Ruka Ski Chalets","robots":{"index":"index","follow":"follow","max-snippet":"max-snippet:-1","max-image-preview":"max-image-preview:large","max-video-preview":"max-video-preview:-1"},"canonical":"https:\/\/rukaskichalets.fi\/fi\/varausehdot-ja-ehdot\/","og_locale":"fi_FI","og_type":"article","og_title":"Terms - Ruka Ski Chalets","og_description":"Booking Terms and Conditions","og_url":"https:\/\/rukaskichalets.fi\/fi\/varausehdot-ja-ehdot\/","og_site_name":"Ruka Ski Chalets","article_publisher":"https:\/\/www.facebook.com\/RukaSkiChalets","article_modified_time":"2025-12-04T12:50:48+00:00","og_image":[{"width":731,"height":1024,"url":"https:\/\/rukaskichalets.fi\/wp-content\/uploads\/2025\/11\/RCS_apartment.webp","type":"image\/webp"}],"twitter_card":"summary_large_image","twitter_misc":{"Arvioitu lukuaika":"8 minuuttia"},"schema":{"@context":"https:\/\/schema.org","@graph":[{"@type":"WebPage","@id":"https:\/\/rukaskichalets.fi\/booking-terms-and-conditions\/","url":"https:\/\/rukaskichalets.fi\/booking-terms-and-conditions\/","name":"Ehdot - Ruka Ski Chalets","isPartOf":{"@id":"https:\/\/rukaskichalets.fi\/#website"},"primaryImageOfPage":{"@id":"https:\/\/rukaskichalets.fi\/booking-terms-and-conditions\/#primaryimage"},"image":{"@id":"https:\/\/rukaskichalets.fi\/booking-terms-and-conditions\/#primaryimage"},"thumbnailUrl":"https:\/\/rukaskichalets.fi\/wp-content\/uploads\/2025\/11\/RCS_apartment.webp","datePublished":"2025-12-03T13:09:10+00:00","dateModified":"2025-12-04T12:50:48+00:00","breadcrumb":{"@id":"https:\/\/rukaskichalets.fi\/booking-terms-and-conditions\/#breadcrumb"},"inLanguage":"fi","potentialAction":[{"@type":"ReadAction","target":["https:\/\/rukaskichalets.fi\/booking-terms-and-conditions\/"]}]},{"@type":"ImageObject","inLanguage":"fi","@id":"https:\/\/rukaskichalets.fi\/booking-terms-and-conditions\/#primaryimage","url":"https:\/\/rukaskichalets.fi\/wp-content\/uploads\/2025\/11\/RCS_apartment.webp","contentUrl":"https:\/\/rukaskichalets.fi\/wp-content\/uploads\/2025\/11\/RCS_apartment.webp","width":731,"height":1024},{"@type":"BreadcrumbList","@id":"https:\/\/rukaskichalets.fi\/booking-terms-and-conditions\/#breadcrumb","itemListElement":[{"@type":"ListItem","position":1,"name":"Home","item":"https:\/\/rukaskichalets.fi\/"},{"@type":"ListItem","position":2,"name":"Terms"}]},{"@type":"WebSite","@id":"https:\/\/rukaskichalets.fi\/#website","url":"https:\/\/rukaskichalets.fi\/","name":"Ruka Ski Chalets","description":"","publisher":{"@id":"https:\/\/rukaskichalets.fi\/#organization"},"potentialAction":[{"@type":"SearchAction","target":{"@type":"EntryPoint","urlTemplate":"https:\/\/rukaskichalets.fi\/?s={search_term_string}"},"query-input":{"@type":"PropertyValueSpecification","valueRequired":true,"valueName":"search_term_string"}}],"inLanguage":"fi"},{"@type":"Organization","@id":"https:\/\/rukaskichalets.fi\/#organization","name":"Ruka Ski Chalets","url":"https:\/\/rukaskichalets.fi\/","logo":{"@type":"ImageObject","inLanguage":"fi","@id":"https:\/\/rukaskichalets.fi\/#\/schema\/logo\/image\/","url":"https:\/\/rukaskichalets.fi\/wp-content\/uploads\/2025\/08\/ruka_skichalets_logo.webp","contentUrl":"https:\/\/rukaskichalets.fi\/wp-content\/uploads\/2025\/08\/ruka_skichalets_logo.webp","width":300,"height":82,"caption":"Ruka Ski Chalets"},"image":{"@id":"https:\/\/rukaskichalets.fi\/#\/schema\/logo\/image\/"},"sameAs":["https:\/\/www.facebook.com\/RukaSkiChalets","https:\/\/www.instagram.com\/rukaskichalets\/"]}]}},"_links":{"self":[{"href":"https:\/\/rukaskichalets.fi\/fi\/wp-json\/wp\/v2\/pages\/988226","targetHints":{"allow":["GET"]}}],"collection":[{"href":"https:\/\/rukaskichalets.fi\/fi\/wp-json\/wp\/v2\/pages"}],"about":[{"href":"https:\/\/rukaskichalets.fi\/fi\/wp-json\/wp\/v2\/types\/page"}],"author":[{"embeddable":true,"href":"https:\/\/rukaskichalets.fi\/fi\/wp-json\/wp\/v2\/users\/1"}],"replies":[{"embeddable":true,"href":"https:\/\/rukaskichalets.fi\/fi\/wp-json\/wp\/v2\/comments?post=988226"}],"version-history":[{"count":5,"href":"https:\/\/rukaskichalets.fi\/fi\/wp-json\/wp\/v2\/pages\/988226\/revisions"}],"predecessor-version":[{"id":988401,"href":"https:\/\/rukaskichalets.fi\/fi\/wp-json\/wp\/v2\/pages\/988226\/revisions\/988401"}],"wp:featuredmedia":[{"embeddable":true,"href":"https:\/\/rukaskichalets.fi\/fi\/wp-json\/wp\/v2\/media\/987756"}],"wp:attachment":[{"href":"https:\/\/rukaskichalets.fi\/fi\/wp-json\/wp\/v2\/media?parent=988226"}],"curies":[{"name":"wp","href":"https:\/\/api.w.org\/{rel}","templated":true}]}}