{"id":987765,"date":"2025-11-17T13:57:54","date_gmt":"2025-11-17T13:57:54","guid":{"rendered":"https:\/\/rsc.valfisite.com\/?page_id=987765"},"modified":"2026-01-05T10:22:57","modified_gmt":"2026-01-05T10:22:57","slug":"chalet-de-ski-ruka-46m2","status":"publish","type":"page","link":"https:\/\/rukaskichalets.fi\/fr\/appartements\/chalet-de-ski-ruka-46m2\/","title":{"rendered":"Chalet de ski Ruka 46 m\u00b2"},"content":{"rendered":"<div data-elementor-type=\"wp-page\" data-elementor-id=\"987765\" class=\"elementor elementor-987765\" data-elementor-post-type=\"page\">\n\t\t\t\t<div class=\"elementor-element elementor-element-e3ceeea e-con-full e-flex e-con e-child\" data-id=\"e3ceeea\" data-element_type=\"container\">\n\t\t<div class=\"elementor-element elementor-element-78a7d40 e-con-full e-flex e-con e-child\" data-id=\"78a7d40\" data-element_type=\"container\">\n\t\t\t\t<div class=\"elementor-element elementor-element-86b6823 elementor-widget elementor-widget-text-editor\" data-id=\"86b6823\" data-element_type=\"widget\" data-widget_type=\"text-editor.default\">\n\t\t\t\t<div class=\"elementor-widget-container\">\n\t\t\t\t\t\t\t\t\t<p data-start=\"111\" data-end=\"368\">Cet appartement au style intemporel est destin\u00e9 aux petites familles et aux couples. Il dispose d'une cuisine ouverte et d'un coin salon avec vue sur la cour int\u00e9rieure paisible de l'h\u00f4tel. L'appartement peut accueillir 3+2 personnes avec une chambre \u00e0 deux lits, une chambre simple avec un lit de 120 cm et une couchette sup\u00e9rieure comme lit d'appoint.<\/p>\t\t\t\t\t\t\t\t<\/div>\n\t\t\t\t<\/div>\n\t\t\t\t<div class=\"elementor-element elementor-element-7bcdc70 elementor-widget elementor-widget-text-editor\" data-id=\"7bcdc70\" data-element_type=\"widget\" data-widget_type=\"text-editor.default\">\n\t\t\t\t<div class=\"elementor-widget-container\">\n\t\t\t\t\t\t\t\t\t<p><span style=\"font-family: Karla, sans-serif; font-size: 16px; font-style: normal; font-variant-ligatures: normal; font-variant-caps: normal; font-weight: 400;\">Chaque appartement des Ruka Ski Chalets allie l'artisanat nordique au design contemporain, cr\u00e9ant ainsi une retraite chaleureuse et accueillante apr\u00e8s une journ\u00e9e pass\u00e9e sur les pistes. De grandes fen\u00eatres s'ouvrent sur les environs paisibles de la vall\u00e9e, tandis que des mat\u00e9riaux naturels et des d\u00e9tails bien pens\u00e9s apportent un sentiment de calme et de confort. Ralentissez, respirez l'air vivifiant de l'Arctique et profitez de votre s\u00e9jour o\u00f9 la vie moderne rencontre le charme nordique intemporel.<\/span><\/p>\t\t\t\t\t\t\t\t<\/div>\n\t\t\t\t<\/div>\n\t\t\t\t<div class=\"elementor-element elementor-element-bb21fc8 elementor-widget-divider--view-line elementor-widget elementor-widget-divider\" data-id=\"bb21fc8\" data-element_type=\"widget\" data-widget_type=\"divider.default\">\n\t\t\t\t<div class=\"elementor-widget-container\">\n\t\t\t\t\t\t\t<div class=\"elementor-divider\">\n\t\t\t<span class=\"elementor-divider-separator\">\n\t\t\t\t\t\t<\/span>\n\t\t<\/div>\n\t\t\t\t\t\t<\/div>\n\t\t\t\t<\/div>\n\t\t\t\t<div class=\"elementor-element elementor-element-9d243ab elementor-widget elementor-widget-heading\" data-id=\"9d243ab\" data-element_type=\"widget\" data-widget_type=\"heading.default\">\n\t\t\t\t<div class=\"elementor-widget-container\">\n\t\t\t\t\t<h5 class=\"elementor-heading-title elementor-size-default\">Cet appartement comprend :<\/h5>\t\t\t\t<\/div>\n\t\t\t\t<\/div>\n\t\t<div class=\"elementor-element elementor-element-69f4f09 e-con-full e-flex e-con e-child\" data-id=\"69f4f09\" data-element_type=\"container\">\n\t\t\t\t<div class=\"elementor-element elementor-element-68787f3 elementor-widget__width-initial elementor-widget-mobile__width-inherit elementor-list-item-link-full_width elementor-widget elementor-widget-icon-list\" data-id=\"68787f3\" data-element_type=\"widget\" data-widget_type=\"icon-list.default\">\n\t\t\t\t<div class=\"elementor-widget-container\">\n\t\t\t\t\t\t\t<ul class=\"elementor-icon-list-items\">\n\t\t\t\t\t\t\t<li class=\"elementor-icon-list-item\">\n\t\t\t\t\t\t\t\t\t\t\t<span class=\"elementor-icon-list-icon\">\n\t\t\t\t\t\t\t<i aria-hidden=\"true\" class=\"far fa-heart\"><\/i>\t\t\t\t\t\t<\/span>\n\t\t\t\t\t\t\t\t\t\t<span class=\"elementor-icon-list-text\">Cuisine enti\u00e8rement \u00e9quip\u00e9e<\/span>\n\t\t\t\t\t\t\t\t\t<\/li>\n\t\t\t\t\t\t\t\t<li class=\"elementor-icon-list-item\">\n\t\t\t\t\t\t\t\t\t\t\t<span class=\"elementor-icon-list-icon\">\n\t\t\t\t\t\t\t<i aria-hidden=\"true\" class=\"fas fa-th-large\"><\/i>\t\t\t\t\t\t<\/span>\n\t\t\t\t\t\t\t\t\t\t<span class=\"elementor-icon-list-text\">Am\u00e9nagement spacieux des chambres<\/span>\n\t\t\t\t\t\t\t\t\t<\/li>\n\t\t\t\t\t\t\t\t<li class=\"elementor-icon-list-item\">\n\t\t\t\t\t\t\t\t\t\t\t<span class=\"elementor-icon-list-icon\">\n\t\t\t\t\t\t\t<i aria-hidden=\"true\" class=\"far fa-sun\"><\/i>\t\t\t\t\t\t<\/span>\n\t\t\t\t\t\t\t\t\t\t<span class=\"elementor-icon-list-text\">Balcon<\/span>\n\t\t\t\t\t\t\t\t\t<\/li>\n\t\t\t\t\t\t<\/ul>\n\t\t\t\t\t\t<\/div>\n\t\t\t\t<\/div>\n\t\t\t\t<div class=\"elementor-element elementor-element-631334c elementor-widget__width-initial elementor-widget-mobile__width-inherit elementor-list-item-link-full_width elementor-widget elementor-widget-icon-list\" data-id=\"631334c\" data-element_type=\"widget\" data-widget_type=\"icon-list.default\">\n\t\t\t\t<div class=\"elementor-widget-container\">\n\t\t\t\t\t\t\t<ul class=\"elementor-icon-list-items\">\n\t\t\t\t\t\t\t<li class=\"elementor-icon-list-item\">\n\t\t\t\t\t\t\t\t\t\t\t<span class=\"elementor-icon-list-icon\">\n\t\t\t\t\t\t\t<i aria-hidden=\"true\" class=\"fas fa-theater-masks\"><\/i>\t\t\t\t\t\t<\/span>\n\t\t\t\t\t\t\t\t\t\t<span class=\"elementor-icon-list-text\">Syst\u00e8me de divertissement moderne<\/span>\n\t\t\t\t\t\t\t\t\t<\/li>\n\t\t\t\t\t\t\t\t<li class=\"elementor-icon-list-item\">\n\t\t\t\t\t\t\t\t\t\t\t<span class=\"elementor-icon-list-icon\">\n\t\t\t\t\t\t\t<i aria-hidden=\"true\" class=\"fas fa-wifi\"><\/i>\t\t\t\t\t\t<\/span>\n\t\t\t\t\t\t\t\t\t\t<span class=\"elementor-icon-list-text\">Wifi<\/span>\n\t\t\t\t\t\t\t\t\t<\/li>\n\t\t\t\t\t\t\t\t<li class=\"elementor-icon-list-item\">\n\t\t\t\t\t\t\t\t\t\t\t<span class=\"elementor-icon-list-icon\">\n\t\t\t\t\t\t\t<i aria-hidden=\"true\" class=\"fas fa-water\"><\/i>\t\t\t\t\t\t<\/span>\n\t\t\t\t\t\t\t\t\t\t<span class=\"elementor-icon-list-text\">Sauna<\/span>\n\t\t\t\t\t\t\t\t\t<\/li>\n\t\t\t\t\t\t<\/ul>\n\t\t\t\t\t\t<\/div>\n\t\t\t\t<\/div>\n\t\t\t\t<\/div>\n\t\t\t\t<div class=\"elementor-element elementor-element-2676085 elementor-widget elementor-widget-text-editor\" data-id=\"2676085\" data-element_type=\"widget\" data-widget_type=\"text-editor.default\">\n\t\t\t\t<div class=\"elementor-widget-container\">\n\t\t\t\t\t\t\t\t\t<p class=\"p1\">D\u00e9couvrez nos appartements \u00e0 service complet au c\u0153ur de Ruka Fell, con\u00e7us pour le confort, la facilit\u00e9 et une exp\u00e9rience de vacances haut de gamme. Chaque appartement dispose d'une cuisine enti\u00e8rement \u00e9quip\u00e9e, d'un agencement spacieux, de syst\u00e8mes de divertissement modernes, d'une connexion Wi-Fi et d'un balcon priv\u00e9. Tous les s\u00e9jours comprennent le linge de lit, le nettoyage final et un espace de rangement pratique pour le mat\u00e9riel de ski. Tout ce dont vous avez besoin pour une visite d\u00e9tendue et sans effort \u00e0 Ruka.<\/p>\t\t\t\t\t\t\t\t<\/div>\n\t\t\t\t<\/div>\n\t\t\t\t<\/div>\n\t\t<div class=\"elementor-element elementor-element-8a512b9 e-con-full e-flex e-con e-child\" data-id=\"8a512b9\" data-element_type=\"container\">\n\t\t\t\t<div class=\"elementor-element elementor-element-98515e6 elementor-arrows-position-inside elementor-pagination-position-outside elementor-widget elementor-widget-image-carousel\" data-id=\"98515e6\" data-element_type=\"widget\" data-settings=\"{&quot;slides_to_show&quot;:&quot;1&quot;,&quot;navigation&quot;:&quot;both&quot;,&quot;autoplay&quot;:&quot;yes&quot;,&quot;pause_on_hover&quot;:&quot;yes&quot;,&quot;pause_on_interaction&quot;:&quot;yes&quot;,&quot;autoplay_speed&quot;:5000,&quot;infinite&quot;:&quot;yes&quot;,&quot;effect&quot;:&quot;slide&quot;,&quot;speed&quot;:500}\" data-widget_type=\"image-carousel.default\">\n\t\t\t\t<div class=\"elementor-widget-container\">\n\t\t\t\t\t\t\t<div class=\"elementor-image-carousel-wrapper swiper\" role=\"region\" aria-roledescription=\"carousel\" aria-label=\"Carrousel d&#039;images\" dir=\"ltr\">\n\t\t\t<div class=\"elementor-image-carousel swiper-wrapper swiper-image-stretch\" aria-live=\"off\">\n\t\t\t\t\t\t\t\t<div class=\"swiper-slide\" role=\"group\" aria-roledescription=\"slide\" aria-label=\"1 sur 8\"><figure class=\"swiper-slide-inner\"><img decoding=\"async\" class=\"swiper-slide-image\" src=\"https:\/\/rukaskichalets.fi\/wp-content\/uploads\/2026\/01\/RSC-2502-46m2-edit.jpg\" alt=\"RSC-2502-46m2-edit\" \/><\/figure><\/div><div class=\"swiper-slide\" role=\"group\" aria-roledescription=\"slide\" aria-label=\"2 sur 8\"><figure class=\"swiper-slide-inner\"><img decoding=\"async\" class=\"swiper-slide-image\" src=\"https:\/\/rukaskichalets.fi\/wp-content\/uploads\/2026\/01\/RSC-2502-46m2-edit-2.jpg\" alt=\"RSC-2502-46m2-edit-2\" \/><\/figure><\/div><div class=\"swiper-slide\" role=\"group\" aria-roledescription=\"slide\" aria-label=\"3 sur 8\"><figure class=\"swiper-slide-inner\"><img decoding=\"async\" class=\"swiper-slide-image\" src=\"https:\/\/rukaskichalets.fi\/wp-content\/uploads\/2026\/01\/RSC-2502-46m2-edit-3.jpg\" alt=\"RSC-2502-46m2-edit-3\" \/><\/figure><\/div><div class=\"swiper-slide\" role=\"group\" aria-roledescription=\"slide\" aria-label=\"4 sur 8\"><figure class=\"swiper-slide-inner\"><img decoding=\"async\" class=\"swiper-slide-image\" src=\"https:\/\/rukaskichalets.fi\/wp-content\/uploads\/2026\/01\/RSC-2502-46m2-edit-4.jpg\" alt=\"RSC-2502-46m2-edit-4\" \/><\/figure><\/div><div class=\"swiper-slide\" role=\"group\" aria-roledescription=\"slide\" aria-label=\"5 sur 8\"><figure class=\"swiper-slide-inner\"><img decoding=\"async\" class=\"swiper-slide-image\" src=\"https:\/\/rukaskichalets.fi\/wp-content\/uploads\/2026\/01\/RSC-2502-46m2-edit-5.jpg\" alt=\"RSC-2502-46m2-edit-5\" \/><\/figure><\/div><div class=\"swiper-slide\" role=\"group\" aria-roledescription=\"slide\" aria-label=\"6 sur 8\"><figure class=\"swiper-slide-inner\"><img decoding=\"async\" class=\"swiper-slide-image\" src=\"https:\/\/rukaskichalets.fi\/wp-content\/uploads\/2026\/01\/RSC-2502-46m2-edit-6.jpg\" alt=\"RSC-2502-46m2-edit-6\" \/><\/figure><\/div><div class=\"swiper-slide\" role=\"group\" aria-roledescription=\"slide\" aria-label=\"7 sur 8\"><figure class=\"swiper-slide-inner\"><img decoding=\"async\" class=\"swiper-slide-image\" src=\"https:\/\/rukaskichalets.fi\/wp-content\/uploads\/2026\/01\/RSC-2502-46m2-edit-7.jpg\" alt=\"RSC-2502-46m2-edit-7\" \/><\/figure><\/div><div class=\"swiper-slide\" role=\"group\" aria-roledescription=\"slide\" aria-label=\"8 sur 8\"><figure class=\"swiper-slide-inner\"><img decoding=\"async\" class=\"swiper-slide-image\" src=\"https:\/\/rukaskichalets.fi\/wp-content\/uploads\/2025\/12\/Ruka-Chalets-huoneisto-14-scaled.jpg\" alt=\"Ruka Chalets-huoneisto (14)\" \/><\/figure><\/div>\t\t\t<\/div>\n\t\t\t\t\t\t\t\t\t\t\t\t<div class=\"elementor-swiper-button elementor-swiper-button-prev\" role=\"button\" tabindex=\"0\">\n\t\t\t\t\t\t<i aria-hidden=\"true\" class=\"eicon-chevron-left\"><\/i>\t\t\t\t\t<\/div>\n\t\t\t\t\t<div class=\"elementor-swiper-button elementor-swiper-button-next\" role=\"button\" tabindex=\"0\">\n\t\t\t\t\t\t<i aria-hidden=\"true\" class=\"eicon-chevron-right\"><\/i>\t\t\t\t\t<\/div>\n\t\t\t\t\n\t\t\t\t\t\t\t\t\t<div class=\"swiper-pagination\"><\/div>\n\t\t\t\t\t\t\t\t\t<\/div>\n\t\t\t\t\t\t<\/div>\n\t\t\t\t<\/div>\n\t\t\t\t<\/div>\n\t\t\t\t<\/div>\n\t\t\t\t<\/div>","protected":false},"excerpt":{"rendered":"<p>Pour 3 + 2 personnes<\/p>","protected":false},"author":1,"featured_media":988905,"parent":29,"menu_order":0,"comment_status":"closed","ping_status":"closed","template":"","meta":{"_acf_changed":false,"footnotes":""},"class_list":["post-987765","page","type-page","status-publish","has-post-thumbnail","hentry"],"acf":[],"yoast_head":"<!-- This site is optimized with the Yoast SEO plugin v26.8 - https:\/\/yoast.com\/product\/yoast-seo-wordpress\/ -->\n<title>Ruka Ski Chalet 46 m\u00b2 - Ruka Ski Chalets<\/title>\n<meta name=\"robots\" content=\"index, follow, max-snippet:-1, max-image-preview:large, max-video-preview:-1\" \/>\n<link rel=\"canonical\" href=\"https:\/\/rukaskichalets.fi\/fr\/appartements\/chalet-de-ski-ruka-46m2\/\" \/>\n<meta property=\"og:locale\" content=\"fr_FR\" \/>\n<meta property=\"og:type\" content=\"article\" \/>\n<meta property=\"og:title\" content=\"Ruka Ski Chalet 46 m\u00b2 - Ruka Ski Chalets\" \/>\n<meta property=\"og:description\" content=\"For 3 + 2 guests\" \/>\n<meta property=\"og:url\" content=\"https:\/\/rukaskichalets.fi\/fr\/appartements\/chalet-de-ski-ruka-46m2\/\" \/>\n<meta property=\"og:site_name\" content=\"Ruka Ski Chalets\" \/>\n<meta property=\"article:publisher\" content=\"https:\/\/www.facebook.com\/RukaSkiChalets\" \/>\n<meta property=\"article:modified_time\" content=\"2026-01-05T10:22:57+00:00\" \/>\n<meta property=\"og:image\" content=\"https:\/\/rukaskichalets.fi\/wp-content\/uploads\/2026\/01\/RSC-2502-46m2-edit-2-1024x681.jpg\" \/>\n\t<meta property=\"og:image:width\" content=\"1024\" \/>\n\t<meta property=\"og:image:height\" content=\"681\" \/>\n\t<meta property=\"og:image:type\" content=\"image\/jpeg\" \/>\n<meta name=\"twitter:card\" content=\"summary_large_image\" \/>\n<meta name=\"twitter:label1\" content=\"Dur\u00e9e de lecture estim\u00e9e\" \/>\n\t<meta name=\"twitter:data1\" content=\"1 minute\" \/>\n<script type=\"application\/ld+json\" class=\"yoast-schema-graph\">{\"@context\":\"https:\/\/schema.org\",\"@graph\":[{\"@type\":\"WebPage\",\"@id\":\"https:\/\/rukaskichalets.fi\/fi\/apartments\/ruka-ski-chalet-46m2\/\",\"url\":\"https:\/\/rukaskichalets.fi\/fi\/apartments\/ruka-ski-chalet-46m2\/\",\"name\":\"Ruka Ski Chalet 46 m\u00b2 - Ruka Ski Chalets\",\"isPartOf\":{\"@id\":\"https:\/\/rukaskichalets.fi\/#website\"},\"primaryImageOfPage\":{\"@id\":\"https:\/\/rukaskichalets.fi\/fi\/apartments\/ruka-ski-chalet-46m2\/#primaryimage\"},\"image\":{\"@id\":\"https:\/\/rukaskichalets.fi\/fi\/apartments\/ruka-ski-chalet-46m2\/#primaryimage\"},\"thumbnailUrl\":\"https:\/\/rukaskichalets.fi\/wp-content\/uploads\/2026\/01\/RSC-2502-46m2-edit-2.jpg\",\"datePublished\":\"2025-11-17T13:57:54+00:00\",\"dateModified\":\"2026-01-05T10:22:57+00:00\",\"breadcrumb\":{\"@id\":\"https:\/\/rukaskichalets.fi\/fi\/apartments\/ruka-ski-chalet-46m2\/#breadcrumb\"},\"inLanguage\":\"fr-FR\",\"potentialAction\":[{\"@type\":\"ReadAction\",\"target\":[\"https:\/\/rukaskichalets.fi\/fi\/apartments\/ruka-ski-chalet-46m2\/\"]}]},{\"@type\":\"ImageObject\",\"inLanguage\":\"fr-FR\",\"@id\":\"https:\/\/rukaskichalets.fi\/fi\/apartments\/ruka-ski-chalet-46m2\/#primaryimage\",\"url\":\"https:\/\/rukaskichalets.fi\/wp-content\/uploads\/2026\/01\/RSC-2502-46m2-edit-2.jpg\",\"contentUrl\":\"https:\/\/rukaskichalets.fi\/wp-content\/uploads\/2026\/01\/RSC-2502-46m2-edit-2.jpg\",\"width\":2405,\"height\":1600},{\"@type\":\"BreadcrumbList\",\"@id\":\"https:\/\/rukaskichalets.fi\/fi\/apartments\/ruka-ski-chalet-46m2\/#breadcrumb\",\"itemListElement\":[{\"@type\":\"ListItem\",\"position\":1,\"name\":\"Home\",\"item\":\"https:\/\/rukaskichalets.fi\/\"},{\"@type\":\"ListItem\",\"position\":2,\"name\":\"Apartments\",\"item\":\"https:\/\/rukaskichalets.fi\/apartments\/\"},{\"@type\":\"ListItem\",\"position\":3,\"name\":\"Ruka Ski Chalet 46 m\u00b2\"}]},{\"@type\":\"WebSite\",\"@id\":\"https:\/\/rukaskichalets.fi\/#website\",\"url\":\"https:\/\/rukaskichalets.fi\/\",\"name\":\"Ruka Ski Chalets\",\"description\":\"\",\"publisher\":{\"@id\":\"https:\/\/rukaskichalets.fi\/#organization\"},\"potentialAction\":[{\"@type\":\"SearchAction\",\"target\":{\"@type\":\"EntryPoint\",\"urlTemplate\":\"https:\/\/rukaskichalets.fi\/?s={search_term_string}\"},\"query-input\":{\"@type\":\"PropertyValueSpecification\",\"valueRequired\":true,\"valueName\":\"search_term_string\"}}],\"inLanguage\":\"fr-FR\"},{\"@type\":\"Organization\",\"@id\":\"https:\/\/rukaskichalets.fi\/#organization\",\"name\":\"Ruka Ski Chalets\",\"url\":\"https:\/\/rukaskichalets.fi\/\",\"logo\":{\"@type\":\"ImageObject\",\"inLanguage\":\"fr-FR\",\"@id\":\"https:\/\/rukaskichalets.fi\/#\/schema\/logo\/image\/\",\"url\":\"https:\/\/rukaskichalets.fi\/wp-content\/uploads\/2025\/08\/ruka_skichalets_logo.webp\",\"contentUrl\":\"https:\/\/rukaskichalets.fi\/wp-content\/uploads\/2025\/08\/ruka_skichalets_logo.webp\",\"width\":300,\"height\":82,\"caption\":\"Ruka Ski Chalets\"},\"image\":{\"@id\":\"https:\/\/rukaskichalets.fi\/#\/schema\/logo\/image\/\"},\"sameAs\":[\"https:\/\/www.facebook.com\/RukaSkiChalets\",\"https:\/\/www.instagram.com\/rukaskichalets\/\"]}]}<\/script>\n<!-- \/ Yoast SEO plugin. -->","yoast_head_json":{"title":"Ruka Ski Chalet 46 m\u00b2 - Ruka Ski Chalets","robots":{"index":"index","follow":"follow","max-snippet":"max-snippet:-1","max-image-preview":"max-image-preview:large","max-video-preview":"max-video-preview:-1"},"canonical":"https:\/\/rukaskichalets.fi\/fr\/appartements\/chalet-de-ski-ruka-46m2\/","og_locale":"fr_FR","og_type":"article","og_title":"Ruka Ski Chalet 46 m\u00b2 - Ruka Ski Chalets","og_description":"For 3 + 2 guests","og_url":"https:\/\/rukaskichalets.fi\/fr\/appartements\/chalet-de-ski-ruka-46m2\/","og_site_name":"Ruka Ski Chalets","article_publisher":"https:\/\/www.facebook.com\/RukaSkiChalets","article_modified_time":"2026-01-05T10:22:57+00:00","og_image":[{"width":1024,"height":681,"url":"https:\/\/rukaskichalets.fi\/wp-content\/uploads\/2026\/01\/RSC-2502-46m2-edit-2-1024x681.jpg","type":"image\/jpeg"}],"twitter_card":"summary_large_image","twitter_misc":{"Dur\u00e9e de lecture estim\u00e9e":"1 minute"},"schema":{"@context":"https:\/\/schema.org","@graph":[{"@type":"WebPage","@id":"https:\/\/rukaskichalets.fi\/fi\/apartments\/ruka-ski-chalet-46m2\/","url":"https:\/\/rukaskichalets.fi\/fi\/apartments\/ruka-ski-chalet-46m2\/","name":"Ruka Ski Chalet 46 m\u00b2 - Ruka Ski Chalets","isPartOf":{"@id":"https:\/\/rukaskichalets.fi\/#website"},"primaryImageOfPage":{"@id":"https:\/\/rukaskichalets.fi\/fi\/apartments\/ruka-ski-chalet-46m2\/#primaryimage"},"image":{"@id":"https:\/\/rukaskichalets.fi\/fi\/apartments\/ruka-ski-chalet-46m2\/#primaryimage"},"thumbnailUrl":"https:\/\/rukaskichalets.fi\/wp-content\/uploads\/2026\/01\/RSC-2502-46m2-edit-2.jpg","datePublished":"2025-11-17T13:57:54+00:00","dateModified":"2026-01-05T10:22:57+00:00","breadcrumb":{"@id":"https:\/\/rukaskichalets.fi\/fi\/apartments\/ruka-ski-chalet-46m2\/#breadcrumb"},"inLanguage":"fr-FR","potentialAction":[{"@type":"ReadAction","target":["https:\/\/rukaskichalets.fi\/fi\/apartments\/ruka-ski-chalet-46m2\/"]}]},{"@type":"ImageObject","inLanguage":"fr-FR","@id":"https:\/\/rukaskichalets.fi\/fi\/apartments\/ruka-ski-chalet-46m2\/#primaryimage","url":"https:\/\/rukaskichalets.fi\/wp-content\/uploads\/2026\/01\/RSC-2502-46m2-edit-2.jpg","contentUrl":"https:\/\/rukaskichalets.fi\/wp-content\/uploads\/2026\/01\/RSC-2502-46m2-edit-2.jpg","width":2405,"height":1600},{"@type":"BreadcrumbList","@id":"https:\/\/rukaskichalets.fi\/fi\/apartments\/ruka-ski-chalet-46m2\/#breadcrumb","itemListElement":[{"@type":"ListItem","position":1,"name":"Home","item":"https:\/\/rukaskichalets.fi\/"},{"@type":"ListItem","position":2,"name":"Apartments","item":"https:\/\/rukaskichalets.fi\/apartments\/"},{"@type":"ListItem","position":3,"name":"Ruka Ski Chalet 46 m\u00b2"}]},{"@type":"WebSite","@id":"https:\/\/rukaskichalets.fi\/#website","url":"https:\/\/rukaskichalets.fi\/","name":"Chalets de ski Ruka","description":"","publisher":{"@id":"https:\/\/rukaskichalets.fi\/#organization"},"potentialAction":[{"@type":"SearchAction","target":{"@type":"EntryPoint","urlTemplate":"https:\/\/rukaskichalets.fi\/?s={search_term_string}"},"query-input":{"@type":"PropertyValueSpecification","valueRequired":true,"valueName":"search_term_string"}}],"inLanguage":"fr-FR"},{"@type":"Organization","@id":"https:\/\/rukaskichalets.fi\/#organization","name":"Chalets de ski Ruka","url":"https:\/\/rukaskichalets.fi\/","logo":{"@type":"ImageObject","inLanguage":"fr-FR","@id":"https:\/\/rukaskichalets.fi\/#\/schema\/logo\/image\/","url":"https:\/\/rukaskichalets.fi\/wp-content\/uploads\/2025\/08\/ruka_skichalets_logo.webp","contentUrl":"https:\/\/rukaskichalets.fi\/wp-content\/uploads\/2025\/08\/ruka_skichalets_logo.webp","width":300,"height":82,"caption":"Ruka Ski Chalets"},"image":{"@id":"https:\/\/rukaskichalets.fi\/#\/schema\/logo\/image\/"},"sameAs":["https:\/\/www.facebook.com\/RukaSkiChalets","https:\/\/www.instagram.com\/rukaskichalets\/"]}]}},"_links":{"self":[{"href":"https:\/\/rukaskichalets.fi\/fr\/wp-json\/wp\/v2\/pages\/987765","targetHints":{"allow":["GET"]}}],"collection":[{"href":"https:\/\/rukaskichalets.fi\/fr\/wp-json\/wp\/v2\/pages"}],"about":[{"href":"https:\/\/rukaskichalets.fi\/fr\/wp-json\/wp\/v2\/types\/page"}],"author":[{"embeddable":true,"href":"https:\/\/rukaskichalets.fi\/fr\/wp-json\/wp\/v2\/users\/1"}],"replies":[{"embeddable":true,"href":"https:\/\/rukaskichalets.fi\/fr\/wp-json\/wp\/v2\/comments?post=987765"}],"version-history":[{"count":5,"href":"https:\/\/rukaskichalets.fi\/fr\/wp-json\/wp\/v2\/pages\/987765\/revisions"}],"predecessor-version":[{"id":988978,"href":"https:\/\/rukaskichalets.fi\/fr\/wp-json\/wp\/v2\/pages\/987765\/revisions\/988978"}],"up":[{"embeddable":true,"href":"https:\/\/rukaskichalets.fi\/fr\/wp-json\/wp\/v2\/pages\/29"}],"wp:featuredmedia":[{"embeddable":true,"href":"https:\/\/rukaskichalets.fi\/fr\/wp-json\/wp\/v2\/media\/988905"}],"wp:attachment":[{"href":"https:\/\/rukaskichalets.fi\/fr\/wp-json\/wp\/v2\/media?parent=987765"}],"curies":[{"name":"wp","href":"https:\/\/api.w.org\/{rel}","templated":true}]}}