{"id":987773,"date":"2025-11-17T13:57:54","date_gmt":"2025-11-17T13:57:54","guid":{"rendered":"https:\/\/rsc.valfisite.com\/?page_id=987773"},"modified":"2026-01-05T10:22:20","modified_gmt":"2026-01-05T10:22:20","slug":"chalet-de-ski-ruka-37m2","status":"publish","type":"page","link":"https:\/\/rukaskichalets.fi\/fr\/appartements\/chalet-de-ski-ruka-37m2\/","title":{"rendered":"Chalet de ski Ruka 37 m\u00b2"},"content":{"rendered":"<div data-elementor-type=\"wp-page\" data-elementor-id=\"987773\" class=\"elementor elementor-987773\" data-elementor-post-type=\"page\">\n\t\t\t\t<div class=\"elementor-element elementor-element-f81f630 e-con-full e-flex e-con e-child\" data-id=\"f81f630\" data-element_type=\"container\">\n\t\t<div class=\"elementor-element elementor-element-f222525 e-con-full e-flex e-con e-child\" data-id=\"f222525\" data-element_type=\"container\">\n\t\t\t\t<div class=\"elementor-element elementor-element-3c41806 elementor-widget elementor-widget-text-editor\" data-id=\"3c41806\" data-element_type=\"widget\" data-widget_type=\"text-editor.default\">\n\t\t\t\t<div class=\"elementor-widget-container\">\n\t\t\t\t\t\t\t\t\t<p>T<span style=\"letter-spacing: -0.8px;\">Cet appartement offre un espace confortable pour un couple ou une petite famille. L'appartement de 37 m\u00b2 comprend une chambre \u00e0 coucher, ainsi qu'un canap\u00e9-lit dans la cuisine ouverte et le salon.<\/span><\/p>\t\t\t\t\t\t\t\t<\/div>\n\t\t\t\t<\/div>\n\t\t\t\t<div class=\"elementor-element elementor-element-d9086e2 elementor-widget elementor-widget-text-editor\" data-id=\"d9086e2\" data-element_type=\"widget\" data-widget_type=\"text-editor.default\">\n\t\t\t\t<div class=\"elementor-widget-container\">\n\t\t\t\t\t\t\t\t\t<p class=\"p1\">Chaque appartement des Ruka Ski Chalets allie l'artisanat nordique au design contemporain, cr\u00e9ant ainsi une retraite chaleureuse et accueillante apr\u00e8s une journ\u00e9e pass\u00e9e sur les pistes. De grandes fen\u00eatres s'ouvrent sur les environs paisibles de la vall\u00e9e, tandis que des mat\u00e9riaux naturels et des d\u00e9tails bien pens\u00e9s apportent un sentiment de calme et de confort. Ralentissez, respirez l'air vivifiant de l'Arctique et profitez de votre s\u00e9jour o\u00f9 la vie moderne rencontre le charme nordique intemporel.<\/p>\t\t\t\t\t\t\t\t<\/div>\n\t\t\t\t<\/div>\n\t\t\t\t<div class=\"elementor-element elementor-element-e2220a0 elementor-widget-divider--view-line elementor-widget elementor-widget-divider\" data-id=\"e2220a0\" data-element_type=\"widget\" data-widget_type=\"divider.default\">\n\t\t\t\t<div class=\"elementor-widget-container\">\n\t\t\t\t\t\t\t<div class=\"elementor-divider\">\n\t\t\t<span class=\"elementor-divider-separator\">\n\t\t\t\t\t\t<\/span>\n\t\t<\/div>\n\t\t\t\t\t\t<\/div>\n\t\t\t\t<\/div>\n\t\t\t\t<div class=\"elementor-element elementor-element-1328565 elementor-widget elementor-widget-heading\" data-id=\"1328565\" data-element_type=\"widget\" data-widget_type=\"heading.default\">\n\t\t\t\t<div class=\"elementor-widget-container\">\n\t\t\t\t\t<h5 class=\"elementor-heading-title elementor-size-default\">Cet appartement comprend :<\/h5>\t\t\t\t<\/div>\n\t\t\t\t<\/div>\n\t\t<div class=\"elementor-element elementor-element-9b0c60d e-con-full e-flex e-con e-child\" data-id=\"9b0c60d\" data-element_type=\"container\">\n\t\t\t\t<div class=\"elementor-element elementor-element-2814b94 elementor-widget__width-initial elementor-widget-mobile__width-inherit elementor-list-item-link-full_width elementor-widget elementor-widget-icon-list\" data-id=\"2814b94\" data-element_type=\"widget\" data-widget_type=\"icon-list.default\">\n\t\t\t\t<div class=\"elementor-widget-container\">\n\t\t\t\t\t\t\t<ul class=\"elementor-icon-list-items\">\n\t\t\t\t\t\t\t<li class=\"elementor-icon-list-item\">\n\t\t\t\t\t\t\t\t\t\t\t<span class=\"elementor-icon-list-icon\">\n\t\t\t\t\t\t\t<i aria-hidden=\"true\" class=\"far fa-heart\"><\/i>\t\t\t\t\t\t<\/span>\n\t\t\t\t\t\t\t\t\t\t<span class=\"elementor-icon-list-text\">Cuisine enti\u00e8rement \u00e9quip\u00e9e<\/span>\n\t\t\t\t\t\t\t\t\t<\/li>\n\t\t\t\t\t\t\t\t<li class=\"elementor-icon-list-item\">\n\t\t\t\t\t\t\t\t\t\t\t<span class=\"elementor-icon-list-icon\">\n\t\t\t\t\t\t\t<i aria-hidden=\"true\" class=\"fas fa-th-large\"><\/i>\t\t\t\t\t\t<\/span>\n\t\t\t\t\t\t\t\t\t\t<span class=\"elementor-icon-list-text\">Am\u00e9nagement spacieux des chambres<\/span>\n\t\t\t\t\t\t\t\t\t<\/li>\n\t\t\t\t\t\t\t\t<li class=\"elementor-icon-list-item\">\n\t\t\t\t\t\t\t\t\t\t\t<span class=\"elementor-icon-list-icon\">\n\t\t\t\t\t\t\t<i aria-hidden=\"true\" class=\"far fa-sun\"><\/i>\t\t\t\t\t\t<\/span>\n\t\t\t\t\t\t\t\t\t\t<span class=\"elementor-icon-list-text\">Balcon<\/span>\n\t\t\t\t\t\t\t\t\t<\/li>\n\t\t\t\t\t\t<\/ul>\n\t\t\t\t\t\t<\/div>\n\t\t\t\t<\/div>\n\t\t\t\t<div class=\"elementor-element elementor-element-96c7dc4 elementor-widget__width-initial elementor-widget-mobile__width-inherit elementor-list-item-link-full_width elementor-widget elementor-widget-icon-list\" data-id=\"96c7dc4\" data-element_type=\"widget\" data-widget_type=\"icon-list.default\">\n\t\t\t\t<div class=\"elementor-widget-container\">\n\t\t\t\t\t\t\t<ul class=\"elementor-icon-list-items\">\n\t\t\t\t\t\t\t<li class=\"elementor-icon-list-item\">\n\t\t\t\t\t\t\t\t\t\t\t<span class=\"elementor-icon-list-icon\">\n\t\t\t\t\t\t\t<i aria-hidden=\"true\" class=\"fas fa-theater-masks\"><\/i>\t\t\t\t\t\t<\/span>\n\t\t\t\t\t\t\t\t\t\t<span class=\"elementor-icon-list-text\">Syst\u00e8me de divertissement moderne<\/span>\n\t\t\t\t\t\t\t\t\t<\/li>\n\t\t\t\t\t\t\t\t<li class=\"elementor-icon-list-item\">\n\t\t\t\t\t\t\t\t\t\t\t<span class=\"elementor-icon-list-icon\">\n\t\t\t\t\t\t\t<i aria-hidden=\"true\" class=\"fas fa-wifi\"><\/i>\t\t\t\t\t\t<\/span>\n\t\t\t\t\t\t\t\t\t\t<span class=\"elementor-icon-list-text\">Wifi<\/span>\n\t\t\t\t\t\t\t\t\t<\/li>\n\t\t\t\t\t\t<\/ul>\n\t\t\t\t\t\t<\/div>\n\t\t\t\t<\/div>\n\t\t\t\t<\/div>\n\t\t\t\t<div class=\"elementor-element elementor-element-736c879 elementor-widget elementor-widget-text-editor\" data-id=\"736c879\" data-element_type=\"widget\" data-widget_type=\"text-editor.default\">\n\t\t\t\t<div class=\"elementor-widget-container\">\n\t\t\t\t\t\t\t\t\t<p class=\"p1\">D\u00e9couvrez nos appartements \u00e0 service complet au c\u0153ur de Ruka Fell, con\u00e7us pour le confort, la facilit\u00e9 et une exp\u00e9rience de vacances haut de gamme. Chaque appartement dispose d'une cuisine enti\u00e8rement \u00e9quip\u00e9e, d'un agencement spacieux, de syst\u00e8mes de divertissement modernes, d'une connexion Wi-Fi et d'un balcon priv\u00e9. Tous les s\u00e9jours comprennent le linge de lit, le nettoyage final et un espace de rangement pratique pour le mat\u00e9riel de ski. Tout ce dont vous avez besoin pour une visite d\u00e9tendue et sans effort \u00e0 Ruka.<\/p>\t\t\t\t\t\t\t\t<\/div>\n\t\t\t\t<\/div>\n\t\t\t\t<\/div>\n\t\t<div class=\"elementor-element elementor-element-e39b1e0 e-con-full e-flex e-con e-child\" data-id=\"e39b1e0\" data-element_type=\"container\">\n\t\t\t\t<div class=\"elementor-element elementor-element-7caf0dd elementor-arrows-position-inside elementor-pagination-position-outside elementor-widget elementor-widget-image-carousel\" data-id=\"7caf0dd\" data-element_type=\"widget\" data-settings=\"{&quot;slides_to_show&quot;:&quot;1&quot;,&quot;navigation&quot;:&quot;both&quot;,&quot;autoplay&quot;:&quot;yes&quot;,&quot;pause_on_hover&quot;:&quot;yes&quot;,&quot;pause_on_interaction&quot;:&quot;yes&quot;,&quot;autoplay_speed&quot;:5000,&quot;infinite&quot;:&quot;yes&quot;,&quot;effect&quot;:&quot;slide&quot;,&quot;speed&quot;:500}\" data-widget_type=\"image-carousel.default\">\n\t\t\t\t<div class=\"elementor-widget-container\">\n\t\t\t\t\t\t\t<div class=\"elementor-image-carousel-wrapper swiper\" role=\"region\" aria-roledescription=\"carousel\" aria-label=\"Carrousel d&#039;images\" dir=\"ltr\">\n\t\t\t<div class=\"elementor-image-carousel swiper-wrapper swiper-image-stretch\" aria-live=\"off\">\n\t\t\t\t\t\t\t\t<div class=\"swiper-slide\" role=\"group\" aria-roledescription=\"slide\" aria-label=\"1 sur 6\"><figure class=\"swiper-slide-inner\"><img decoding=\"async\" class=\"swiper-slide-image\" src=\"https:\/\/rukaskichalets.fi\/wp-content\/uploads\/2025\/12\/RSC-2607-37m2-edit-5.jpg\" alt=\"RSC-2607-37m2-edit-5\" \/><\/figure><\/div><div class=\"swiper-slide\" role=\"group\" aria-roledescription=\"slide\" aria-label=\"2 sur 6\"><figure class=\"swiper-slide-inner\"><img decoding=\"async\" class=\"swiper-slide-image\" src=\"https:\/\/rukaskichalets.fi\/wp-content\/uploads\/2025\/12\/RSC-2607-37m2-edit-2.jpg\" alt=\"RSC-2607-37m2-edit-2\" \/><\/figure><\/div><div class=\"swiper-slide\" role=\"group\" aria-roledescription=\"slide\" aria-label=\"3 sur 6\"><figure class=\"swiper-slide-inner\"><img decoding=\"async\" class=\"swiper-slide-image\" src=\"https:\/\/rukaskichalets.fi\/wp-content\/uploads\/2025\/12\/RSC-2607-37m2-edit.jpg\" alt=\"RSC-2607-37m2-edit\" \/><\/figure><\/div><div class=\"swiper-slide\" role=\"group\" aria-roledescription=\"slide\" aria-label=\"4 sur 6\"><figure class=\"swiper-slide-inner\"><img decoding=\"async\" class=\"swiper-slide-image\" src=\"https:\/\/rukaskichalets.fi\/wp-content\/uploads\/2025\/12\/RSC-2607-37m2-edit-4.jpg\" alt=\"RSC-2607-37m2-edit-4\" \/><\/figure><\/div><div class=\"swiper-slide\" role=\"group\" aria-roledescription=\"slide\" aria-label=\"5 sur 6\"><figure class=\"swiper-slide-inner\"><img decoding=\"async\" class=\"swiper-slide-image\" src=\"https:\/\/rukaskichalets.fi\/wp-content\/uploads\/2025\/12\/RSC-2607-37m2-edit-3.jpg\" alt=\"RSC-2607-37m2-edit-3\" \/><\/figure><\/div><div class=\"swiper-slide\" role=\"group\" aria-roledescription=\"slide\" aria-label=\"6 sur 6\"><figure class=\"swiper-slide-inner\"><img decoding=\"async\" class=\"swiper-slide-image\" src=\"https:\/\/rukaskichalets.fi\/wp-content\/uploads\/2025\/12\/RSC-2607-37m2-edit-6.jpg\" alt=\"RSC-2607-37m2-edit-6\" \/><\/figure><\/div>\t\t\t<\/div>\n\t\t\t\t\t\t\t\t\t\t\t\t<div class=\"elementor-swiper-button elementor-swiper-button-prev\" role=\"button\" tabindex=\"0\">\n\t\t\t\t\t\t<i aria-hidden=\"true\" class=\"eicon-chevron-left\"><\/i>\t\t\t\t\t<\/div>\n\t\t\t\t\t<div class=\"elementor-swiper-button elementor-swiper-button-next\" role=\"button\" tabindex=\"0\">\n\t\t\t\t\t\t<i aria-hidden=\"true\" class=\"eicon-chevron-right\"><\/i>\t\t\t\t\t<\/div>\n\t\t\t\t\n\t\t\t\t\t\t\t\t\t<div class=\"swiper-pagination\"><\/div>\n\t\t\t\t\t\t\t\t\t<\/div>\n\t\t\t\t\t\t<\/div>\n\t\t\t\t<\/div>\n\t\t\t\t<\/div>\n\t\t\t\t<\/div>\n\t\t\t\t<\/div>","protected":false},"excerpt":{"rendered":"<p>Pour 2 + 2 personnes<\/p>","protected":false},"author":1,"featured_media":988797,"parent":29,"menu_order":0,"comment_status":"closed","ping_status":"closed","template":"","meta":{"_acf_changed":false,"footnotes":""},"class_list":["post-987773","page","type-page","status-publish","has-post-thumbnail","hentry"],"acf":[],"yoast_head":"<!-- This site is optimized with the Yoast SEO plugin v26.8 - https:\/\/yoast.com\/product\/yoast-seo-wordpress\/ -->\n<title>Ruka Ski Chalet 37 m\u00b2 - Ruka Ski Chalets<\/title>\n<meta name=\"robots\" content=\"index, follow, max-snippet:-1, max-image-preview:large, max-video-preview:-1\" \/>\n<link rel=\"canonical\" href=\"https:\/\/rukaskichalets.fi\/fr\/appartements\/chalet-de-ski-ruka-37m2\/\" \/>\n<meta property=\"og:locale\" content=\"fr_FR\" \/>\n<meta property=\"og:type\" content=\"article\" \/>\n<meta property=\"og:title\" content=\"Ruka Ski Chalet 37 m\u00b2 - Ruka Ski Chalets\" \/>\n<meta property=\"og:description\" content=\"For 2 + 2 guests\" \/>\n<meta property=\"og:url\" content=\"https:\/\/rukaskichalets.fi\/fr\/appartements\/chalet-de-ski-ruka-37m2\/\" \/>\n<meta property=\"og:site_name\" content=\"Ruka Ski Chalets\" \/>\n<meta property=\"article:publisher\" content=\"https:\/\/www.facebook.com\/RukaSkiChalets\" \/>\n<meta property=\"article:modified_time\" content=\"2026-01-05T10:22:20+00:00\" \/>\n<meta property=\"og:image\" content=\"https:\/\/rukaskichalets.fi\/wp-content\/uploads\/2025\/12\/RSC-2607-37m2-edit-5.jpg\" \/>\n\t<meta property=\"og:image:width\" content=\"2411\" \/>\n\t<meta property=\"og:image:height\" content=\"1600\" \/>\n\t<meta property=\"og:image:type\" content=\"image\/jpeg\" \/>\n<meta name=\"twitter:card\" content=\"summary_large_image\" \/>\n<meta name=\"twitter:label1\" content=\"Dur\u00e9e de lecture estim\u00e9e\" \/>\n\t<meta name=\"twitter:data1\" content=\"1 minute\" \/>\n<script type=\"application\/ld+json\" class=\"yoast-schema-graph\">{\"@context\":\"https:\/\/schema.org\",\"@graph\":[{\"@type\":\"WebPage\",\"@id\":\"https:\/\/rukaskichalets.fi\/apartments\/ruka-ski-chalet-37m2\/\",\"url\":\"https:\/\/rukaskichalets.fi\/apartments\/ruka-ski-chalet-37m2\/\",\"name\":\"Ruka Ski Chalet 37 m\u00b2 - Ruka Ski Chalets\",\"isPartOf\":{\"@id\":\"https:\/\/rukaskichalets.fi\/#website\"},\"primaryImageOfPage\":{\"@id\":\"https:\/\/rukaskichalets.fi\/apartments\/ruka-ski-chalet-37m2\/#primaryimage\"},\"image\":{\"@id\":\"https:\/\/rukaskichalets.fi\/apartments\/ruka-ski-chalet-37m2\/#primaryimage\"},\"thumbnailUrl\":\"https:\/\/rukaskichalets.fi\/wp-content\/uploads\/2025\/12\/RSC-2607-37m2-edit-5.jpg\",\"datePublished\":\"2025-11-17T13:57:54+00:00\",\"dateModified\":\"2026-01-05T10:22:20+00:00\",\"breadcrumb\":{\"@id\":\"https:\/\/rukaskichalets.fi\/apartments\/ruka-ski-chalet-37m2\/#breadcrumb\"},\"inLanguage\":\"fr-FR\",\"potentialAction\":[{\"@type\":\"ReadAction\",\"target\":[\"https:\/\/rukaskichalets.fi\/apartments\/ruka-ski-chalet-37m2\/\"]}]},{\"@type\":\"ImageObject\",\"inLanguage\":\"fr-FR\",\"@id\":\"https:\/\/rukaskichalets.fi\/apartments\/ruka-ski-chalet-37m2\/#primaryimage\",\"url\":\"https:\/\/rukaskichalets.fi\/wp-content\/uploads\/2025\/12\/RSC-2607-37m2-edit-5.jpg\",\"contentUrl\":\"https:\/\/rukaskichalets.fi\/wp-content\/uploads\/2025\/12\/RSC-2607-37m2-edit-5.jpg\",\"width\":2411,\"height\":1600},{\"@type\":\"BreadcrumbList\",\"@id\":\"https:\/\/rukaskichalets.fi\/apartments\/ruka-ski-chalet-37m2\/#breadcrumb\",\"itemListElement\":[{\"@type\":\"ListItem\",\"position\":1,\"name\":\"Home\",\"item\":\"https:\/\/rukaskichalets.fi\/\"},{\"@type\":\"ListItem\",\"position\":2,\"name\":\"Apartments\",\"item\":\"https:\/\/rukaskichalets.fi\/apartments\/\"},{\"@type\":\"ListItem\",\"position\":3,\"name\":\"Ruka Ski Chalet 37 m\u00b2\"}]},{\"@type\":\"WebSite\",\"@id\":\"https:\/\/rukaskichalets.fi\/#website\",\"url\":\"https:\/\/rukaskichalets.fi\/\",\"name\":\"Ruka Ski Chalets\",\"description\":\"\",\"publisher\":{\"@id\":\"https:\/\/rukaskichalets.fi\/#organization\"},\"potentialAction\":[{\"@type\":\"SearchAction\",\"target\":{\"@type\":\"EntryPoint\",\"urlTemplate\":\"https:\/\/rukaskichalets.fi\/?s={search_term_string}\"},\"query-input\":{\"@type\":\"PropertyValueSpecification\",\"valueRequired\":true,\"valueName\":\"search_term_string\"}}],\"inLanguage\":\"fr-FR\"},{\"@type\":\"Organization\",\"@id\":\"https:\/\/rukaskichalets.fi\/#organization\",\"name\":\"Ruka Ski Chalets\",\"url\":\"https:\/\/rukaskichalets.fi\/\",\"logo\":{\"@type\":\"ImageObject\",\"inLanguage\":\"fr-FR\",\"@id\":\"https:\/\/rukaskichalets.fi\/#\/schema\/logo\/image\/\",\"url\":\"https:\/\/rukaskichalets.fi\/wp-content\/uploads\/2025\/08\/ruka_skichalets_logo.webp\",\"contentUrl\":\"https:\/\/rukaskichalets.fi\/wp-content\/uploads\/2025\/08\/ruka_skichalets_logo.webp\",\"width\":300,\"height\":82,\"caption\":\"Ruka Ski Chalets\"},\"image\":{\"@id\":\"https:\/\/rukaskichalets.fi\/#\/schema\/logo\/image\/\"},\"sameAs\":[\"https:\/\/www.facebook.com\/RukaSkiChalets\",\"https:\/\/www.instagram.com\/rukaskichalets\/\"]}]}<\/script>\n<!-- \/ Yoast SEO plugin. -->","yoast_head_json":{"title":"Ruka Ski Chalet 37 m\u00b2 - Ruka Ski Chalets","robots":{"index":"index","follow":"follow","max-snippet":"max-snippet:-1","max-image-preview":"max-image-preview:large","max-video-preview":"max-video-preview:-1"},"canonical":"https:\/\/rukaskichalets.fi\/fr\/appartements\/chalet-de-ski-ruka-37m2\/","og_locale":"fr_FR","og_type":"article","og_title":"Ruka Ski Chalet 37 m\u00b2 - Ruka Ski Chalets","og_description":"For 2 + 2 guests","og_url":"https:\/\/rukaskichalets.fi\/fr\/appartements\/chalet-de-ski-ruka-37m2\/","og_site_name":"Ruka Ski Chalets","article_publisher":"https:\/\/www.facebook.com\/RukaSkiChalets","article_modified_time":"2026-01-05T10:22:20+00:00","og_image":[{"width":2411,"height":1600,"url":"https:\/\/rukaskichalets.fi\/wp-content\/uploads\/2025\/12\/RSC-2607-37m2-edit-5.jpg","type":"image\/jpeg"}],"twitter_card":"summary_large_image","twitter_misc":{"Dur\u00e9e de lecture estim\u00e9e":"1 minute"},"schema":{"@context":"https:\/\/schema.org","@graph":[{"@type":"WebPage","@id":"https:\/\/rukaskichalets.fi\/apartments\/ruka-ski-chalet-37m2\/","url":"https:\/\/rukaskichalets.fi\/apartments\/ruka-ski-chalet-37m2\/","name":"Ruka Ski Chalet 37 m\u00b2 - Ruka Ski Chalets","isPartOf":{"@id":"https:\/\/rukaskichalets.fi\/#website"},"primaryImageOfPage":{"@id":"https:\/\/rukaskichalets.fi\/apartments\/ruka-ski-chalet-37m2\/#primaryimage"},"image":{"@id":"https:\/\/rukaskichalets.fi\/apartments\/ruka-ski-chalet-37m2\/#primaryimage"},"thumbnailUrl":"https:\/\/rukaskichalets.fi\/wp-content\/uploads\/2025\/12\/RSC-2607-37m2-edit-5.jpg","datePublished":"2025-11-17T13:57:54+00:00","dateModified":"2026-01-05T10:22:20+00:00","breadcrumb":{"@id":"https:\/\/rukaskichalets.fi\/apartments\/ruka-ski-chalet-37m2\/#breadcrumb"},"inLanguage":"fr-FR","potentialAction":[{"@type":"ReadAction","target":["https:\/\/rukaskichalets.fi\/apartments\/ruka-ski-chalet-37m2\/"]}]},{"@type":"ImageObject","inLanguage":"fr-FR","@id":"https:\/\/rukaskichalets.fi\/apartments\/ruka-ski-chalet-37m2\/#primaryimage","url":"https:\/\/rukaskichalets.fi\/wp-content\/uploads\/2025\/12\/RSC-2607-37m2-edit-5.jpg","contentUrl":"https:\/\/rukaskichalets.fi\/wp-content\/uploads\/2025\/12\/RSC-2607-37m2-edit-5.jpg","width":2411,"height":1600},{"@type":"BreadcrumbList","@id":"https:\/\/rukaskichalets.fi\/apartments\/ruka-ski-chalet-37m2\/#breadcrumb","itemListElement":[{"@type":"ListItem","position":1,"name":"Home","item":"https:\/\/rukaskichalets.fi\/"},{"@type":"ListItem","position":2,"name":"Apartments","item":"https:\/\/rukaskichalets.fi\/apartments\/"},{"@type":"ListItem","position":3,"name":"Ruka Ski Chalet 37 m\u00b2"}]},{"@type":"WebSite","@id":"https:\/\/rukaskichalets.fi\/#website","url":"https:\/\/rukaskichalets.fi\/","name":"Chalets de ski Ruka","description":"","publisher":{"@id":"https:\/\/rukaskichalets.fi\/#organization"},"potentialAction":[{"@type":"SearchAction","target":{"@type":"EntryPoint","urlTemplate":"https:\/\/rukaskichalets.fi\/?s={search_term_string}"},"query-input":{"@type":"PropertyValueSpecification","valueRequired":true,"valueName":"search_term_string"}}],"inLanguage":"fr-FR"},{"@type":"Organization","@id":"https:\/\/rukaskichalets.fi\/#organization","name":"Chalets de ski Ruka","url":"https:\/\/rukaskichalets.fi\/","logo":{"@type":"ImageObject","inLanguage":"fr-FR","@id":"https:\/\/rukaskichalets.fi\/#\/schema\/logo\/image\/","url":"https:\/\/rukaskichalets.fi\/wp-content\/uploads\/2025\/08\/ruka_skichalets_logo.webp","contentUrl":"https:\/\/rukaskichalets.fi\/wp-content\/uploads\/2025\/08\/ruka_skichalets_logo.webp","width":300,"height":82,"caption":"Ruka Ski Chalets"},"image":{"@id":"https:\/\/rukaskichalets.fi\/#\/schema\/logo\/image\/"},"sameAs":["https:\/\/www.facebook.com\/RukaSkiChalets","https:\/\/www.instagram.com\/rukaskichalets\/"]}]}},"_links":{"self":[{"href":"https:\/\/rukaskichalets.fi\/fr\/wp-json\/wp\/v2\/pages\/987773","targetHints":{"allow":["GET"]}}],"collection":[{"href":"https:\/\/rukaskichalets.fi\/fr\/wp-json\/wp\/v2\/pages"}],"about":[{"href":"https:\/\/rukaskichalets.fi\/fr\/wp-json\/wp\/v2\/types\/page"}],"author":[{"embeddable":true,"href":"https:\/\/rukaskichalets.fi\/fr\/wp-json\/wp\/v2\/users\/1"}],"replies":[{"embeddable":true,"href":"https:\/\/rukaskichalets.fi\/fr\/wp-json\/wp\/v2\/comments?post=987773"}],"version-history":[{"count":5,"href":"https:\/\/rukaskichalets.fi\/fr\/wp-json\/wp\/v2\/pages\/987773\/revisions"}],"predecessor-version":[{"id":988975,"href":"https:\/\/rukaskichalets.fi\/fr\/wp-json\/wp\/v2\/pages\/987773\/revisions\/988975"}],"up":[{"embeddable":true,"href":"https:\/\/rukaskichalets.fi\/fr\/wp-json\/wp\/v2\/pages\/29"}],"wp:featuredmedia":[{"embeddable":true,"href":"https:\/\/rukaskichalets.fi\/fr\/wp-json\/wp\/v2\/media\/988797"}],"wp:attachment":[{"href":"https:\/\/rukaskichalets.fi\/fr\/wp-json\/wp\/v2\/media?parent=987773"}],"curies":[{"name":"wp","href":"https:\/\/api.w.org\/{rel}","templated":true}]}}