{"id":987862,"date":"2025-11-17T15:53:32","date_gmt":"2025-11-17T15:53:32","guid":{"rendered":"https:\/\/rsc.valfisite.com\/?page_id=987862"},"modified":"2026-01-03T09:01:02","modified_gmt":"2026-01-03T09:01:02","slug":"jouir","status":"publish","type":"page","link":"https:\/\/rukaskichalets.fi\/fr\/jouir\/","title":{"rendered":"Appr\u00e9ciez"},"content":{"rendered":"<div data-elementor-type=\"wp-page\" data-elementor-id=\"987862\" class=\"elementor elementor-987862\" data-elementor-post-type=\"page\">\n\t\t\t\t<div class=\"elementor-element elementor-element-6a5f82c e-flex e-con-boxed e-con e-parent\" data-id=\"6a5f82c\" data-element_type=\"container\" data-settings=\"{&quot;background_background&quot;:&quot;classic&quot;}\">\n\t\t\t\t\t<div class=\"e-con-inner\">\n\t\t\t\t<div class=\"elementor-element elementor-element-ae1f5d9 elementor-widget__width-initial elementor-widget elementor-widget-text-editor\" data-id=\"ae1f5d9\" data-element_type=\"widget\" data-widget_type=\"text-editor.default\">\n\t\t\t\t<div class=\"elementor-widget-container\">\n\t\t\t\t\t\t\t\t\t<p style=\"text-align: left;\">Profitez d'un sauna ou visitez un spa \u00e0 Kuusamo. Les grandes unit\u00e9s (46-81,5 m\u00b2) disposent d'un sauna priv\u00e9, tandis que les petits appartements (21,5 m\u00b2 et 37 m\u00b2) n'ont pas de sauna.<\/p><p style=\"text-align: left;\">Tous les appartements sont facilement accessibles \u00e0 pied depuis les remont\u00e9es m\u00e9caniques et le village de Ruka, avec son grand choix de restaurants et de boutiques.<\/p><p style=\"text-align: left;\">Ruka propose des activit\u00e9s tout au long de l'ann\u00e9e : en \u00e9t\u00e9, vous pourrez faire du v\u00e9lo de descente gr\u00e2ce \u00e0 la t\u00e9l\u00e9cabine, profiter d'un parc aquatique pour enfants situ\u00e9 \u00e0 proximit\u00e9 et d\u00e9couvrir le seul grand huit alpin de Finlande, dans un paysage \u00e9poustouflant. La t\u00e9l\u00e9cabine relie \u00e9galement le village de Ruka et la vall\u00e9e de Ruka. La r\u00e9gion de Ruka-Kuusamo est id\u00e9ale pour la randonn\u00e9e et le VTT en \u00e9t\u00e9, et pour le ski, les raquettes et la motoneige en hiver. Les attractions familiales telles que les \u00e9levages de rennes, les safaris en tra\u00eeneau \u00e0 chiens, le parc familial Rosa &amp; Rudolf, le spa Kuusamon Tropiikki et le parc d'activit\u00e9s Angry Birds garantissent des exp\u00e9riences inoubliables pour tous les \u00e2ges.<\/p>\t\t\t\t\t\t\t\t<\/div>\n\t\t\t\t<\/div>\n\t\t\t\t\t<\/div>\n\t\t\t\t<\/div>\n\t\t<div class=\"elementor-element elementor-element-f1d30a9 e-con-full e-flex e-con e-parent\" data-id=\"f1d30a9\" data-element_type=\"container\" data-settings=\"{&quot;background_background&quot;:&quot;gradient&quot;}\">\n\t\t\t\t<\/div>\n\t\t<div class=\"elementor-element elementor-element-0b88d5b e-flex e-con-boxed e-con e-parent\" data-id=\"0b88d5b\" data-element_type=\"container\">\n\t\t\t\t\t<div class=\"e-con-inner\">\n\t\t<div class=\"elementor-element elementor-element-b522f79 e-con-full e-flex e-con e-child\" data-id=\"b522f79\" data-element_type=\"container\">\n\t\t<div class=\"elementor-element elementor-element-5db09cc e-con-full e-flex e-con e-child\" data-id=\"5db09cc\" data-element_type=\"container\">\n\t\t\t\t<div class=\"elementor-element elementor-element-ca17a84 animated-fast elementor-invisible elementor-widget elementor-widget-heading\" data-id=\"ca17a84\" data-element_type=\"widget\" data-settings=\"{&quot;_animation&quot;:&quot;fadeIn&quot;,&quot;_animation_delay&quot;:50}\" data-widget_type=\"heading.default\">\n\t\t\t\t<div class=\"elementor-widget-container\">\n\t\t\t\t\t<h2 class=\"elementor-heading-title elementor-size-default\">Sauna et soir\u00e9es agr\u00e9ables<\/h2>\t\t\t\t<\/div>\n\t\t\t\t<\/div>\n\t\t\t\t<div class=\"elementor-element elementor-element-463df1a animated-fast elementor-invisible elementor-widget elementor-widget-text-editor\" data-id=\"463df1a\" data-element_type=\"widget\" data-settings=\"{&quot;_animation&quot;:&quot;fadeIn&quot;,&quot;_animation_delay&quot;:100}\" data-widget_type=\"text-editor.default\">\n\t\t\t\t<div class=\"elementor-widget-container\">\n\t\t\t\t\t\t\t\t\t<p>\u00c0 l'exception des studios, tous les appartements des Ruka Ski Chalets disposent de leur propre sauna, un \u00e9l\u00e9ment essentiel des vacances finlandaises. Apr\u00e8s une journ\u00e9e au grand air, vous pouvez vous d\u00e9tendre dans le sauna, vous lover dans le canap\u00e9 et regarder un film ou simplement profiter du silence et de la vue depuis la fen\u00eatre. Vous pouvez aussi enfiler vos v\u00eatements de f\u00eate et danser jusqu'au petit matin dans une bo\u00eete de nuit.<\/p><p>Pour les familles, il y a beaucoup \u00e0 faire : Roas &amp; Rudolf Family Park, pistes et aires de jeux pour les enfants, Kuusamo Tropiikki Spa, Angry Birds Activity Park, bowling, luge d'\u00e9t\u00e9, parc aquatique et bien plus encore.<\/p>\t\t\t\t\t\t\t\t<\/div>\n\t\t\t\t<\/div>\n\t\t\t\t<\/div>\n\t\t<div class=\"elementor-element elementor-element-f54320f e-con-full animated-fast e-flex elementor-invisible e-con e-child\" data-id=\"f54320f\" data-element_type=\"container\" data-settings=\"{&quot;animation&quot;:&quot;fadeIn&quot;,&quot;sticky&quot;:&quot;top&quot;,&quot;sticky_on&quot;:[&quot;tablet&quot;],&quot;sticky_offset_tablet&quot;:70,&quot;sticky_parent&quot;:&quot;yes&quot;,&quot;sticky_offset&quot;:0,&quot;sticky_effects_offset&quot;:0,&quot;sticky_anchor_link_offset&quot;:0}\">\n\t\t<div class=\"elementor-element elementor-element-429929e e-con-full animated-fast e-flex elementor-invisible e-con e-child\" data-id=\"429929e\" data-element_type=\"container\" data-settings=\"{&quot;animation&quot;:&quot;fadeIn&quot;}\">\n\t\t<div class=\"elementor-element elementor-element-ddc792d e-con-full e-flex e-con e-child\" data-id=\"ddc792d\" data-element_type=\"container\" data-settings=\"{&quot;background_background&quot;:&quot;classic&quot;}\">\n\t\t\t\t<\/div>\n\t\t\t\t<\/div>\n\t\t\t\t<\/div>\n\t\t\t\t<\/div>\n\t\t<div class=\"elementor-element elementor-element-be17c9f e-con-full e-flex e-con e-child\" data-id=\"be17c9f\" data-element_type=\"container\">\n\t\t<div class=\"elementor-element elementor-element-efd254f e-con-full animated-fast e-flex elementor-invisible e-con e-child\" data-id=\"efd254f\" data-element_type=\"container\" data-settings=\"{&quot;animation&quot;:&quot;fadeIn&quot;,&quot;sticky&quot;:&quot;top&quot;,&quot;sticky_on&quot;:[&quot;tablet&quot;],&quot;sticky_offset_tablet&quot;:70,&quot;sticky_parent&quot;:&quot;yes&quot;,&quot;sticky_offset&quot;:0,&quot;sticky_effects_offset&quot;:0,&quot;sticky_anchor_link_offset&quot;:0}\">\n\t\t<div class=\"elementor-element elementor-element-3f049ad e-con-full animated-fast e-flex elementor-invisible e-con e-child\" data-id=\"3f049ad\" data-element_type=\"container\" data-settings=\"{&quot;animation&quot;:&quot;fadeIn&quot;}\">\n\t\t<div class=\"elementor-element elementor-element-d4efe60 e-con-full e-flex e-con e-child\" data-id=\"d4efe60\" data-element_type=\"container\" data-settings=\"{&quot;background_background&quot;:&quot;classic&quot;}\">\n\t\t\t\t<\/div>\n\t\t\t\t<\/div>\n\t\t\t\t<\/div>\n\t\t<div class=\"elementor-element elementor-element-52f34e8 e-con-full e-flex e-con e-child\" data-id=\"52f34e8\" data-element_type=\"container\">\n\t\t\t\t<div class=\"elementor-element elementor-element-7b51193 animated-fast elementor-invisible elementor-widget elementor-widget-heading\" data-id=\"7b51193\" data-element_type=\"widget\" data-settings=\"{&quot;_animation&quot;:&quot;fadeIn&quot;,&quot;_animation_delay&quot;:50}\" data-widget_type=\"heading.default\">\n\t\t\t\t<div class=\"elementor-widget-container\">\n\t\t\t\t\t<h2 class=\"elementor-heading-title elementor-size-default\">Confort ais\u00e9 pour les s\u00e9jours prolong\u00e9s<\/h2>\t\t\t\t<\/div>\n\t\t\t\t<\/div>\n\t\t\t\t<div class=\"elementor-element elementor-element-6af2408 animated-fast elementor-invisible elementor-widget elementor-widget-text-editor\" data-id=\"6af2408\" data-element_type=\"widget\" data-settings=\"{&quot;_animation&quot;:&quot;fadeIn&quot;,&quot;_animation_delay&quot;:100}\" data-widget_type=\"text-editor.default\">\n\t\t\t\t<div class=\"elementor-widget-container\">\n\t\t\t\t\t\t\t\t\t<p>Gr\u00e2ce aux cuisines enti\u00e8rement \u00e9quip\u00e9es, aux installations de lavage et de s\u00e9chage et aux rangements pratiques, les Ruka Ski Chalets conviennent \u00e9galement aux s\u00e9jours de longue dur\u00e9e et au travail \u00e0 distance. Vous pouvez combiner les activit\u00e9s de plein air avec les journ\u00e9es de travail, cuisiner vos repas pr\u00e9f\u00e9r\u00e9s et vous installer dans une routine qui convient \u00e0 vos vacances.<\/p><p>Venez profiter de Ruka \u00e0 votre mani\u00e8re - nous vous fournissons une base confortable.<\/p>\t\t\t\t\t\t\t\t<\/div>\n\t\t\t\t<\/div>\n\t\t\t\t<\/div>\n\t\t\t\t<\/div>\n\t\t\t\t\t<\/div>\n\t\t\t\t<\/div>\n\t\t\t\t<\/div>","protected":false},"excerpt":{"rendered":"<p>Profitez-en, d\u00e9tendez-vous et sentez-vous chez vous<\/p>","protected":false},"author":1,"featured_media":988533,"parent":0,"menu_order":0,"comment_status":"closed","ping_status":"closed","template":"","meta":{"_acf_changed":false,"footnotes":""},"class_list":["post-987862","page","type-page","status-publish","has-post-thumbnail","hentry"],"acf":[],"yoast_head":"<!-- This site is optimized with the Yoast SEO plugin v26.8 - https:\/\/yoast.com\/product\/yoast-seo-wordpress\/ -->\n<title>Enjoy - Ruka Ski Chalets<\/title>\n<meta name=\"robots\" content=\"index, follow, max-snippet:-1, max-image-preview:large, max-video-preview:-1\" \/>\n<link rel=\"canonical\" href=\"https:\/\/rukaskichalets.fi\/fr\/jouir\/\" \/>\n<meta property=\"og:locale\" content=\"fr_FR\" \/>\n<meta property=\"og:type\" content=\"article\" \/>\n<meta property=\"og:title\" content=\"Enjoy - Ruka Ski Chalets\" \/>\n<meta property=\"og:description\" content=\"Enjoy, relax and feel at home\" \/>\n<meta property=\"og:url\" content=\"https:\/\/rukaskichalets.fi\/fr\/jouir\/\" \/>\n<meta property=\"og:site_name\" content=\"Ruka Ski Chalets\" \/>\n<meta property=\"article:publisher\" content=\"https:\/\/www.facebook.com\/RukaSkiChalets\" \/>\n<meta property=\"article:modified_time\" content=\"2026-01-03T09:01:02+00:00\" \/>\n<meta property=\"og:image\" content=\"https:\/\/rukaskichalets.fi\/wp-content\/uploads\/2025\/12\/Ruka-Chalets-huoneisto-12-scaled.jpg\" \/>\n\t<meta property=\"og:image:width\" content=\"2560\" \/>\n\t<meta property=\"og:image:height\" content=\"1703\" \/>\n\t<meta property=\"og:image:type\" content=\"image\/jpeg\" \/>\n<meta name=\"twitter:card\" content=\"summary_large_image\" \/>\n<meta name=\"twitter:label1\" content=\"Dur\u00e9e de lecture estim\u00e9e\" \/>\n\t<meta name=\"twitter:data1\" content=\"1 minute\" \/>\n<script type=\"application\/ld+json\" class=\"yoast-schema-graph\">{\"@context\":\"https:\/\/schema.org\",\"@graph\":[{\"@type\":\"WebPage\",\"@id\":\"https:\/\/rukaskichalets.fi\/enjoy\/\",\"url\":\"https:\/\/rukaskichalets.fi\/enjoy\/\",\"name\":\"Enjoy - Ruka Ski Chalets\",\"isPartOf\":{\"@id\":\"https:\/\/rukaskichalets.fi\/#website\"},\"primaryImageOfPage\":{\"@id\":\"https:\/\/rukaskichalets.fi\/enjoy\/#primaryimage\"},\"image\":{\"@id\":\"https:\/\/rukaskichalets.fi\/enjoy\/#primaryimage\"},\"thumbnailUrl\":\"https:\/\/rukaskichalets.fi\/wp-content\/uploads\/2025\/12\/Ruka-Chalets-huoneisto-12-scaled.jpg\",\"datePublished\":\"2025-11-17T15:53:32+00:00\",\"dateModified\":\"2026-01-03T09:01:02+00:00\",\"breadcrumb\":{\"@id\":\"https:\/\/rukaskichalets.fi\/enjoy\/#breadcrumb\"},\"inLanguage\":\"fr-FR\",\"potentialAction\":[{\"@type\":\"ReadAction\",\"target\":[\"https:\/\/rukaskichalets.fi\/enjoy\/\"]}]},{\"@type\":\"ImageObject\",\"inLanguage\":\"fr-FR\",\"@id\":\"https:\/\/rukaskichalets.fi\/enjoy\/#primaryimage\",\"url\":\"https:\/\/rukaskichalets.fi\/wp-content\/uploads\/2025\/12\/Ruka-Chalets-huoneisto-12-scaled.jpg\",\"contentUrl\":\"https:\/\/rukaskichalets.fi\/wp-content\/uploads\/2025\/12\/Ruka-Chalets-huoneisto-12-scaled.jpg\",\"width\":2560,\"height\":1703},{\"@type\":\"BreadcrumbList\",\"@id\":\"https:\/\/rukaskichalets.fi\/enjoy\/#breadcrumb\",\"itemListElement\":[{\"@type\":\"ListItem\",\"position\":1,\"name\":\"Home\",\"item\":\"https:\/\/rukaskichalets.fi\/\"},{\"@type\":\"ListItem\",\"position\":2,\"name\":\"Enjoy\"}]},{\"@type\":\"WebSite\",\"@id\":\"https:\/\/rukaskichalets.fi\/#website\",\"url\":\"https:\/\/rukaskichalets.fi\/\",\"name\":\"Ruka Ski Chalets\",\"description\":\"\",\"publisher\":{\"@id\":\"https:\/\/rukaskichalets.fi\/#organization\"},\"potentialAction\":[{\"@type\":\"SearchAction\",\"target\":{\"@type\":\"EntryPoint\",\"urlTemplate\":\"https:\/\/rukaskichalets.fi\/?s={search_term_string}\"},\"query-input\":{\"@type\":\"PropertyValueSpecification\",\"valueRequired\":true,\"valueName\":\"search_term_string\"}}],\"inLanguage\":\"fr-FR\"},{\"@type\":\"Organization\",\"@id\":\"https:\/\/rukaskichalets.fi\/#organization\",\"name\":\"Ruka Ski Chalets\",\"url\":\"https:\/\/rukaskichalets.fi\/\",\"logo\":{\"@type\":\"ImageObject\",\"inLanguage\":\"fr-FR\",\"@id\":\"https:\/\/rukaskichalets.fi\/#\/schema\/logo\/image\/\",\"url\":\"https:\/\/rukaskichalets.fi\/wp-content\/uploads\/2025\/08\/ruka_skichalets_logo.webp\",\"contentUrl\":\"https:\/\/rukaskichalets.fi\/wp-content\/uploads\/2025\/08\/ruka_skichalets_logo.webp\",\"width\":300,\"height\":82,\"caption\":\"Ruka Ski Chalets\"},\"image\":{\"@id\":\"https:\/\/rukaskichalets.fi\/#\/schema\/logo\/image\/\"},\"sameAs\":[\"https:\/\/www.facebook.com\/RukaSkiChalets\",\"https:\/\/www.instagram.com\/rukaskichalets\/\"]}]}<\/script>\n<!-- \/ Yoast SEO plugin. -->","yoast_head_json":{"title":"Profitez - Ruka Ski Chalets","robots":{"index":"index","follow":"follow","max-snippet":"max-snippet:-1","max-image-preview":"max-image-preview:large","max-video-preview":"max-video-preview:-1"},"canonical":"https:\/\/rukaskichalets.fi\/fr\/jouir\/","og_locale":"fr_FR","og_type":"article","og_title":"Enjoy - Ruka Ski Chalets","og_description":"Enjoy, relax and feel at home","og_url":"https:\/\/rukaskichalets.fi\/fr\/jouir\/","og_site_name":"Ruka Ski Chalets","article_publisher":"https:\/\/www.facebook.com\/RukaSkiChalets","article_modified_time":"2026-01-03T09:01:02+00:00","og_image":[{"width":2560,"height":1703,"url":"https:\/\/rukaskichalets.fi\/wp-content\/uploads\/2025\/12\/Ruka-Chalets-huoneisto-12-scaled.jpg","type":"image\/jpeg"}],"twitter_card":"summary_large_image","twitter_misc":{"Dur\u00e9e de lecture estim\u00e9e":"1 minute"},"schema":{"@context":"https:\/\/schema.org","@graph":[{"@type":"WebPage","@id":"https:\/\/rukaskichalets.fi\/enjoy\/","url":"https:\/\/rukaskichalets.fi\/enjoy\/","name":"Profitez - Ruka Ski Chalets","isPartOf":{"@id":"https:\/\/rukaskichalets.fi\/#website"},"primaryImageOfPage":{"@id":"https:\/\/rukaskichalets.fi\/enjoy\/#primaryimage"},"image":{"@id":"https:\/\/rukaskichalets.fi\/enjoy\/#primaryimage"},"thumbnailUrl":"https:\/\/rukaskichalets.fi\/wp-content\/uploads\/2025\/12\/Ruka-Chalets-huoneisto-12-scaled.jpg","datePublished":"2025-11-17T15:53:32+00:00","dateModified":"2026-01-03T09:01:02+00:00","breadcrumb":{"@id":"https:\/\/rukaskichalets.fi\/enjoy\/#breadcrumb"},"inLanguage":"fr-FR","potentialAction":[{"@type":"ReadAction","target":["https:\/\/rukaskichalets.fi\/enjoy\/"]}]},{"@type":"ImageObject","inLanguage":"fr-FR","@id":"https:\/\/rukaskichalets.fi\/enjoy\/#primaryimage","url":"https:\/\/rukaskichalets.fi\/wp-content\/uploads\/2025\/12\/Ruka-Chalets-huoneisto-12-scaled.jpg","contentUrl":"https:\/\/rukaskichalets.fi\/wp-content\/uploads\/2025\/12\/Ruka-Chalets-huoneisto-12-scaled.jpg","width":2560,"height":1703},{"@type":"BreadcrumbList","@id":"https:\/\/rukaskichalets.fi\/enjoy\/#breadcrumb","itemListElement":[{"@type":"ListItem","position":1,"name":"Home","item":"https:\/\/rukaskichalets.fi\/"},{"@type":"ListItem","position":2,"name":"Enjoy"}]},{"@type":"WebSite","@id":"https:\/\/rukaskichalets.fi\/#website","url":"https:\/\/rukaskichalets.fi\/","name":"Chalets de ski Ruka","description":"","publisher":{"@id":"https:\/\/rukaskichalets.fi\/#organization"},"potentialAction":[{"@type":"SearchAction","target":{"@type":"EntryPoint","urlTemplate":"https:\/\/rukaskichalets.fi\/?s={search_term_string}"},"query-input":{"@type":"PropertyValueSpecification","valueRequired":true,"valueName":"search_term_string"}}],"inLanguage":"fr-FR"},{"@type":"Organization","@id":"https:\/\/rukaskichalets.fi\/#organization","name":"Chalets de ski Ruka","url":"https:\/\/rukaskichalets.fi\/","logo":{"@type":"ImageObject","inLanguage":"fr-FR","@id":"https:\/\/rukaskichalets.fi\/#\/schema\/logo\/image\/","url":"https:\/\/rukaskichalets.fi\/wp-content\/uploads\/2025\/08\/ruka_skichalets_logo.webp","contentUrl":"https:\/\/rukaskichalets.fi\/wp-content\/uploads\/2025\/08\/ruka_skichalets_logo.webp","width":300,"height":82,"caption":"Ruka Ski Chalets"},"image":{"@id":"https:\/\/rukaskichalets.fi\/#\/schema\/logo\/image\/"},"sameAs":["https:\/\/www.facebook.com\/RukaSkiChalets","https:\/\/www.instagram.com\/rukaskichalets\/"]}]}},"_links":{"self":[{"href":"https:\/\/rukaskichalets.fi\/fr\/wp-json\/wp\/v2\/pages\/987862","targetHints":{"allow":["GET"]}}],"collection":[{"href":"https:\/\/rukaskichalets.fi\/fr\/wp-json\/wp\/v2\/pages"}],"about":[{"href":"https:\/\/rukaskichalets.fi\/fr\/wp-json\/wp\/v2\/types\/page"}],"author":[{"embeddable":true,"href":"https:\/\/rukaskichalets.fi\/fr\/wp-json\/wp\/v2\/users\/1"}],"replies":[{"embeddable":true,"href":"https:\/\/rukaskichalets.fi\/fr\/wp-json\/wp\/v2\/comments?post=987862"}],"version-history":[{"count":5,"href":"https:\/\/rukaskichalets.fi\/fr\/wp-json\/wp\/v2\/pages\/987862\/revisions"}],"predecessor-version":[{"id":988920,"href":"https:\/\/rukaskichalets.fi\/fr\/wp-json\/wp\/v2\/pages\/987862\/revisions\/988920"}],"wp:featuredmedia":[{"embeddable":true,"href":"https:\/\/rukaskichalets.fi\/fr\/wp-json\/wp\/v2\/media\/988533"}],"wp:attachment":[{"href":"https:\/\/rukaskichalets.fi\/fr\/wp-json\/wp\/v2\/media?parent=987862"}],"curies":[{"name":"wp","href":"https:\/\/api.w.org\/{rel}","templated":true}]}}