{"id":987873,"date":"2025-11-17T16:14:42","date_gmt":"2025-11-17T16:14:42","guid":{"rendered":"https:\/\/rsc.valfisite.com\/?page_id=987873"},"modified":"2026-01-05T10:57:32","modified_gmt":"2026-01-05T10:57:32","slug":"experiences","status":"publish","type":"page","link":"https:\/\/rukaskichalets.fi\/fr\/experiences\/","title":{"rendered":"Exp\u00e9riences"},"content":{"rendered":"<div data-elementor-type=\"wp-page\" data-elementor-id=\"987873\" class=\"elementor elementor-987873\" data-elementor-post-type=\"page\">\n\t\t\t\t<div class=\"elementor-element elementor-element-6a5f82c e-flex e-con-boxed e-con e-parent\" data-id=\"6a5f82c\" data-element_type=\"container\" data-settings=\"{&quot;background_background&quot;:&quot;classic&quot;}\">\n\t\t\t\t\t<div class=\"e-con-inner\">\n\t\t\t\t<div class=\"elementor-element elementor-element-59fd90b elementor-widget__width-initial elementor-widget elementor-widget-text-editor\" data-id=\"59fd90b\" data-element_type=\"widget\" data-widget_type=\"text-editor.default\">\n\t\t\t\t<div class=\"elementor-widget-container\">\n\t\t\t\t\t\t\t\t\t<h3><span style=\"color: #1f1f1f; letter-spacing: normal;\">Ski, neige, aurores bor\u00e9ales et \u00e9t\u00e9 sans nuit - ainsi que la beaut\u00e9 color\u00e9e de l'automne - Ruka offre quelque chose de sp\u00e9cial \u00e0 chaque saison.<\/span><\/h3><p>Ruka est l'une des destinations de vacances les plus polyvalentes de Finlande. En hiver, vous pouvez profiter d'excellentes conditions de ski, de pistes bien entretenues, de pistes de ski de fond, d'itin\u00e9raires en raquettes et de safaris en motoneige. Apr\u00e8s une journ\u00e9e bien remplie, retournez dans votre appartement chaleureux et votre sauna priv\u00e9 aux Ruka Ski Chalets.<\/p><p data-start=\"1387\" data-end=\"1634\">En \u00e9t\u00e9 et en automne, Ruka se transforme en un paradis pour les randonneurs et les v\u00e9t\u00e9tistes. Dans les environs, vous trouverez le c\u00e9l\u00e8bre sentier Karhunkierros, de belles montagnes, des rivi\u00e8res et des lacs pour pagayer et p\u00eacher, ainsi qu'une nature paisible o\u00f9 il fait bon se d\u00e9tendre.<\/p>\t\t\t\t\t\t\t\t<\/div>\n\t\t\t\t<\/div>\n\t\t\t\t\t<\/div>\n\t\t\t\t<\/div>\n\t\t<div class=\"elementor-element elementor-element-f1d30a9 e-con-full elementor-hidden-mobile e-flex e-con e-parent\" data-id=\"f1d30a9\" data-element_type=\"container\" data-settings=\"{&quot;background_background&quot;:&quot;gradient&quot;}\">\n\t\t\t\t<\/div>\n\t\t<div class=\"elementor-element elementor-element-0b88d5b e-flex e-con-boxed e-con e-parent\" data-id=\"0b88d5b\" data-element_type=\"container\">\n\t\t\t\t\t<div class=\"e-con-inner\">\n\t\t\t\t\t<\/div>\n\t\t\t\t<\/div>\n\t\t<div class=\"elementor-element elementor-element-593e0b1 e-flex e-con-boxed e-con e-child\" data-id=\"593e0b1\" data-element_type=\"container\">\n\t\t\t\t\t<div class=\"e-con-inner\">\n\t\t<div class=\"elementor-element elementor-element-c679a72 e-con-full animated-fast e-flex elementor-invisible e-con e-child\" data-id=\"c679a72\" data-element_type=\"container\" data-settings=\"{&quot;animation&quot;:&quot;fadeIn&quot;,&quot;sticky&quot;:&quot;top&quot;,&quot;sticky_on&quot;:[&quot;tablet&quot;],&quot;sticky_offset_tablet&quot;:70,&quot;sticky_parent&quot;:&quot;yes&quot;,&quot;sticky_offset&quot;:0,&quot;sticky_effects_offset&quot;:0,&quot;sticky_anchor_link_offset&quot;:0}\">\n\t\t<div class=\"elementor-element elementor-element-44e659b e-con-full animated-fast e-flex elementor-invisible e-con e-child\" data-id=\"44e659b\" data-element_type=\"container\" data-settings=\"{&quot;animation&quot;:&quot;fadeIn&quot;}\">\n\t\t<div class=\"elementor-element elementor-element-3af75f7 e-con-full e-flex e-con e-child\" data-id=\"3af75f7\" data-element_type=\"container\" data-settings=\"{&quot;background_background&quot;:&quot;classic&quot;}\">\n\t\t\t\t<\/div>\n\t\t\t\t<\/div>\n\t\t\t\t<\/div>\n\t\t<div class=\"elementor-element elementor-element-8f3d01f e-con-full e-flex e-con e-child\" data-id=\"8f3d01f\" data-element_type=\"container\">\n\t\t\t\t<div class=\"elementor-element elementor-element-da32f28 animated-fast elementor-invisible elementor-widget elementor-widget-heading\" data-id=\"da32f28\" data-element_type=\"widget\" data-settings=\"{&quot;_animation&quot;:&quot;fadeIn&quot;,&quot;_animation_delay&quot;:50}\" data-widget_type=\"heading.default\">\n\t\t\t\t<div class=\"elementor-widget-container\">\n\t\t\t\t\t<h2 class=\"elementor-heading-title elementor-size-default\">Id\u00e9es pour vos vacances \u00e0 Ruka<\/h2>\t\t\t\t<\/div>\n\t\t\t\t<\/div>\n\t\t\t\t<div class=\"elementor-element elementor-element-f2548b4 animated-fast elementor-invisible elementor-widget elementor-widget-text-editor\" data-id=\"f2548b4\" data-element_type=\"widget\" data-settings=\"{&quot;_animation&quot;:&quot;fadeIn&quot;,&quot;_animation_delay&quot;:100}\" data-widget_type=\"text-editor.default\">\n\t\t\t\t<div class=\"elementor-widget-container\">\n\t\t\t\t\t\t\t\t\t<p>- Ski alpin, ski de fond et snowboard<br data-start=\"459\" data-end=\"462\" \/>- Ski de fond sur un vaste r\u00e9seau de pistes<br data-start=\"520\" data-end=\"523\" \/>- Raquettes et randonn\u00e9es hivernales dans des paysages de montagne<br data-start=\"575\" data-end=\"578\" \/>- Safaris \u00e0 dos de husky, de renne et de motoneige avec des op\u00e9rateurs locaux<br data-start=\"641\" data-end=\"644\" \/>- Randonn\u00e9e estivale, course \u00e0 pied et v\u00e9lo de montagne<br data-start=\"696\" data-end=\"699\" \/>- Cano\u00eb, p\u00eache et cueillette de baies dans la nature, ainsi que safaris \u00e0 dos d'ours et de rennes.<\/p>\t\t\t\t\t\t\t\t<\/div>\n\t\t\t\t<\/div>\n\t\t\t\t<\/div>\n\t\t\t\t\t<\/div>\n\t\t\t\t<\/div>\n\t\t<div class=\"elementor-element elementor-element-31cb839 e-flex e-con-boxed e-con e-child\" data-id=\"31cb839\" data-element_type=\"container\">\n\t\t\t\t\t<div class=\"e-con-inner\">\n\t\t<div class=\"elementor-element elementor-element-27a8d71 e-con-full e-flex e-con e-child\" data-id=\"27a8d71\" data-element_type=\"container\">\n\t\t\t\t<div class=\"elementor-element elementor-element-722d62c animated-fast elementor-invisible elementor-widget elementor-widget-heading\" data-id=\"722d62c\" data-element_type=\"widget\" data-settings=\"{&quot;_animation&quot;:&quot;fadeIn&quot;,&quot;_animation_delay&quot;:50}\" data-widget_type=\"heading.default\">\n\t\t\t\t<div class=\"elementor-widget-container\">\n\t\t\t\t\t<h2 class=\"elementor-heading-title elementor-size-default\">Rester proche de tout, mais en paix<\/h2>\t\t\t\t<\/div>\n\t\t\t\t<\/div>\n\t\t\t\t<div class=\"elementor-element elementor-element-31c454c animated-fast elementor-invisible elementor-widget elementor-widget-text-editor\" data-id=\"31c454c\" data-element_type=\"widget\" data-settings=\"{&quot;_animation&quot;:&quot;fadeIn&quot;,&quot;_animation_delay&quot;:100}\" data-widget_type=\"text-editor.default\">\n\t\t\t\t<div class=\"elementor-widget-container\">\n\t\t\t\t\t\t\t\t\t<p data-start=\"329\" data-end=\"552\">Depuis les Ruka Ski Chalets, vous pouvez facilement acc\u00e9der aux activit\u00e9s, aux restaurants et aux services locaux \u00e0 pied, en ski-bus ou en voiture. Pr\u00e9voyez un programme actif pour chaque jour, ou prenez votre temps, profitez de la vue et d\u00e9tendez-vous dans votre propre appartement.<\/p><p data-start=\"557\" data-end=\"631\">En savoir plus sur les activit\u00e9s \u00e0 faire \u00e0 Ruka <a href=\"https:\/\/www.ruka.fi\/en\"><strong>ici<\/strong><\/a> et commencez \u00e0 planifier vos prochaines vacances.<\/p>\t\t\t\t\t\t\t\t<\/div>\n\t\t\t\t<\/div>\n\t\t\t\t<\/div>\n\t\t<div class=\"elementor-element elementor-element-b6e795e e-con-full animated-fast e-flex elementor-invisible e-con e-child\" data-id=\"b6e795e\" data-element_type=\"container\" data-settings=\"{&quot;animation&quot;:&quot;fadeIn&quot;,&quot;sticky&quot;:&quot;top&quot;,&quot;sticky_on&quot;:[&quot;tablet&quot;],&quot;sticky_offset_tablet&quot;:70,&quot;sticky_parent&quot;:&quot;yes&quot;,&quot;sticky_offset&quot;:0,&quot;sticky_effects_offset&quot;:0,&quot;sticky_anchor_link_offset&quot;:0}\">\n\t\t<div class=\"elementor-element elementor-element-a5fe9e4 e-con-full animated-fast e-flex elementor-invisible e-con e-child\" data-id=\"a5fe9e4\" data-element_type=\"container\" data-settings=\"{&quot;animation&quot;:&quot;fadeIn&quot;}\">\n\t\t<div class=\"elementor-element elementor-element-dd8f8d9 e-con-full e-flex e-con e-child\" data-id=\"dd8f8d9\" data-element_type=\"container\" data-settings=\"{&quot;background_background&quot;:&quot;classic&quot;}\">\n\t\t\t\t<\/div>\n\t\t\t\t<\/div>\n\t\t\t\t<\/div>\n\t\t\t\t\t<\/div>\n\t\t\t\t<\/div>\n\t\t\t\t<\/div>","protected":false},"excerpt":{"rendered":"<p>Exp\u00e9riences \u00e0 Ruka - Quatre saisons, pas seulement l'hiver et l'\u00e9t\u00e9<\/p>","protected":false},"author":1,"featured_media":988486,"parent":0,"menu_order":0,"comment_status":"closed","ping_status":"closed","template":"","meta":{"_acf_changed":false,"footnotes":""},"class_list":["post-987873","page","type-page","status-publish","has-post-thumbnail","hentry"],"acf":[],"yoast_head":"<!-- This site is optimized with the Yoast SEO plugin v26.8 - https:\/\/yoast.com\/product\/yoast-seo-wordpress\/ -->\n<title>Experiences - Ruka Ski Chalets<\/title>\n<meta name=\"robots\" content=\"index, follow, max-snippet:-1, max-image-preview:large, max-video-preview:-1\" \/>\n<link rel=\"canonical\" href=\"https:\/\/rukaskichalets.fi\/fr\/experiences\/\" \/>\n<meta property=\"og:locale\" content=\"fr_FR\" \/>\n<meta property=\"og:type\" content=\"article\" \/>\n<meta property=\"og:title\" content=\"Experiences - Ruka Ski Chalets\" \/>\n<meta property=\"og:description\" content=\"Experiences in Ruka \u2013 Four seasons, not just winter and summer\" \/>\n<meta property=\"og:url\" content=\"https:\/\/rukaskichalets.fi\/fr\/experiences\/\" \/>\n<meta property=\"og:site_name\" content=\"Ruka Ski Chalets\" \/>\n<meta property=\"article:publisher\" content=\"https:\/\/www.facebook.com\/RukaSkiChalets\" \/>\n<meta property=\"article:modified_time\" content=\"2026-01-05T10:57:32+00:00\" \/>\n<meta property=\"og:image\" content=\"https:\/\/rukaskichalets.fi\/wp-content\/uploads\/2025\/12\/Ruka-Chalets-kuvitus-maisema-2-scaled.jpg\" \/>\n\t<meta property=\"og:image:width\" content=\"2560\" \/>\n\t<meta property=\"og:image:height\" content=\"1706\" \/>\n\t<meta property=\"og:image:type\" content=\"image\/jpeg\" \/>\n<meta name=\"twitter:card\" content=\"summary_large_image\" \/>\n<meta name=\"twitter:label1\" content=\"Dur\u00e9e de lecture estim\u00e9e\" \/>\n\t<meta name=\"twitter:data1\" content=\"1 minute\" \/>\n<script type=\"application\/ld+json\" class=\"yoast-schema-graph\">{\"@context\":\"https:\/\/schema.org\",\"@graph\":[{\"@type\":\"WebPage\",\"@id\":\"https:\/\/rukaskichalets.fi\/experiences\/\",\"url\":\"https:\/\/rukaskichalets.fi\/experiences\/\",\"name\":\"Experiences - Ruka Ski Chalets\",\"isPartOf\":{\"@id\":\"https:\/\/rukaskichalets.fi\/#website\"},\"primaryImageOfPage\":{\"@id\":\"https:\/\/rukaskichalets.fi\/experiences\/#primaryimage\"},\"image\":{\"@id\":\"https:\/\/rukaskichalets.fi\/experiences\/#primaryimage\"},\"thumbnailUrl\":\"https:\/\/rukaskichalets.fi\/wp-content\/uploads\/2025\/12\/Ruka-Chalets-kuvitus-maisema-2-scaled.jpg\",\"datePublished\":\"2025-11-17T16:14:42+00:00\",\"dateModified\":\"2026-01-05T10:57:32+00:00\",\"breadcrumb\":{\"@id\":\"https:\/\/rukaskichalets.fi\/experiences\/#breadcrumb\"},\"inLanguage\":\"fr-FR\",\"potentialAction\":[{\"@type\":\"ReadAction\",\"target\":[\"https:\/\/rukaskichalets.fi\/experiences\/\"]}]},{\"@type\":\"ImageObject\",\"inLanguage\":\"fr-FR\",\"@id\":\"https:\/\/rukaskichalets.fi\/experiences\/#primaryimage\",\"url\":\"https:\/\/rukaskichalets.fi\/wp-content\/uploads\/2025\/12\/Ruka-Chalets-kuvitus-maisema-2-scaled.jpg\",\"contentUrl\":\"https:\/\/rukaskichalets.fi\/wp-content\/uploads\/2025\/12\/Ruka-Chalets-kuvitus-maisema-2-scaled.jpg\",\"width\":2560,\"height\":1706},{\"@type\":\"BreadcrumbList\",\"@id\":\"https:\/\/rukaskichalets.fi\/experiences\/#breadcrumb\",\"itemListElement\":[{\"@type\":\"ListItem\",\"position\":1,\"name\":\"Home\",\"item\":\"https:\/\/rukaskichalets.fi\/\"},{\"@type\":\"ListItem\",\"position\":2,\"name\":\"Experiences\"}]},{\"@type\":\"WebSite\",\"@id\":\"https:\/\/rukaskichalets.fi\/#website\",\"url\":\"https:\/\/rukaskichalets.fi\/\",\"name\":\"Ruka Ski Chalets\",\"description\":\"\",\"publisher\":{\"@id\":\"https:\/\/rukaskichalets.fi\/#organization\"},\"potentialAction\":[{\"@type\":\"SearchAction\",\"target\":{\"@type\":\"EntryPoint\",\"urlTemplate\":\"https:\/\/rukaskichalets.fi\/?s={search_term_string}\"},\"query-input\":{\"@type\":\"PropertyValueSpecification\",\"valueRequired\":true,\"valueName\":\"search_term_string\"}}],\"inLanguage\":\"fr-FR\"},{\"@type\":\"Organization\",\"@id\":\"https:\/\/rukaskichalets.fi\/#organization\",\"name\":\"Ruka Ski Chalets\",\"url\":\"https:\/\/rukaskichalets.fi\/\",\"logo\":{\"@type\":\"ImageObject\",\"inLanguage\":\"fr-FR\",\"@id\":\"https:\/\/rukaskichalets.fi\/#\/schema\/logo\/image\/\",\"url\":\"https:\/\/rukaskichalets.fi\/wp-content\/uploads\/2025\/08\/ruka_skichalets_logo.webp\",\"contentUrl\":\"https:\/\/rukaskichalets.fi\/wp-content\/uploads\/2025\/08\/ruka_skichalets_logo.webp\",\"width\":300,\"height\":82,\"caption\":\"Ruka Ski Chalets\"},\"image\":{\"@id\":\"https:\/\/rukaskichalets.fi\/#\/schema\/logo\/image\/\"},\"sameAs\":[\"https:\/\/www.facebook.com\/RukaSkiChalets\",\"https:\/\/www.instagram.com\/rukaskichalets\/\"]}]}<\/script>\n<!-- \/ Yoast SEO plugin. -->","yoast_head_json":{"title":"Exp\u00e9riences - Ruka Ski Chalets","robots":{"index":"index","follow":"follow","max-snippet":"max-snippet:-1","max-image-preview":"max-image-preview:large","max-video-preview":"max-video-preview:-1"},"canonical":"https:\/\/rukaskichalets.fi\/fr\/experiences\/","og_locale":"fr_FR","og_type":"article","og_title":"Experiences - Ruka Ski Chalets","og_description":"Experiences in Ruka \u2013 Four seasons, not just winter and summer","og_url":"https:\/\/rukaskichalets.fi\/fr\/experiences\/","og_site_name":"Ruka Ski Chalets","article_publisher":"https:\/\/www.facebook.com\/RukaSkiChalets","article_modified_time":"2026-01-05T10:57:32+00:00","og_image":[{"width":2560,"height":1706,"url":"https:\/\/rukaskichalets.fi\/wp-content\/uploads\/2025\/12\/Ruka-Chalets-kuvitus-maisema-2-scaled.jpg","type":"image\/jpeg"}],"twitter_card":"summary_large_image","twitter_misc":{"Dur\u00e9e de lecture estim\u00e9e":"1 minute"},"schema":{"@context":"https:\/\/schema.org","@graph":[{"@type":"WebPage","@id":"https:\/\/rukaskichalets.fi\/experiences\/","url":"https:\/\/rukaskichalets.fi\/experiences\/","name":"Exp\u00e9riences - Ruka Ski Chalets","isPartOf":{"@id":"https:\/\/rukaskichalets.fi\/#website"},"primaryImageOfPage":{"@id":"https:\/\/rukaskichalets.fi\/experiences\/#primaryimage"},"image":{"@id":"https:\/\/rukaskichalets.fi\/experiences\/#primaryimage"},"thumbnailUrl":"https:\/\/rukaskichalets.fi\/wp-content\/uploads\/2025\/12\/Ruka-Chalets-kuvitus-maisema-2-scaled.jpg","datePublished":"2025-11-17T16:14:42+00:00","dateModified":"2026-01-05T10:57:32+00:00","breadcrumb":{"@id":"https:\/\/rukaskichalets.fi\/experiences\/#breadcrumb"},"inLanguage":"fr-FR","potentialAction":[{"@type":"ReadAction","target":["https:\/\/rukaskichalets.fi\/experiences\/"]}]},{"@type":"ImageObject","inLanguage":"fr-FR","@id":"https:\/\/rukaskichalets.fi\/experiences\/#primaryimage","url":"https:\/\/rukaskichalets.fi\/wp-content\/uploads\/2025\/12\/Ruka-Chalets-kuvitus-maisema-2-scaled.jpg","contentUrl":"https:\/\/rukaskichalets.fi\/wp-content\/uploads\/2025\/12\/Ruka-Chalets-kuvitus-maisema-2-scaled.jpg","width":2560,"height":1706},{"@type":"BreadcrumbList","@id":"https:\/\/rukaskichalets.fi\/experiences\/#breadcrumb","itemListElement":[{"@type":"ListItem","position":1,"name":"Home","item":"https:\/\/rukaskichalets.fi\/"},{"@type":"ListItem","position":2,"name":"Experiences"}]},{"@type":"WebSite","@id":"https:\/\/rukaskichalets.fi\/#website","url":"https:\/\/rukaskichalets.fi\/","name":"Chalets de ski Ruka","description":"","publisher":{"@id":"https:\/\/rukaskichalets.fi\/#organization"},"potentialAction":[{"@type":"SearchAction","target":{"@type":"EntryPoint","urlTemplate":"https:\/\/rukaskichalets.fi\/?s={search_term_string}"},"query-input":{"@type":"PropertyValueSpecification","valueRequired":true,"valueName":"search_term_string"}}],"inLanguage":"fr-FR"},{"@type":"Organization","@id":"https:\/\/rukaskichalets.fi\/#organization","name":"Chalets de ski Ruka","url":"https:\/\/rukaskichalets.fi\/","logo":{"@type":"ImageObject","inLanguage":"fr-FR","@id":"https:\/\/rukaskichalets.fi\/#\/schema\/logo\/image\/","url":"https:\/\/rukaskichalets.fi\/wp-content\/uploads\/2025\/08\/ruka_skichalets_logo.webp","contentUrl":"https:\/\/rukaskichalets.fi\/wp-content\/uploads\/2025\/08\/ruka_skichalets_logo.webp","width":300,"height":82,"caption":"Ruka Ski Chalets"},"image":{"@id":"https:\/\/rukaskichalets.fi\/#\/schema\/logo\/image\/"},"sameAs":["https:\/\/www.facebook.com\/RukaSkiChalets","https:\/\/www.instagram.com\/rukaskichalets\/"]}]}},"_links":{"self":[{"href":"https:\/\/rukaskichalets.fi\/fr\/wp-json\/wp\/v2\/pages\/987873","targetHints":{"allow":["GET"]}}],"collection":[{"href":"https:\/\/rukaskichalets.fi\/fr\/wp-json\/wp\/v2\/pages"}],"about":[{"href":"https:\/\/rukaskichalets.fi\/fr\/wp-json\/wp\/v2\/types\/page"}],"author":[{"embeddable":true,"href":"https:\/\/rukaskichalets.fi\/fr\/wp-json\/wp\/v2\/users\/1"}],"replies":[{"embeddable":true,"href":"https:\/\/rukaskichalets.fi\/fr\/wp-json\/wp\/v2\/comments?post=987873"}],"version-history":[{"count":5,"href":"https:\/\/rukaskichalets.fi\/fr\/wp-json\/wp\/v2\/pages\/987873\/revisions"}],"predecessor-version":[{"id":988992,"href":"https:\/\/rukaskichalets.fi\/fr\/wp-json\/wp\/v2\/pages\/987873\/revisions\/988992"}],"wp:featuredmedia":[{"embeddable":true,"href":"https:\/\/rukaskichalets.fi\/fr\/wp-json\/wp\/v2\/media\/988486"}],"wp:attachment":[{"href":"https:\/\/rukaskichalets.fi\/fr\/wp-json\/wp\/v2\/media?parent=987873"}],"curies":[{"name":"wp","href":"https:\/\/api.w.org\/{rel}","templated":true}]}}